{"id":1329,"date":"2024-11-07T16:04:42","date_gmt":"2024-11-07T16:04:42","guid":{"rendered":"https:\/\/gambling-problems-sympo.ch\/?page_id=1329"},"modified":"2025-01-19T07:48:13","modified_gmt":"2025-01-19T07:48:13","slug":"hotels","status":"publish","type":"page","link":"https:\/\/gambling-problems-sympo.ch\/de\/hotels\/","title":{"rendered":"Hotels"},"content":{"rendered":"<div class=\"vce-row-container\" data-vce-boxed-width=\"true\"><div class=\"vce-row vce-row--col-gap-30 vce-row-equal-height vce-row-content--top\" id=\"el-ebfddead\" data-vce-do-apply=\"all el-ebfddead\"><div class=\"vce-row-content\" data-vce-element-content=\"true\"><div class=\"vce-col vce-col--md-auto vce-col--xs-1 vce-col--xs-last vce-col--xs-first vce-col--sm-last vce-col--sm-first vce-col--md-last vce-col--lg-last vce-col--xl-last vce-col--md-first vce-col--lg-first vce-col--xl-first\" id=\"el-6223c444\"><div class=\"vce-col-inner\" data-vce-do-apply=\"border margin background  el-6223c444\"><div class=\"vce-col-content\" data-vce-element-content=\"true\" data-vce-do-apply=\"padding el-6223c444\"><div class=\"vce-row-container\"><div class=\"vce-row vce-element--has-background vce-row--col-gap-30 banner vce-row-equal-height vce-row-content--top\" data-vce-full-width=\"true\" id=\"el-3ccd32fc\" data-vce-do-apply=\"all el-3ccd32fc\"><div class=\"vce-content-background-container\"><div class=\"vce-asset-background-simple-container vce-visible-all-only vce-asset-background-simple--style-cover vce-asset-background-simple--position-left-bottom\"><div class=\"vce-asset-background-simple\">\n              <div class=\"vce-asset-background-simple-item vcv-lozad\" data-background-image=\"https:\/\/gambling-problems-sympo.ch\/wp-content\/uploads\/2024\/10\/image_sympo_copie_MaudeRion_small-scaled.jpg\"><\/div>\n              <noscript>\n                <div class=\"vce-asset-background-simple-item\" style=\"background-image: url(https:\/\/gambling-problems-sympo.ch\/wp-content\/uploads\/2024\/10\/image_sympo_copie_MaudeRion_small-scaled.jpg)\"><\/div>\n              <\/noscript>\n            <\/div><\/div><\/div><div class=\"vce-row-content\" data-vce-element-content=\"true\"><div class=\"vce-col vce-col--md-auto vce-col--xs-1 vce-col--xs-last vce-col--xs-first vce-col--sm-last vce-col--sm-first vce-col--md-last vce-col--lg-last vce-col--xl-last vce-col--md-first vce-col--lg-first vce-col--xl-first\" id=\"el-ddbfb32f\"><div class=\"vce-col-inner\" data-vce-do-apply=\"border margin background  el-ddbfb32f\"><div class=\"vce-col-content\" data-vce-element-content=\"true\" data-vce-do-apply=\"padding el-ddbfb32f\"><div><\/div><\/div><\/div><\/div><\/div><\/div><\/div><\/div><\/div><\/div><\/div><\/div><\/div><div class=\"vce-row-container\" data-vce-boxed-width=\"true\"><div class=\"vce-row vce-row--col-gap-30 vce-row-equal-height vce-row-content--top\" id=\"el-6e9f863d\" data-vce-do-apply=\"all el-6e9f863d\"><div class=\"vce-row-content\" data-vce-element-content=\"true\"><div class=\"vce-col vce-col--md-auto vce-col--xs-1 vce-col--xs-last vce-col--xs-first vce-col--sm-last vce-col--sm-first vce-col--md-last vce-col--lg-last vce-col--xl-last vce-col--md-first vce-col--lg-first vce-col--xl-first\" id=\"el-0c449486\"><div class=\"vce-col-inner\" data-vce-do-apply=\"border margin background  el-0c449486\"><div class=\"vce-col-content\" data-vce-element-content=\"true\" data-vce-do-apply=\"padding el-0c449486\"><div><\/div><\/div><\/div><\/div><\/div><\/div><\/div><div class=\"vce-row-container\" data-vce-boxed-width=\"true\"><div class=\"vce-row vce-row--col-gap-30 vce-row-equal-height vce-row-content--top\" id=\"el-b5fd2801\" data-vce-do-apply=\"all el-b5fd2801\"><div class=\"vce-row-content\" data-vce-element-content=\"true\"><div class=\"vce-col vce-col--md-auto vce-col--xs-1 vce-col--xs-last vce-col--xs-first vce-col--sm-last vce-col--sm-first vce-col--md-last vce-col--lg-last vce-col--xl-last vce-col--md-first vce-col--lg-first vce-col--xl-first\" id=\"el-ade23580\"><div class=\"vce-col-inner\" data-vce-do-apply=\"border margin background  el-ade23580\"><div class=\"vce-col-content\" data-vce-element-content=\"true\" data-vce-do-apply=\"padding el-ade23580\"><div class=\"vce-text-block\"><div class=\"vce-text-block-wrapper vce\" id=\"el-f75fab0c\" data-vce-do-apply=\"all el-f75fab0c\"><p>&nbsp;<\/p>\n<p><span style=\"font-family: Figtree; font-size: 36pt; font-weight: 900; font-style: normal;\">Hotels<\/span><\/p>\n<p>&nbsp;<\/p>\n<p><span style=\"font-size: 14pt; font-family: Figtree;\">Der Caux Palace, in dem das Symposium stattfindet, verf\u00fcgt \u00fcber etwa 200 Zimmer. Aufgrund der begrenzten Zimmerkapazit\u00e4t erfolgt <strong>die Reservierung ausschliesslich \u00fcber das Anmeldeformular zum Symposium.<\/strong><\/span><\/p>\n<p>&nbsp;<\/p>\n<p><span style=\"font-size: 14pt; font-family: Figtree;\">In der N\u00e4he des Konferenzorts stehen verschiedene Unterkunftsm\u00f6glichkeiten zur Verf\u00fcgung. Alle relevanten Informationen finden Sie im folgenden Dokument:<\/span><\/p><\/div><\/div><\/div><\/div><\/div><\/div><\/div><\/div><div class=\"vce-row-container\" data-vce-boxed-width=\"true\"><div class=\"vce-row vce-row--col-gap-30 vce-row-equal-height vce-row-content--top\" id=\"el-65b9c2f0\" data-vce-do-apply=\"all el-65b9c2f0\"><div class=\"vce-row-content\" data-vce-element-content=\"true\"><div class=\"vce-col vce-col--md-auto vce-col--xs-1 vce-col--xs-last vce-col--xs-first vce-col--sm-last vce-col--sm-first vce-col--md-last vce-col--lg-last vce-col--xl-last vce-col--md-first vce-col--lg-first vce-col--xl-first\" id=\"el-7e2cfc75\"><div class=\"vce-col-inner\" data-vce-do-apply=\"border margin background  el-7e2cfc75\"><div class=\"vce-col-content\" data-vce-element-content=\"true\" data-vce-do-apply=\"padding el-7e2cfc75\"><div class=\"vce-text-block\"><div class=\"vce-text-block-wrapper vce\" id=\"el-460b0ca5\" data-vce-do-apply=\"all el-460b0ca5\"><p>&nbsp;<\/p>\n<p><a href=\"https:\/\/gambling-problems-sympo.ch\/wp-content\/uploads\/2024\/11\/Hotels_JHA25_DE-1.pdf\" target=\"_blank\" rel=\"noopener\"><img loading=\"lazy\" decoding=\"async\" class=\"alignnone wp-image-1484\" src=\"https:\/\/gambling-problems-sympo.ch\/wp-content\/uploads\/2024\/11\/Bouton_hotels_DE-1-1024x250.jpg\" alt=\"\" width=\"500\" height=\"122\" srcset=\"https:\/\/gambling-problems-sympo.ch\/wp-content\/uploads\/2024\/11\/Bouton_hotels_DE-1-1024x250.jpg 1024w, https:\/\/gambling-problems-sympo.ch\/wp-content\/uploads\/2024\/11\/Bouton_hotels_DE-1-300x73.jpg 300w, https:\/\/gambling-problems-sympo.ch\/wp-content\/uploads\/2024\/11\/Bouton_hotels_DE-1-768x187.jpg 768w, https:\/\/gambling-problems-sympo.ch\/wp-content\/uploads\/2024\/11\/Bouton_hotels_DE-1-320x78.jpg 320w, https:\/\/gambling-problems-sympo.ch\/wp-content\/uploads\/2024\/11\/Bouton_hotels_DE-1-480x117.jpg 480w, https:\/\/gambling-problems-sympo.ch\/wp-content\/uploads\/2024\/11\/Bouton_hotels_DE-1-800x195.jpg 800w, https:\/\/gambling-problems-sympo.ch\/wp-content\/uploads\/2024\/11\/Bouton_hotels_DE-1-1320x322.jpg 1320w, https:\/\/gambling-problems-sympo.ch\/wp-content\/uploads\/2024\/11\/Bouton_hotels_DE-1.jpg 1435w\" sizes=\"auto, (max-width: 500px) 100vw, 500px\" \/><\/a><\/p><\/div><\/div><\/div><\/div><\/div><\/div><\/div><\/div>","protected":false},"excerpt":{"rendered":"<p>&nbsp; Hotels &nbsp; Der Caux Palace, in dem das Symposium stattfindet, verf\u00fcgt \u00fcber etwa 200 Zimmer. Aufgrund der begrenzten Zimmerkapazit\u00e4t erfolgt die Reservierung ausschliesslich \u00fcber das Anmeldeformular zum Symposium. &nbsp; In der N\u00e4he des Konferenzorts stehen verschiedene Unterkunftsm\u00f6glichkeiten zur Verf\u00fcgung. Alle relevanten Informationen finden Sie im folgenden Dokument:&nbsp;<\/p>\n","protected":false},"author":2,"featured_media":0,"parent":0,"menu_order":0,"comment_status":"closed","ping_status":"closed","template":"","meta":{"footnotes":""},"class_list":["post-1329","page","type-page","status-publish","hentry"],"_links":{"self":[{"href":"https:\/\/gambling-problems-sympo.ch\/de\/wp-json\/wp\/v2\/pages\/1329","targetHints":{"allow":["GET"]}}],"collection":[{"href":"https:\/\/gambling-problems-sympo.ch\/de\/wp-json\/wp\/v2\/pages"}],"about":[{"href":"https:\/\/gambling-problems-sympo.ch\/de\/wp-json\/wp\/v2\/types\/page"}],"author":[{"embeddable":true,"href":"https:\/\/gambling-problems-sympo.ch\/de\/wp-json\/wp\/v2\/users\/2"}],"replies":[{"embeddable":true,"href":"https:\/\/gambling-problems-sympo.ch\/de\/wp-json\/wp\/v2\/comments?post=1329"}],"version-history":[{"count":21,"href":"https:\/\/gambling-problems-sympo.ch\/de\/wp-json\/wp\/v2\/pages\/1329\/revisions"}],"predecessor-version":[{"id":2438,"href":"https:\/\/gambling-problems-sympo.ch\/de\/wp-json\/wp\/v2\/pages\/1329\/revisions\/2438"}],"wp:attachment":[{"href":"https:\/\/gambling-problems-sympo.ch\/de\/wp-json\/wp\/v2\/media?parent=1329"}],"curies":[{"name":"wp","href":"https:\/\/api.w.org\/{rel}","templated":true}]}}