{"id":2497,"date":"2024-06-18T06:28:49","date_gmt":"2024-06-18T06:28:49","guid":{"rendered":"https:\/\/gambling-problems-sympo.ch\/?page_id=2497"},"modified":"2025-12-04T15:52:06","modified_gmt":"2025-12-04T15:52:06","slug":"home-page","status":"publish","type":"page","link":"https:\/\/gambling-problems-sympo.ch\/de\/","title":{"rendered":"Home Page"},"content":{"rendered":"<div class=\"vce-row-container\"><div class=\"vce-row vce-element--has-background vce-row--col-gap-30 vce-row-content--top\" data-vce-full-width=\"true\" id=\"el-214c7b92\" data-vce-do-apply=\"all el-214c7b92\"><div class=\"vce-content-background-container\"><div class=\"vce-asset-background-simple-container vce-visible-all-only vce-asset-background-simple--style-cover vce-asset-background-simple--position-left-bottom\"><div class=\"vce-asset-background-simple\">\n              <div class=\"vce-asset-background-simple-item vcv-lozad\" data-background-image=\"https:\/\/gambling-problems-sympo.ch\/wp-content\/uploads\/2024\/12\/image_sympo_copie_MaudeRion_small_lumineux-scaled.jpg\"><\/div>\n              <noscript>\n                <div class=\"vce-asset-background-simple-item\" style=\"background-image: url(https:\/\/gambling-problems-sympo.ch\/wp-content\/uploads\/2024\/12\/image_sympo_copie_MaudeRion_small_lumineux-scaled.jpg)\"><\/div>\n              <\/noscript>\n            <\/div><\/div><\/div><div class=\"vce-row-content\" data-vce-element-content=\"true\"><div class=\"vce-col vce-col--md-auto vce-col--xs-1 vce-col--xs-last vce-col--xs-first vce-col--sm-last vce-col--sm-first vce-col--md-last vce-col--lg-last vce-col--xl-last vce-col--md-first vce-col--lg-first vce-col--xl-first\" id=\"el-178e0432\"><div class=\"vce-col-inner\" data-vce-do-apply=\"border margin background  el-178e0432\"><div class=\"vce-col-content\" data-vce-element-content=\"true\" data-vce-do-apply=\"padding el-178e0432\"><div class=\"vce-text-block\"><div class=\"vce-text-block-wrapper vce\" id=\"el-36536a3d\" data-vce-do-apply=\"all el-36536a3d\"><p style=\"line-height: 1; text-align: center;\"><span style=\"color: #2e4e66;\"><span style=\"font-family: Figtree; font-weight: 900; font-style: normal; font-size: 36pt;\">PR\u00c4VENTION UND BEHANDLUNG VON <\/span><span style=\"font-family: Figtree; font-weight: 900; font-style: normal; font-size: 36pt;\">EXZESSIVEM GELDSPIEL IN EINER DIGITALISIERTEN WELT<\/span><\/span><\/p><p style=\"text-align: center; line-height: 1;\"><span style=\"font-family: Figtree; color: #2e4e66; font-weight: 900; font-style: normal; font-size: 18pt;\"><strong>5. Internationales interdisziplin\u00e4res Symposium<\/strong><\/span><\/p><p>&nbsp;<\/p><p style=\"text-align: center;\"><span style=\"font-size: 36pt; font-family: Figtree; font-weight: 900; font-style: normal; color: #ffffff;\">18. bis 20. Juni 2025<\/span><\/p><p style=\"text-align: center;\"><span style=\"font-size: 18pt; font-family: Figtree; font-weight: 900; font-style: normal; color: #ffffff;\">Caux \u2022 Montreux<\/span><\/p><\/div><\/div><\/div><\/div><\/div><\/div><\/div><\/div><div class=\"vce-row-container\" data-vce-boxed-width=\"true\"><div class=\"vce-row vce-row--col-gap-30 blockhome vce-row-equal-height vce-row-content--top\" id=\"el-2d64d486\" data-vce-do-apply=\"all el-2d64d486\"><div class=\"vce-content-background-container\"><\/div><div class=\"vce-row-content\" data-vce-element-content=\"true\"><div class=\"vce-col vce-col--md-auto vce-col--xs-1 vce-col--xs-last vce-col--xs-first vce-col--sm-last vce-col--sm-first vce-col--md-first vce-col--lg-first vce-col--xl-first\" id=\"el-e83e19b5\"><div class=\"vce-col-inner\" data-vce-do-apply=\"border margin background  el-e83e19b5\"><div class=\"vce-col-content\" data-vce-element-content=\"true\" data-vce-do-apply=\"padding el-e83e19b5\"><div class=\"vce-text-block\"><div class=\"vce-text-block-wrapper vce\" id=\"el-365541fe\" data-vce-do-apply=\"all el-365541fe\"><div class=\"page\" title=\"Page 2\"><div class=\"section\"><div class=\"layoutArea\"><div class=\"column\"><p><strong><a href=\"https:\/\/gambling-problems-sympo.ch\/de\/call-for-abstracts\/\">Call for abstracts<\/a><\/strong><\/p><\/div><\/div><\/div><\/div><\/div><\/div><div class=\"vce-single-image-container vce-single-image--align-left\"><div class=\"vce vce-single-image-wrapper\" id=\"el-52089b91\" data-vce-do-apply=\"all el-52089b91\"><figure><div class=\"vce-single-image-figure-inner\" style=\"width: 1024px;\"><div class=\"vce-single-image-inner vce-single-image--absolute\" style=\"width: 100%; padding-bottom: 39.1602%;\"><img loading=\"lazy\" decoding=\"async\" class=\"vce-single-image\"  width=\"1024\" height=\"401\" srcset=\"https:\/\/gambling-problems-sympo.ch\/wp-content\/uploads\/2024\/11\/submit_recadre-1024x401.jpg 1024w, https:\/\/gambling-problems-sympo.ch\/wp-content\/uploads\/2024\/11\/submit_recadre-2048x802.jpg 2x, https:\/\/gambling-problems-sympo.ch\/wp-content\/uploads\/2024\/11\/submit_recadre-320x125.jpg 320w, https:\/\/gambling-problems-sympo.ch\/wp-content\/uploads\/2024\/11\/submit_recadre-480x188.jpg 480w, https:\/\/gambling-problems-sympo.ch\/wp-content\/uploads\/2024\/11\/submit_recadre-800x313.jpg 800w\" src=\"https:\/\/gambling-problems-sympo.ch\/wp-content\/uploads\/2024\/11\/submit_recadre-1024x401.jpg\" data-img-src=\"https:\/\/gambling-problems-sympo.ch\/wp-content\/uploads\/2024\/11\/submit_recadre-scaled.jpg\" data-attachment-id=\"1816\"  alt=\"\" title=\"submit\" \/><\/div><\/div><figcaption hidden=\"\"><\/figcaption><\/figure><\/div><\/div><div class=\"vce-text-block\"><div class=\"vce-text-block-wrapper vce\" id=\"el-653c475d\" data-vce-do-apply=\"all el-653c475d\"><p style=\"text-align: center;\"><span style=\"font-family: Figtree; font-size: 12pt;\"><a href=\"https:\/\/gambling-problems-sympo.ch\/de\/type-of-presentations\/\">Pr\u00e4sentationsformate \/ Guidelines \/ Abgabefrist<\/a> <\/span><\/p><\/div><\/div><div class=\"vce vce-separator-container vce-separator--align-center vce-separator--style-solid\" id=\"el-60304031\" data-vce-do-apply=\"margin el-60304031\"><div class=\"vce-separator vce-separator--color-bfc0c1 vce-separator--width-60 vce-separator--thickness-1\" data-vce-do-apply=\"border padding background  el-60304031\"><\/div><\/div><\/div><\/div><\/div><div class=\"vce-col vce-col--md-auto vce-col--xs-1 vce-col--xs-last vce-col--xs-first vce-col--sm-last vce-col--sm-first\" id=\"el-e86b88d6\"><div class=\"vce-col-inner\" data-vce-do-apply=\"border margin background  el-e86b88d6\"><div class=\"vce-col-content\" data-vce-element-content=\"true\" data-vce-do-apply=\"padding el-e86b88d6\"><div class=\"vce-text-block\"><div class=\"vce-text-block-wrapper vce\" id=\"el-c0de6fc9\" data-vce-do-apply=\"all el-c0de6fc9\"><p><strong><a href=\"https:\/\/gambling-problems-sympo.ch\/fr\/newsletter\/\"><span style=\"font-family: Figtree; font-weight: 900; font-style: normal; font-size: 14pt;\">News!<\/span><\/a><\/strong><\/p><\/div><\/div><div class=\"vce-single-image-container vce-single-image--align-left\"><div class=\"vce vce-single-image-wrapper\" id=\"el-0e9a7075\" data-vce-do-apply=\"all el-0e9a7075\"><figure><div class=\"vce-single-image-figure-inner\" style=\"width: 1024px;\"><div class=\"vce-single-image-inner vce-single-image--absolute\" style=\"width: 100%; padding-bottom: 39.3555%;\"><img loading=\"lazy\" decoding=\"async\" class=\"vce-single-image\"  width=\"1024\" height=\"403\" srcset=\"https:\/\/gambling-problems-sympo.ch\/wp-content\/uploads\/2024\/11\/learn_more_recadre-1-1024x403.jpg 1024w, https:\/\/gambling-problems-sympo.ch\/wp-content\/uploads\/2024\/11\/learn_more_recadre-1-2048x807.jpg 2x, https:\/\/gambling-problems-sympo.ch\/wp-content\/uploads\/2024\/11\/learn_more_recadre-1-320x126.jpg 320w, https:\/\/gambling-problems-sympo.ch\/wp-content\/uploads\/2024\/11\/learn_more_recadre-1-480x189.jpg 480w, https:\/\/gambling-problems-sympo.ch\/wp-content\/uploads\/2024\/11\/learn_more_recadre-1-800x315.jpg 800w\" src=\"https:\/\/gambling-problems-sympo.ch\/wp-content\/uploads\/2024\/11\/learn_more_recadre-1-1024x403.jpg\" data-img-src=\"https:\/\/gambling-problems-sympo.ch\/wp-content\/uploads\/2024\/11\/learn_more_recadre-1-scaled.jpg\" data-attachment-id=\"1843\"  alt=\"\" title=\"\" \/><\/div><\/div><figcaption hidden=\"\"><\/figcaption><\/figure><\/div><\/div><div class=\"vce-text-block\"><div class=\"vce-text-block-wrapper vce\" id=\"el-9a6e6de0\" data-vce-do-apply=\"all el-9a6e6de0\"><p style=\"text-align: center;\"><span style=\"font-family: Figtree; font-size: 12pt; color: #72a8a2;\"><a style=\"color: #72a8a2;\" href=\"https:\/\/gambling-problems-sympo.ch\/fr\/newsletter\/\"><strong>Lesen Sie unseren Newsletter!<\/strong><\/a><\/span><\/p><\/div><\/div><div class=\"vce vce-separator-container vce-separator--align-center vce-separator--style-solid\" id=\"el-7b5e1744\" data-vce-do-apply=\"margin el-7b5e1744\"><div class=\"vce-separator vce-separator--color-bfc0c1 vce-separator--width-60 vce-separator--thickness-1\" data-vce-do-apply=\"border padding background  el-7b5e1744\"><\/div><\/div><\/div><\/div><\/div><div class=\"vce-col vce-col--md-auto vce-col--xs-1 vce-col--xs-last vce-col--xs-first vce-col--sm-last vce-col--sm-first vce-col--md-last vce-col--lg-last vce-col--xl-last\" id=\"el-a1bad040\"><div class=\"vce-col-inner\" data-vce-do-apply=\"border margin background  el-a1bad040\"><div class=\"vce-col-content\" data-vce-element-content=\"true\" data-vce-do-apply=\"padding el-a1bad040\"><div class=\"vce-text-block\"><div class=\"vce-text-block-wrapper vce\" id=\"el-b4860136\" data-vce-do-apply=\"all el-b4860136\"><p><span style=\"font-family: Figtree; font-size: 14pt; font-weight: 900; font-style: normal;\"><strong>Kontaktieren Sie uns!<\/strong><\/span><\/p><\/div><\/div><div class=\"vce-single-image-container vce-single-image--align-left\"><div class=\"vce vce-single-image-wrapper\" id=\"el-f65c4b95\" data-vce-do-apply=\"all el-f65c4b95\"><figure><div class=\"vce-single-image-figure-inner\" style=\"width: 1024px;\"><div class=\"vce-single-image-inner vce-single-image--absolute\" style=\"width: 100%; padding-bottom: 39.9414%;\"><img loading=\"lazy\" decoding=\"async\" class=\"vce-single-image\"  width=\"1024\" height=\"409\" srcset=\"https:\/\/gambling-problems-sympo.ch\/wp-content\/uploads\/2024\/11\/contacts_us_recadre-4-1024x409.jpg 1024w, https:\/\/gambling-problems-sympo.ch\/wp-content\/uploads\/2024\/11\/contacts_us_recadre-4-2048x819.jpg 2x, https:\/\/gambling-problems-sympo.ch\/wp-content\/uploads\/2024\/11\/contacts_us_recadre-4-320x128.jpg 320w, https:\/\/gambling-problems-sympo.ch\/wp-content\/uploads\/2024\/11\/contacts_us_recadre-4-480x192.jpg 480w, https:\/\/gambling-problems-sympo.ch\/wp-content\/uploads\/2024\/11\/contacts_us_recadre-4-800x320.jpg 800w\" src=\"https:\/\/gambling-problems-sympo.ch\/wp-content\/uploads\/2024\/11\/contacts_us_recadre-4-1024x409.jpg\" data-img-src=\"https:\/\/gambling-problems-sympo.ch\/wp-content\/uploads\/2024\/11\/contacts_us_recadre-4-scaled.jpg\" data-attachment-id=\"1834\"  alt=\"\" title=\"\" \/><\/div><\/div><figcaption hidden=\"\"><\/figcaption><\/figure><\/div><\/div><div class=\"vce-text-block\"><div class=\"vce-text-block-wrapper vce\" id=\"el-f1d5bf4a\" data-vce-do-apply=\"all el-f1d5bf4a\"><p style=\"text-align: center;\"><span style=\"font-size: 12pt; font-family: Figtree;\"><a href=\"mailto:ingrid.vogel@chuv.ch\">ingrid.vogel@chuv.ch<\/a>&nbsp; \/ +41 21 314 92 07<\/span><\/p><\/div><\/div><div class=\"vce vce-separator-container vce-separator--align-center vce-separator--style-solid\" id=\"el-556f8442\" data-vce-do-apply=\"margin el-556f8442\"><div class=\"vce-separator vce-separator--color-bfc0c1 vce-separator--width-60 vce-separator--thickness-1\" data-vce-do-apply=\"border padding background  el-556f8442\"><\/div><\/div><\/div><\/div><\/div><\/div><\/div><\/div><div class=\"vce-row-container\" data-vce-boxed-width=\"true\"><div class=\"vce-row vce-row--has-col-background vce-row--col-gap-30 blue_bg vce-row-equal-height vce-row-content--bottom\" id=\"el-45039699\" data-vce-do-apply=\"all el-45039699\"><div class=\"vce-row-content\" data-vce-element-content=\"true\"><div class=\"vce-col vce-element--has-background vce-col--md-auto vce-col--xs-1 vce-col--xs-last vce-col--xs-first vce-col--sm-last vce-col--sm-first vce-col--md-first vce-col--lg-first vce-col--xl-first\" id=\"el-f4a572aa\"><div class=\"vce-col-inner\" data-vce-do-apply=\"border margin background  el-f4a572aa\"><div class=\"vce-content-background-container\"><\/div><div class=\"vce-col-content\" data-vce-element-content=\"true\" data-vce-do-apply=\"padding el-f4a572aa\"><div class=\"vce-text-block\"><div class=\"vce-text-block-wrapper vce\" id=\"el-dfc08c61\" data-vce-do-apply=\"all el-dfc08c61\"><div class=\"page\" title=\"Page 2\"><div class=\"section\"><div class=\"layoutArea\"><div class=\"column\"><p><span style=\"color: #ffffff; font-family: Figtree; font-weight: 900; font-style: normal; font-size: 36pt;\">Willkommen<\/span><\/p><p><span style=\"color: #ffffff; font-family: Figtree; font-size: 16pt;\"><strong>zum 5. Internationalen interdisziplin\u00e4ren Symposium!<\/strong><\/span><\/p><hr><\/div><\/div><\/div><\/div><\/div><\/div><div class=\"vce-text-block\"><div class=\"vce-text-block-wrapper vce\" id=\"el-949d9641\" data-vce-do-apply=\"all el-949d9641\"><div class=\"page\" title=\"Page 2\"><div class=\"section\"><div class=\"layoutArea\"><div class=\"column\"><span style=\"font-family: Figtree; font-size: 14pt; color: #ffffff;\">Das Symposium kn\u00fcpft an fr\u00fchere Veranstaltungen an, darunter an die Symposien \u00abExzessives Spielen: Von der Gesetzgebung zur Aktion\u00bb (2005) und \u00abSpielsucht: Pr\u00e4vention in einer abh\u00e4ngigen Gesellschaft\u00bb (2008), die an der Universit\u00e4t Lausanne stattfanden sowie an das Symposium \u00abGeldspielsucht: Pr\u00e4vention und Schadenminderung\u00bb (2014) in Neuenburg und an das Symposium an \u00abPr\u00e4vention gegen Geldspielsucht: Evidenz und aktuelle Herausforderungen f\u00fcr Wissenschaft und Praxis\u00bb (2018) an der Universit\u00e4t Freiburg.<\/span><\/div><div>&nbsp;<\/div><div class=\"column\"><span style=\"font-family: Figtree; font-size: 14pt; color: #ffffff;\">Die 5. Ausgabe des Symposiums wird sich mit den Auswirkungen neuer Informations- und Kommunikationstechnologien auf die Pr\u00e4vention, Forschung und Behandlung von exzessivem Geldspiel befassen, wobei das Recht auf Gesundheit als Leitprinzip dient.<\/span><\/div><\/div><\/div><\/div><\/div><\/div><\/div><\/div><\/div><div class=\"vce-col vce-col--md-auto vce-col--xs-1 vce-col--xs-last vce-col--xs-first vce-col--sm-last vce-col--sm-first vce-col--md-last vce-col--lg-last vce-col--xl-last\" id=\"el-cdbc4e01\"><div class=\"vce-col-inner\" data-vce-do-apply=\"border margin background  el-cdbc4e01\"><div class=\"vce-col-content\" data-vce-element-content=\"true\" data-vce-do-apply=\"padding el-cdbc4e01\"><div class=\"vce-text-block\"><div class=\"vce-text-block-wrapper vce\" id=\"el-18ca7364\" data-vce-do-apply=\"all el-18ca7364\"><p><span style=\"font-family: Figtree; font-size: 14pt; color: #ffffff;\">Das Zielpublikum umfasst Fachpersonen aus dem Sozial- und Gesundheitswesen, Fachpersonen aus den Bereichen Recht und Wirtschaft, Politische Entscheidungstr\u00e4ger:innen, Fachpersonen aus dem Pr\u00e4ventionsbereich, Fachpersonen aus dem klinischen Bereich sowie Forschende aus dem Bereich der Verhaltenss\u00fcchte.<\/span><\/p><p><span style=\"font-family: Figtree; font-size: 14pt; color: #ffffff;\">Das Symposium bietet eine breite Palette an Veranstaltungen, darunter Plenarvortr\u00e4ge, parallele Vortr\u00e4ge, Workshops, Rundtischgespr\u00e4che, Posterpr\u00e4sentationen mit begleitenden Vortr\u00e4gen und Ausstellungen. Die Vortr\u00e4ge werden in den vier Konferenzsprachen Franz\u00f6sisch, Deutsch, Italienisch und Englisch gehalten, wobei die Plenarvortr\u00e4ge simultan \u00fcbersetzt werden. Zus\u00e4tzlich bieten soziale Veranstaltungen an den Abenden eine informelle Atmosph\u00e4re f\u00fcr den Austausch und die Pflege des Netzwerkes.<\/span><\/p><p>&nbsp;<\/p><\/div><\/div><\/div><\/div><\/div><\/div><\/div><\/div><div class=\"vce-row-container\" data-vce-boxed-width=\"true\"><div class=\"vce-row vce-row--col-gap-30 vce-row-equal-height vce-row-content--top\" id=\"el-30b7841c\" data-vce-do-apply=\"all el-30b7841c\"><div class=\"vce-row-content\" data-vce-element-content=\"true\"><div class=\"vce-col vce-col--md-auto vce-col--xs-1 vce-col--xs-last vce-col--xs-first vce-col--sm-last vce-col--sm-first vce-col--md-last vce-col--lg-last vce-col--xl-last vce-col--md-first vce-col--lg-first vce-col--xl-first\" id=\"el-6ee6e5c7\"><div class=\"vce-col-inner\" data-vce-do-apply=\"border margin background  el-6ee6e5c7\"><div class=\"vce-col-content\" data-vce-element-content=\"true\" data-vce-do-apply=\"padding el-6ee6e5c7\"><div class=\"vce-text-block\"><div class=\"vce-text-block-wrapper vce\" id=\"el-8c0c685e\" data-vce-do-apply=\"all el-8c0c685e\"><p>&nbsp;<\/p><p style=\"text-align: center;\"><strong><a href=\"https:\/\/gambling-problems-sympo.ch\/wp-content\/uploads\/2025\/12\/2025_AbstractBook_JHA.pdf\" target=\"_blank\" rel=\"noopener\"><span style=\"font-size: 16pt;\">Laden Sie das Abstract Book herunter!<\/span><\/a><\/strong><\/p><p><a href=\"https:\/\/gambling-problems-sympo.ch\/wp-content\/uploads\/2025\/12\/2025_AbstractBook_JHA.pdf\" target=\"_blank\" rel=\"noopener\"><img loading=\"lazy\" decoding=\"async\" class=\"aligncenter wp-image-2879 size-medium\" src=\"https:\/\/gambling-problems-sympo.ch\/wp-content\/uploads\/2025\/06\/Image_prog_D-212x300.png\" alt=\"\" width=\"212\" height=\"300\" srcset=\"https:\/\/gambling-problems-sympo.ch\/wp-content\/uploads\/2025\/06\/Image_prog_D-212x300.png 212w, https:\/\/gambling-problems-sympo.ch\/wp-content\/uploads\/2025\/06\/Image_prog_D-722x1024.png 722w, https:\/\/gambling-problems-sympo.ch\/wp-content\/uploads\/2025\/06\/Image_prog_D-768x1089.png 768w, https:\/\/gambling-problems-sympo.ch\/wp-content\/uploads\/2025\/06\/Image_prog_D-320x454.png 320w, https:\/\/gambling-problems-sympo.ch\/wp-content\/uploads\/2025\/06\/Image_prog_D-480x681.png 480w, https:\/\/gambling-problems-sympo.ch\/wp-content\/uploads\/2025\/06\/Image_prog_D.png 770w\" sizes=\"auto, (max-width: 212px) 100vw, 212px\" \/><\/a><\/p><\/div><\/div><div class=\"vce vce-separator-container vce-separator--align-center vce-separator--style-solid\" id=\"el-70e618af\" data-vce-do-apply=\"margin el-70e618af\"><div class=\"vce-separator vce-separator--color-bfc0c1 vce-separator--width-60 vce-separator--thickness-1\" data-vce-do-apply=\"border padding background  el-70e618af\"><\/div><\/div><div class=\"vce-text-block blockhome \"><div class=\"vce-text-block-wrapper vce\" id=\"el-6729a596\" data-vce-do-apply=\"all el-6729a596\"><div class=\"page\" title=\"Page 2\"><div class=\"section\"><div class=\"layoutArea\"><div class=\"column\"><p style=\"text-align: center;\">DIESES SYMPOSIUM WIRD AUSSCHLIESSLICH AUS \u00d6FFENTLICHEN UND AKADEMISCHEN MITTELN FINANZIERT.<\/p><\/div><\/div><\/div><\/div><\/div><\/div><div class=\"vce-single-image-container vce-single-image--align-center\"><div class=\"vce vce-single-image-wrapper\" id=\"el-bf510a61\" data-vce-do-apply=\"all el-bf510a61\"><figure><div class=\"vce-single-image-figure-inner\" style=\"width: 891px;\"><div class=\"vce-single-image-inner vce-single-image--absolute\" style=\"width: 100%; padding-bottom: 30.9764%;\"><img decoding=\"async\" class=\"vce-single-image\" src=\"https:\/\/gambling-problems-sympo.ch\/wp-content\/uploads\/2024\/10\/partenaires.png\" data-img-src=\"https:\/\/gambling-problems-sympo.ch\/wp-content\/uploads\/2024\/10\/partenaires.png\" data-attachment-id=\"852\" alt=\"\" title=\"partenaires\"><\/div><\/div><figcaption hidden=\"\"><\/figcaption><\/figure><\/div><\/div><\/div><\/div><\/div><\/div><\/div><\/div>\n","protected":false},"excerpt":{"rendered":"<p>PR\u00c4VENTION UND BEHANDLUNG VON EXZESSIVEM GELDSPIEL IN EINER DIGITALISIERTEN WELT5. Internationales interdisziplin\u00e4res Symposium&nbsp;18. bis 20. Juni 2025Caux \u2022 MontreuxCall for abstractsPr\u00e4sentationsformate \/ Guidelines \/ Abgabefrist News!Lesen Sie unseren Newsletter!Kontaktieren Sie uns!ingrid.vogel@chuv.ch&nbsp; \/ +41 21 314 92 07Willkommenzum 5. Internationalen interdisziplin\u00e4ren Symposium!Das Symposium kn\u00fcpft an fr\u00fchere Veranstaltungen an, darunter an die Symposien \u00abExzessives Spielen: Von der [&hellip;]<\/p>\n","protected":false},"author":1,"featured_media":0,"parent":0,"menu_order":0,"comment_status":"closed","ping_status":"closed","template":"","meta":{"footnotes":""},"class_list":["post-2497","page","type-page","status-publish","hentry"],"_links":{"self":[{"href":"https:\/\/gambling-problems-sympo.ch\/de\/wp-json\/wp\/v2\/pages\/2497","targetHints":{"allow":["GET"]}}],"collection":[{"href":"https:\/\/gambling-problems-sympo.ch\/de\/wp-json\/wp\/v2\/pages"}],"about":[{"href":"https:\/\/gambling-problems-sympo.ch\/de\/wp-json\/wp\/v2\/types\/page"}],"author":[{"embeddable":true,"href":"https:\/\/gambling-problems-sympo.ch\/de\/wp-json\/wp\/v2\/users\/1"}],"replies":[{"embeddable":true,"href":"https:\/\/gambling-problems-sympo.ch\/de\/wp-json\/wp\/v2\/comments?post=2497"}],"version-history":[{"count":22,"href":"https:\/\/gambling-problems-sympo.ch\/de\/wp-json\/wp\/v2\/pages\/2497\/revisions"}],"predecessor-version":[{"id":3529,"href":"https:\/\/gambling-problems-sympo.ch\/de\/wp-json\/wp\/v2\/pages\/2497\/revisions\/3529"}],"wp:attachment":[{"href":"https:\/\/gambling-problems-sympo.ch\/de\/wp-json\/wp\/v2\/media?parent=2497"}],"curies":[{"name":"wp","href":"https:\/\/api.w.org\/{rel}","templated":true}]}}