{"id":389,"date":"2023-09-15T05:09:08","date_gmt":"2023-09-15T05:09:08","guid":{"rendered":"https:\/\/gambling-problems-sympo.ch\/call-for-abstracts\/"},"modified":"2025-05-29T01:17:18","modified_gmt":"2025-05-29T01:17:18","slug":"call-for-abstracts","status":"publish","type":"page","link":"https:\/\/gambling-problems-sympo.ch\/de\/call-for-abstracts\/","title":{"rendered":"Call for abstracts"},"content":{"rendered":"<div class=\"vce-row-container\"><div class=\"vce-row vce-element--has-background vce-row--col-gap-30 banner vce-row-equal-height vce-row-content--top\" data-vce-full-width=\"true\" id=\"el-a750ae7f\" data-vce-do-apply=\"all el-a750ae7f\"><div class=\"vce-content-background-container\"><div class=\"vce-asset-background-simple-container vce-visible-all-only vce-asset-background-simple--style-cover vce-asset-background-simple--position-left-bottom\"><div class=\"vce-asset-background-simple\">\n              <div class=\"vce-asset-background-simple-item vcv-lozad\" data-background-image=\"https:\/\/gambling-problems-sympo.ch\/wp-content\/uploads\/2024\/10\/image_sympo_copie_MaudeRion-1-scaled.jpg\"><\/div>\n              <noscript>\n                <div class=\"vce-asset-background-simple-item\" style=\"background-image: url(https:\/\/gambling-problems-sympo.ch\/wp-content\/uploads\/2024\/10\/image_sympo_copie_MaudeRion-1-scaled.jpg)\"><\/div>\n              <\/noscript>\n            \n              <div class=\"vce-asset-background-simple-item vcv-lozad\" data-background-image=\"https:\/\/gambling-problems-sympo.ch\/wp-content\/uploads\/2024\/10\/image_sympo_copie_MaudeRion_small-scaled.jpg\"><\/div>\n              <noscript>\n                <div class=\"vce-asset-background-simple-item\" style=\"background-image: url(https:\/\/gambling-problems-sympo.ch\/wp-content\/uploads\/2024\/10\/image_sympo_copie_MaudeRion_small-scaled.jpg)\"><\/div>\n              <\/noscript>\n            <\/div><\/div><\/div><div class=\"vce-row-content\" data-vce-element-content=\"true\"><div class=\"vce-col vce-col--md-auto vce-col--xs-1 vce-col--xs-last vce-col--xs-first vce-col--sm-last vce-col--sm-first vce-col--md-last vce-col--lg-last vce-col--xl-last vce-col--md-first vce-col--lg-first vce-col--xl-first\" id=\"el-97f61753\"><div class=\"vce-col-inner\" data-vce-do-apply=\"border margin background  el-97f61753\"><div class=\"vce-col-content\" data-vce-element-content=\"true\" data-vce-do-apply=\"padding el-97f61753\"><div><\/div><\/div><\/div><\/div><\/div><\/div><\/div><div class=\"vce-row-container\" data-vce-boxed-width=\"true\"><div class=\"vce-row vce-row--col-gap-30 vce-row-equal-height vce-row-content--top\" id=\"el-694d02db\" data-vce-do-apply=\"all el-694d02db\"><div class=\"vce-row-content\" data-vce-element-content=\"true\"><div class=\"vce-col vce-col--md-auto vce-col--xs-1 vce-col--xs-last vce-col--xs-first vce-col--sm-last vce-col--sm-first vce-col--md-last vce-col--lg-last vce-col--xl-last vce-col--md-first vce-col--lg-first vce-col--xl-first\" id=\"el-50b59d23\"><div class=\"vce-col-inner\" data-vce-do-apply=\"border margin background  el-50b59d23\"><div class=\"vce-col-content\" data-vce-element-content=\"true\" data-vce-do-apply=\"padding el-50b59d23\"><div class=\"vce-text-block\"><div class=\"vce-text-block-wrapper vce\" id=\"el-f8ff8a97\" data-vce-do-apply=\"all el-f8ff8a97\"><div class=\"page\" title=\"Page 2\">\n<div class=\"section\">\n<div class=\"layoutArea\">\n<div class=\"column\">\n<div class=\"column\">\n<p>&nbsp;<\/p>\n<p><span style=\"font-size: 36pt;\"><strong><span style=\"font-family: Figtree; font-weight: 800; font-style: normal;\">Call for abstracts<\/span><br><\/strong><\/span><\/p>\n<p>&nbsp;<\/p>\n<p><span style=\"font-size: 14pt; font-family: Figtree;\">Die 5. Ausgabe des Symposiums befasst sich mit den Auswirkungen neuer Informations- und Kommunikationstechnologien auf die Pr\u00e4vention, Forschung und Behandlung von exzessivem Geldspiel, wobei das Recht auf Gesundheit als Leitprinzip dient.<\/span><\/p>\n<div id=\"el-49e37191\" class=\"vce-col vce-col--md-auto vce-col--xs-1 vce-col--xs-last vce-col--xs-first vce-col--sm-last vce-col--sm-first vce-col--md-last vce-col--lg-last vce-col--xl-last\">\n<div class=\"vce-col-inner\" data-vce-do-apply=\"border margin background  el-49e37191\">\n<div class=\"vce-col-content\" data-vce-element-content=\"true\" data-vce-do-apply=\"padding el-49e37191\">\n<div class=\"vce-text-block\">\n<div id=\"el-7cacb605\" class=\"vce-text-block-wrapper vce\" data-vce-do-apply=\"all el-7cacb605\">\n<p>&nbsp;<\/p>\n<p style=\"padding-left: 40px;\"><span style=\"font-size: 16pt; font-family: Figtree; font-weight: 800; font-style: normal;\"><strong>Zielpublikum<\/strong> <\/span><\/p>\n<ul>\n<li style=\"list-style-type: none;\">\n<ul>\n<li><span style=\"font-size: 14pt; font-family: Figtree;\">Fachpersonen aus dem Sozial- und Gesundheitswesen<\/span><\/li>\n<li><span style=\"font-size: 14pt; font-family: Figtree;\">Fachpersonen aus den Bereichen Recht und Wirtschaft<\/span><\/li>\n<li><span style=\"font-size: 14pt; font-family: Figtree;\">Politische Entscheidungstr\u00e4ger:innen<\/span><\/li>\n<li><span style=\"font-size: 14pt; font-family: Figtree;\">Fachpersonen aus dem Pr\u00e4ventionsbereich<\/span><\/li>\n<li><span style=\"font-size: 14pt; font-family: Figtree;\">Fachpersonen aus dem klinischen Bereich<\/span><\/li>\n<li><span style=\"font-size: 14pt; font-family: Figtree;\">Forschende aus dem Bereich der Verhaltenss\u00fcchte<\/span><\/li>\n<\/ul>\n<\/li>\n<\/ul>\n<p>&nbsp;<\/p>\n<p><span style=\"font-size: 14pt; font-family: Figtree;\">Das Symposium bietet eine breite Palette an Veranstaltungen, darunter Plenarvortr\u00e4ge, parallele Vortr\u00e4ge, Workshops, Rundtischgespr\u00e4che, Posterpr\u00e4sentationen mit begleitenden Vortr\u00e4gen und Ausstellungen. Die Kommunikation erfolgt in vier Arbeitssprachen: Franz\u00f6sisch, Deutsch, Italienisch und Englisch.<\/span><\/p>\n<p><span style=\"font-size: 14pt; font-family: Figtree;\"><strong>Nur die Plenarvortr\u00e4ge und Rundtischgespr\u00e4che werden simultan \u00fcbersetzt (Franz\u00f6sisch, Deutsch und Englisch).<\/strong><\/span><\/p>\n<p><span style=\"font-size: 14pt; font-family: Figtree;\"><strong>Bitte reichen Sie Ihr Abstract in der Sprache ein, in der Sie Ihre Pr\u00e4sentation halten werden!<\/strong><\/span><\/p>\n<p>&nbsp;<\/p>\n<hr><\/div>\n<\/div>\n<\/div>\n<\/div>\n<\/div>\n<p><span style=\"font-size: 14pt; font-family: Figtree; color: #517898;\"><strong>Young Investigator Grant<\/strong><\/span><\/p>\n<p><span style=\"font-size: 14pt; font-family: Figtree;\">Um die Forschungsbem\u00fchungen von Berufseinsteigern zu f\u00f6rdern, wurde mit Unterst\u00fctzung der SSAM ein Stipendium zur Verf\u00fcgung gestellt, um die Teilnahme am Symposium zu erleichtern. Bewerben Sie sich <a href=\"https:\/\/gambling-problems-sympo.ch\/wp-content\/uploads\/2025\/01\/Bourse_Young_Investigators_EN-1.docx\" target=\"_blank\" rel=\"noopener\"><strong>hier<\/strong><\/a>!<\/span><\/p>\n<hr>\n<p>&nbsp;<\/p>\n<p><span style=\"font-size: 14pt; font-family: Figtree;\">Die eingereichten Abstracts werden von unserem Auswahlkomitee gepr\u00fcft und anhand der Originalit\u00e4t des Themas, der Qualit\u00e4t der Forschung\/Praxis und der Relevanz f\u00fcr das Thema des Symposiums bewertet.<\/span><\/p>\n<p>&nbsp;<\/p>\n<\/div>\n<div class=\"column\">\n<p style=\"line-height: 1;\"><span style=\"font-size: 16pt; color: #517898; font-weight: 900; font-style: normal; font-family: Figtree;\"><strong><span style=\"font-size: 18pt;\">Termine zum Vormerken<\/span><br><\/strong><\/span><\/p>\n<p style=\"line-height: 1;\"><span style=\"font-weight: 400; font-style: normal; font-family: Figtree;\"><span style=\"font-size: 16pt; color: #517898;\">\u2022 Anmeldung und Call for Abstracts: ab dem<\/span> <span style=\"font-size: 16pt; color: #517898;\"> 15.11.2024<\/span><\/span><\/p>\n<p style=\"line-height: 1;\"><span style=\"font-size: 16pt; color: #517898; font-weight: 400; font-style: normal; font-family: Figtree;\">\u2022 Abgabefrist f\u00fcr die Abstracts: <del>15.02.2025<\/del> <strong><span style=\"color: #ff0000;\">Die Frist f\u00fcr die Einreichung von Abstracts wurde bis zum 25. Februar verl\u00e4ngert.<\/span><\/strong><br><\/span><\/p>\n<p style=\"line-height: 1;\"><span style=\"font-size: 16pt; color: #517898; font-weight: 400; font-style: normal; font-family: Figtree;\">\u2022 Anmeldefrist zum erm\u00e4ssigten Tarif: 12.03.2025<\/span><\/p>\n<\/div>\n<p>&nbsp;<\/p>\n<\/div>\n<\/div>\n<\/div>\n<\/div><\/div><\/div><\/div><\/div><\/div><\/div><\/div><\/div><div class=\"vce-row-container\" data-vce-boxed-width=\"true\"><div class=\"vce-row vce-row--has-col-background vce-row--col-gap-30 vce-row-equal-height vce-row-content--top\" id=\"el-17e4f836\" data-vce-do-apply=\"all el-17e4f836\"><div class=\"vce-row-content\" data-vce-element-content=\"true\"><div class=\"vce-col vce-col--md-auto vce-col--xs-1 vce-col--xs-last vce-col--xs-first vce-col--sm-last vce-col--sm-first vce-col--md-first vce-col--lg-first vce-col--xl-first\" id=\"el-3d075b60\"><div class=\"vce-col-inner\" data-vce-do-apply=\"border margin background  el-3d075b60\"><div class=\"vce-col-content\" data-vce-element-content=\"true\" data-vce-do-apply=\"padding el-3d075b60\"><div class=\"vce-text-block\"><div class=\"vce-text-block-wrapper vce\" id=\"el-28a71f08\" data-vce-do-apply=\"all el-28a71f08\"><div id=\"el-98662703\" class=\"vce-col vce-col--md-auto vce-col--xs-1 vce-col--xs-last vce-col--xs-first vce-col--sm-last vce-col--sm-first vce-col--md-first vce-col--lg-first vce-col--xl-first\">\n<div class=\"vce-col-inner\" data-vce-do-apply=\"border margin background  el-98662703\">\n<div class=\"vce-col-content\" data-vce-element-content=\"true\" data-vce-do-apply=\"padding el-98662703\">\n<div class=\"vce-text-block\">\n<div id=\"el-7bab8023\" class=\"vce-text-block-wrapper vce\" data-vce-do-apply=\"all el-7bab8023\">\n<p><span style=\"font-size: 18pt; font-family: Figtree; font-weight: 800; font-style: normal;\"><b>Offene Themenliste<\/b><\/span><\/p>\n<ul>\n<li><span style=\"font-size: 14pt; font-family: Figtree;\">Public-Health-Ans\u00e4tze<\/span><\/li>\n<li><span style=\"font-size: 14pt; font-family: Figtree;\">Schadenminderung<\/span><\/li>\n<li><span style=\"font-size: 14pt; font-family: Figtree;\">Soziale Kosten<\/span><\/li>\n<li><span style=\"font-size: 14pt; font-family: Figtree;\">Gesetzliche Rahmenbedingungen der Pr\u00e4vention<\/span><\/li>\n<li><span style=\"font-size: 14pt; font-family: Figtree;\">Regulative Massnahmen zur Pr\u00e4vention von s\u00fcchtigem Verhalten<\/span><\/li>\n<li><span style=\"font-size: 14pt; font-family: Figtree;\">Massnahmen der selektiven Pr\u00e4vention<\/span><\/li>\n<li><span style=\"font-size: 14pt; font-family: Figtree;\">Jugendschutz<\/span><\/li>\n<li><span style=\"font-size: 14pt; font-family: Figtree;\">Gemeinwohl<\/span><\/li>\n<\/ul>\n<\/div>\n<\/div>\n<\/div>\n<\/div>\n<\/div>\n<div id=\"el-f0c613f8\" class=\"vce-col vce-col--md-auto vce-col--xs-1 vce-col--xs-last vce-col--xs-first vce-col--sm-last vce-col--sm-first vce-col--md-last vce-col--lg-last vce-col--xl-last\">\n<div class=\"vce-col-inner\" data-vce-do-apply=\"border margin background  el-f0c613f8\">\n<div class=\"vce-col-content\" data-vce-element-content=\"true\" data-vce-do-apply=\"padding el-f0c613f8\">\n<div class=\"vce-text-block\">\n<div id=\"el-8084b669\" class=\"vce-text-block-wrapper vce\" data-vce-do-apply=\"all el-8084b669\">&nbsp;<\/div>\n<\/div>\n<\/div>\n<\/div>\n<\/div><\/div><\/div><\/div><\/div><\/div><div class=\"vce-col vce-element--has-background vce-col--md-auto vce-col--xs-1 vce-col--xs-last vce-col--xs-first vce-col--sm-last vce-col--sm-first vce-col--md-last vce-col--lg-last vce-col--xl-last\" id=\"el-0d0ab861\"><div class=\"vce-col-inner\" data-vce-do-apply=\"border margin background  el-0d0ab861\"><div class=\"vce-content-background-container\"><\/div><div class=\"vce-col-content\" data-vce-element-content=\"true\" data-vce-do-apply=\"padding el-0d0ab861\"><div class=\"vce-text-block\"><div class=\"vce-text-block-wrapper vce\" id=\"el-f1198a29\" data-vce-do-apply=\"all el-f1198a29\"><p>&nbsp;<\/p>\n<ul>\n<li><span style=\"font-size: 14pt; font-family: Figtree;\">Spezialisierte Therapien<\/span><\/li>\n<li><span style=\"font-size: 14pt; font-family: Figtree;\">Betriebliche Gesundheitsf\u00f6rderung<\/span><\/li>\n<li><span style=\"font-size: 14pt; font-family: Figtree;\">Unterst\u00fctzung f\u00fcr Angeh\u00f6rige<\/span><\/li>\n<li><span style=\"font-size: 14pt; font-family: Figtree;\">Weiterbildungen<\/span><\/li>\n<li><span style=\"font-size: 14pt; font-family: Figtree;\">Monitoring und Evaluation<\/span><\/li>\n<li><span style=\"font-size: 14pt; font-family: Figtree;\">Neurobiologie des s\u00fcchtigen Verhaltens<\/span><\/li>\n<li><span style=\"font-size: 14pt; font-family: Figtree;\">Problematisches Videospiel und andere Verhaltenss\u00fcchte<\/span><\/li>\n<\/ul><\/div><\/div><\/div><\/div><\/div><\/div><\/div><\/div><div class=\"vce-row-container\" data-vce-boxed-width=\"true\"><div class=\"vce-row vce-row--has-col-background vce-row--col-gap-30 vce-row-equal-height vce-row-content--top\" id=\"el-33dac811\" data-vce-do-apply=\"all el-33dac811\"><div class=\"vce-row-content\" data-vce-element-content=\"true\"><div class=\"vce-col vce-element--has-background vce-col--md-auto vce-col--xs-1 vce-col--xs-last vce-col--xs-first vce-col--sm-last vce-col--sm-first vce-col--md-first vce-col--lg-first vce-col--xl-first\" id=\"el-b45b55a5\"><div class=\"vce-col-inner\" data-vce-do-apply=\"border margin background  el-b45b55a5\"><div class=\"vce-content-background-container\"><\/div><div class=\"vce-col-content\" data-vce-element-content=\"true\" data-vce-do-apply=\"padding el-b45b55a5\"><div class=\"vce-text-block\"><div class=\"vce-text-block-wrapper vce\" id=\"el-93774019\" data-vce-do-apply=\"all el-93774019\"><div class=\"layoutArea\">\n<div class=\"column\">\n<p style=\"line-height: 1.25;\">&nbsp;<\/p>\n<p style=\"line-height: 1.25;\"><span style=\"font-size: 24pt; font-family: Figtree; color: #ffffff; font-weight: 900; font-style: normal;\"><strong>Pr\u00e4sentationsformate<\/strong><\/span><\/p>\n<hr>\n<p><span style=\"font-family: Figtree; font-weight: bold; font-style: normal; font-size: 18pt; color: #ffffff;\">Parallelveranstaltungen<\/span><\/p>\n<p><span style=\"color: #ffffff; font-family: Figtree;\">Pro 90-min\u00fctiger Sitzung sind drei bis vier m\u00fcndliche Pr\u00e4sentationen vorgesehen. Jede Pr\u00e4sentation dauert 15 Minuten, gefolgt von 5 Minuten f\u00fcr Fragen und Antworten (bei vier Referierenden pro Parallelsession) oder 20 Minuten f\u00fcr die Pr\u00e4sentation und 5 Minuten f\u00fcr Fragen und Antworten (bei drei Referierenden pro Parallelsession).<\/span><\/p>\n<p style=\"line-height: 1.25;\">&nbsp;<\/p>\n<p style=\"line-height: 1.25;\"><span style=\"font-size: 18pt; color: #ffffff; font-family: Figtree;\"><strong>Postersession<\/strong><\/span><\/p>\n<p style=\"line-height: 1.25;\"><span style=\"color: #ffffff; font-family: Figtree;\">Die Poster werden kurz m\u00fcndlich pr\u00e4sentiert (3-min\u00fctige Pr\u00e4sentation). Die Poster werden nur im PowerPoint-Format pr\u00e4sentiert.<\/span><\/p>\n<p style=\"line-height: 1.25;\">&nbsp;<\/p>\n<p style=\"line-height: 1.25;\"><span style=\"color: #ffffff; font-family: Figtree;\"><strong><span style=\"font-size: 18pt;\">Audio-\/Video- oder Online-Material<\/span><br><\/strong><\/span><\/p>\n<p style=\"line-height: 1.25;\"><span style=\"color: #ffffff; font-family: Figtree;\">Auf Anfrage besteht die M\u00f6glichkeit, Pr\u00e4ventions- oder Bildungsmaterial f\u00fcr die Dauer des Kongresses zu projizieren.<\/span><\/p>\n<p style=\"line-height: 1.25;\"><span style=\"color: #ffffff; font-family: Figtree;\">Gegen einen Aufpreis besteht die M\u00f6glichkeit, einen Stand mit Computerzugang zu buchen, um Online-Materialien zu pr\u00e4sentieren.<\/span><\/p>\n<p style=\"line-height: 1.25;\">&nbsp;<\/p>\n<\/div>\n<\/div>\n<div>\n<p style=\"line-height: 1.25;\"><span style=\"color: #ffffff; font-family: Figtree;\"><strong><span style=\"font-size: 18pt;\">Arbeitssprachen<\/span><br><\/strong><\/span><\/p>\n<p style=\"line-height: 1.25;\"><span style=\"color: #ffffff; font-family: Figtree;\">Franz\u00f6sisch, Italienisch, Englisch, Deutsch.<\/span><\/p>\n<p style=\"line-height: 1.25;\"><span style=\"color: #ffffff; font-family: Figtree;\">Nur die Plenarsitzungen und Rundtischgespr\u00e4che werden simultan in die Sprachen Franz\u00f6sisch, Englisch und Deutsch \u00fcbersetzt.<\/span><\/p>\n<\/div><\/div><\/div><\/div><\/div><\/div><div class=\"vce-col vce-element--has-background vce-col--md-auto vce-col--xs-1 vce-col--xs-last vce-col--xs-first vce-col--sm-last vce-col--sm-first vce-col--md-last vce-col--lg-last vce-col--xl-last\" id=\"el-309cfa46\"><div class=\"vce-col-inner\" data-vce-do-apply=\"border margin background  el-309cfa46\"><div class=\"vce-content-background-container\"><\/div><div class=\"vce-col-content\" data-vce-element-content=\"true\" data-vce-do-apply=\"padding el-309cfa46\"><div class=\"vce-text-block\"><div class=\"vce-text-block-wrapper vce\" id=\"el-8e0ee872\" data-vce-do-apply=\"all el-8e0ee872\"><div class=\"vce-col-content\" data-vce-element-content=\"true\" data-vce-do-apply=\"padding el-0d0ab861\">\n<div class=\"vce-text-block\">\n<div id=\"el-d6347341\" class=\"vce-text-block-wrapper vce\" data-vce-do-apply=\"all el-d6347341\">\n<p style=\"line-height: 1.25;\">&nbsp;<\/p>\n<p style=\"line-height: 1.25;\"><span style=\"font-size: 24pt; font-family: Figtree; color: #ffffff; font-weight: 900; font-style: normal;\"><strong>Guidelines<\/strong><\/span><\/p>\n<hr>\n<p style=\"line-height: 1.25;\"><span style=\"font-size: 18pt; color: #ffffff; font-family: Figtree;\"><b>Formale Richtlinien<\/b><\/span><\/p>\n<p><span style=\"color: #ffffff; font-family: Figtree;\">Die Abstracts d\u00fcrfen eine L\u00e4nge von 250 W\u00f6rtern nicht \u00fcberschreiten und d\u00fcrfen keine Tabellen, Abbildungen oder Literaturverweise enthalten.<\/span><\/p>\n<p><span style=\"color: #ffffff; font-family: Figtree;\">Abstracts empirischer Arbeiten sind wie folgt zu gliedern: Einleitung, Methoden, Ergebnisse und Schlussfolgerungen.<\/span><\/p>\n<span style=\"color: #ffffff; font-family: Figtree;\">Abstracts nicht-empirischer Arbeiten sind wie folgt zu strukturieren: Hintergrund, Hauptproblem und Schlussfolgerungen.<\/span><br>\n<p style=\"line-height: 1.25;\">&nbsp;<\/p>\n<p style=\"line-height: 1.25;\"><span style=\"font-size: 18pt; color: #ffffff; font-family: Figtree;\"><b>Einreichung<\/b><\/span><\/p>\n<p style=\"line-height: 1.25;\"><span style=\"color: #ffffff; font-family: Figtree;\">Abgabefrist: <del>15.02.2025<\/del>&nbsp; <strong><span style=\"color: #ff0000;\">25.02.2025<\/span><\/strong><\/span><\/p>\n<p style=\"line-height: 1.25;\"><span style=\"color: #ffffff; font-family: Figtree;\">Die Autor:innen werden im M\u00e4rz 2025 \u00fcber die Entscheidung des wissenschaftlichen Komitee informiert.<\/span><\/p>\n<\/div>\n<\/div>\n<\/div><\/div><\/div><\/div><\/div><\/div><\/div><\/div><\/div><div class=\"vce-row-container\" data-vce-boxed-width=\"true\"><div class=\"vce-row vce-row--col-gap-30 vce-row-equal-height vce-row-content--top\" id=\"el-c3656940\" data-vce-do-apply=\"all el-c3656940\"><div class=\"vce-row-content\" data-vce-element-content=\"true\"><div class=\"vce-col vce-col--md-auto vce-col--xs-1 vce-col--xs-last vce-col--xs-first vce-col--sm-last vce-col--sm-first vce-col--md-last vce-col--lg-last vce-col--xl-last vce-col--md-first vce-col--lg-first vce-col--xl-first\" id=\"el-2f99abad\"><div class=\"vce-col-inner\" data-vce-do-apply=\"border margin background  el-2f99abad\"><div class=\"vce-col-content\" data-vce-element-content=\"true\" data-vce-do-apply=\"padding el-2f99abad\"><div class=\"vce-text-block\"><div class=\"vce-text-block-wrapper vce\" id=\"el-b847eac8\" data-vce-do-apply=\"all el-b847eac8\"><p>&nbsp;<\/p>\n<hr>\n<p>&nbsp;<\/p><\/div><\/div><\/div><\/div><\/div><\/div><\/div><\/div>","protected":false},"excerpt":{"rendered":"<p>&nbsp; Call for abstracts &nbsp; Die 5. Ausgabe des Symposiums befasst sich mit den Auswirkungen neuer Informations- und Kommunikationstechnologien auf die Pr\u00e4vention, Forschung und Behandlung von exzessivem Geldspiel, wobei das Recht auf Gesundheit als Leitprinzip dient. &nbsp; Zielpublikum Fachpersonen aus dem Sozial- und Gesundheitswesen Fachpersonen aus den Bereichen Recht und Wirtschaft Politische Entscheidungstr\u00e4ger:innen Fachpersonen aus [&hellip;]<\/p>\n","protected":false},"author":1,"featured_media":0,"parent":0,"menu_order":0,"comment_status":"closed","ping_status":"closed","template":"","meta":{"footnotes":""},"class_list":["post-389","page","type-page","status-publish","hentry"],"_links":{"self":[{"href":"https:\/\/gambling-problems-sympo.ch\/de\/wp-json\/wp\/v2\/pages\/389","targetHints":{"allow":["GET"]}}],"collection":[{"href":"https:\/\/gambling-problems-sympo.ch\/de\/wp-json\/wp\/v2\/pages"}],"about":[{"href":"https:\/\/gambling-problems-sympo.ch\/de\/wp-json\/wp\/v2\/types\/page"}],"author":[{"embeddable":true,"href":"https:\/\/gambling-problems-sympo.ch\/de\/wp-json\/wp\/v2\/users\/1"}],"replies":[{"embeddable":true,"href":"https:\/\/gambling-problems-sympo.ch\/de\/wp-json\/wp\/v2\/comments?post=389"}],"version-history":[{"count":73,"href":"https:\/\/gambling-problems-sympo.ch\/de\/wp-json\/wp\/v2\/pages\/389\/revisions"}],"predecessor-version":[{"id":2861,"href":"https:\/\/gambling-problems-sympo.ch\/de\/wp-json\/wp\/v2\/pages\/389\/revisions\/2861"}],"wp:attachment":[{"href":"https:\/\/gambling-problems-sympo.ch\/de\/wp-json\/wp\/v2\/media?parent=389"}],"curies":[{"name":"wp","href":"https:\/\/api.w.org\/{rel}","templated":true}]}}