{"id":394,"date":"2024-04-24T04:08:54","date_gmt":"2024-04-24T04:08:54","guid":{"rendered":"https:\/\/gambling-problems-sympo.ch\/fribourg-2018\/"},"modified":"2024-12-10T17:01:45","modified_gmt":"2024-12-10T17:01:45","slug":"fribourg-2018","status":"publish","type":"page","link":"https:\/\/gambling-problems-sympo.ch\/de\/archives\/fribourg-2018\/","title":{"rendered":"Fribourg 2018"},"content":{"rendered":"<div class=\"vce-row-container\"><div class=\"vce-row vce-element--has-background vce-row--col-gap-30 banner vce-row-equal-height vce-row-content--top\" data-vce-full-width=\"true\" id=\"el-a750ae7f\" data-vce-do-apply=\"all el-a750ae7f\"><div class=\"vce-content-background-container\"><div class=\"vce-asset-background-simple-container vce-visible-all-only vce-asset-background-simple--style-cover vce-asset-background-simple--position-left-bottom\"><div class=\"vce-asset-background-simple\">\n              <div class=\"vce-asset-background-simple-item vcv-lozad\" data-background-image=\"https:\/\/gambling-problems-sympo.ch\/wp-content\/uploads\/2024\/12\/image_sympo_copie_MaudeRion_small-scaled.jpg\"><\/div>\n              <noscript>\n                <div class=\"vce-asset-background-simple-item\" style=\"background-image: url(https:\/\/gambling-problems-sympo.ch\/wp-content\/uploads\/2024\/12\/image_sympo_copie_MaudeRion_small-scaled.jpg)\"><\/div>\n              <\/noscript>\n            <\/div><\/div><\/div><div class=\"vce-row-content\" data-vce-element-content=\"true\"><div class=\"vce-col vce-col--md-auto vce-col--xs-1 vce-col--xs-last vce-col--xs-first vce-col--sm-last vce-col--sm-first vce-col--md-last vce-col--lg-last vce-col--xl-last vce-col--md-first vce-col--lg-first vce-col--xl-first\" id=\"el-97f61753\"><div class=\"vce-col-inner\" data-vce-do-apply=\"border margin background  el-97f61753\"><div class=\"vce-col-content\" data-vce-element-content=\"true\" data-vce-do-apply=\"padding el-97f61753\"><div><\/div><\/div><\/div><\/div><\/div><\/div><\/div><div class=\"vce-row-container\" data-vce-boxed-width=\"true\"><div class=\"vce-row vce-row--col-gap-30 vce-row-equal-height vce-row-content--top\" id=\"el-694d02db\" data-vce-do-apply=\"all el-694d02db\"><div class=\"vce-row-content\" data-vce-element-content=\"true\"><div class=\"vce-col vce-col--md-auto vce-col--xs-1 vce-col--xs-last vce-col--xs-first vce-col--sm-last vce-col--sm-first vce-col--md-first vce-col--lg-first vce-col--xl-first\" id=\"el-50b59d23\"><div class=\"vce-col-inner\" data-vce-do-apply=\"border margin background  el-50b59d23\"><div class=\"vce-col-content\" data-vce-element-content=\"true\" data-vce-do-apply=\"padding el-50b59d23\"><div class=\"vce-text-block\"><div class=\"vce-text-block-wrapper vce\" id=\"el-f623362d\" data-vce-do-apply=\"all el-f623362d\"><h1><span style=\"font-family: Figtree; font-weight: 900; font-style: normal;\">Fribourg 2018<\/span><\/h1><\/div><\/div><\/div><\/div><\/div><div class=\"vce-col vce-col--md-auto vce-col--xs-1 vce-col--xs-last vce-col--xs-first vce-col--sm-last vce-col--sm-first vce-col--md-last vce-col--lg-last vce-col--xl-last\" id=\"el-ab8fcdfd\"><div class=\"vce-col-inner\" data-vce-do-apply=\"border margin background  el-ab8fcdfd\"><div class=\"vce-col-content\" data-vce-element-content=\"true\" data-vce-do-apply=\"padding el-ab8fcdfd\"><div><\/div><\/div><\/div><\/div><\/div><\/div><\/div><div class=\"vce-row-container\" data-vce-boxed-width=\"true\"><div class=\"vce-row vce-row--col-gap-30 vce-row-equal-height vce-row-content--top\" id=\"el-8be97162\" data-vce-do-apply=\"all el-8be97162\"><div class=\"vce-row-content\" data-vce-element-content=\"true\"><div class=\"vce-col vce-col--md-auto vce-col--xs-1 vce-col--xs-last vce-col--xs-first vce-col--sm-last vce-col--sm-first vce-col--md-first vce-col--lg-first vce-col--xl-first\" id=\"el-e7be26dc\"><div class=\"vce-col-inner\" data-vce-do-apply=\"border margin background  el-e7be26dc\"><div class=\"vce-col-content\" data-vce-element-content=\"true\" data-vce-do-apply=\"padding el-e7be26dc\"><div class=\"vce-text-block\"><div class=\"vce-text-block-wrapper vce\" id=\"el-2aec7bb4\" data-vce-do-apply=\"all el-2aec7bb4\"><p>Sind Public-Health-Ans\u00e4tze im Umgang mit gl\u00fccksspielbedingten Problemen in den letzten Jahren effizienter geworden? Seit dem letzten Symposium vor vier Jahren deutet vieles darauf hin. Die Evidenz rund um gl\u00fccksspielbedingte Probleme ist gewachsen und facettenreicher geworden. Ein konstruktiver Fachdiskurs befasst sich zum einen mit den Spielerschutzmassnahmen der Gl\u00fccksspiel-Anbieter und zum anderen mit den vom Gesundheitssystem erbrachten Pr\u00e4ventionsmassnahmen. Die Wirksamkeit der eingesetzten Massnahmen wird mit wissenschaftlichen Methoden \u00fcberpr\u00fcft. Dementsprechend befassen sich Forscherinnen und Forscher heute intensiver als fr\u00fcher mit dem Verlust der Lebensqualit\u00e4t von problematischen Spielerinnen und Spielern und ihrem Umfeld. <\/p>\n<p>Doch gilt es, die Fortschritte in Bezug auf die Forschung rund um s\u00fcchtiges Verhalten auch kritisch zu betrachten. Die vorwiegend durch einzelne <\/p><\/div><\/div><\/div><\/div><\/div><div class=\"vce-col vce-col--md-auto vce-col--xs-1 vce-col--xs-last vce-col--xs-first vce-col--sm-last vce-col--sm-first vce-col--md-last vce-col--lg-last vce-col--xl-last\" id=\"el-a1717c90\"><div class=\"vce-col-inner\" data-vce-do-apply=\"border margin background  el-a1717c90\"><div class=\"vce-col-content\" data-vce-element-content=\"true\" data-vce-do-apply=\"padding el-a1717c90\"><div class=\"vce-text-block\"><div class=\"vce-text-block-wrapper vce\" id=\"el-15a74bb8\" data-vce-do-apply=\"all el-15a74bb8\"><p>Mandate finanzierte Evidenz ist bruchst\u00fcckhaft. Dies f\u00fchrt dazu, dass es in Bezug auf die Evaluierung der Wirksamkeit der gesetzlich vorgeschriebenen pr\u00e4ventiven Massnahmen an Koh\u00e4renz fehlt.<\/p>\n<p>Um diesen Herausforderungen zu begegnen, zieht sich der rote Faden des vierten Internationalen interdisziplin\u00e4ren Symposiums durch zwei zentrale Fragestellungen: Anhand welcher Wirkungsmodelle lassen sich die pr\u00e4ventiven Massnahmen evaluieren? Wie kann die Generierung eines koh\u00e4renten und evidenzbasierten Wissens durch eine transparente und unabh\u00e4ngige Forschungsfinanzierung gew\u00e4hrleistet werden?<\/p>\n<p>&nbsp;<\/p>\n<p><span style=\"font-size: 16pt;\"><strong>Klicken Sie hier, um zum Abstrabook zu gelangen : <a href=\"https:\/\/gambling-problems-sympo.ch\/wp-content\/uploads\/2024\/11\/AbstractBook-Fribourg-2018.pdf\">Symposium, Fribourg 2018<\/a><br><\/strong><\/span><\/p>\n<p>&nbsp;<\/p><\/div><\/div><\/div><\/div><\/div><\/div><\/div><\/div><div class=\"vce-row-container\" data-vce-boxed-width=\"true\"><div class=\"vce-row vce-row--col-gap-30 vce-row-equal-height vce-row-content--top\" id=\"el-24890c9a\" data-vce-do-apply=\"all el-24890c9a\"><div class=\"vce-row-content\" data-vce-element-content=\"true\"><div class=\"vce-col vce-col--md-auto vce-col--xs-1 vce-col--xs-last vce-col--xs-first vce-col--sm-last vce-col--sm-first vce-col--md-last vce-col--lg-last vce-col--xl-last vce-col--md-first vce-col--lg-first vce-col--xl-first\" id=\"el-f85486ef\"><div class=\"vce-col-inner\" data-vce-do-apply=\"border margin background  el-f85486ef\"><div class=\"vce-col-content\" data-vce-element-content=\"true\" data-vce-do-apply=\"padding el-f85486ef\"><div class=\"vce-image-masonry-gallery\"><div class=\"vce-image-masonry-gallery-wrapper vce vce-image-masonry-gallery--gap-10 vce-image-masonry-gallery--columns-3\" id=\"el-34604191\" data-vce-do-apply=\"all el-34604191\"><div class=\"vce-image-masonry-gallery-list\"><div class=\"vce-image-masonry-gallery-column\"><a href=\"https:\/\/gambling-problems-sympo.web-romandie.ch\/wp-content\/uploads\/2024\/04\/2018_AbstractBook_JHA_FR_Couverture.jpg\" data-lightbox=\"lightbox-34604191\" class=\"vce-image-masonry-gallery-item\"><img decoding=\"async\" class=\"vce-image-masonry-gallery-img\" src=\"https:\/\/gambling-problems-sympo.web-romandie.ch\/wp-content\/uploads\/2024\/04\/2018_AbstractBook_JHA_FR_Couverture.jpg\" alt=\"\"><\/a><\/div><div class=\"vce-image-masonry-gallery-column\"><a href=\"https:\/\/gambling-problems-sympo.web-romandie.ch\/wp-content\/uploads\/2024\/04\/2018_Photo_JHA_FR_3.jpg\" data-lightbox=\"lightbox-34604191\" class=\"vce-image-masonry-gallery-item\"><img decoding=\"async\" class=\"vce-image-masonry-gallery-img\" src=\"https:\/\/gambling-problems-sympo.web-romandie.ch\/wp-content\/uploads\/2024\/04\/2018_Photo_JHA_FR_3.jpg\" alt=\"\"><\/a><a href=\"https:\/\/gambling-problems-sympo.web-romandie.ch\/wp-content\/uploads\/2024\/04\/2018_Photo_JHA_FR_1.jpg\" data-lightbox=\"lightbox-34604191\" class=\"vce-image-masonry-gallery-item\"><img decoding=\"async\" class=\"vce-image-masonry-gallery-img\" src=\"https:\/\/gambling-problems-sympo.web-romandie.ch\/wp-content\/uploads\/2024\/04\/2018_Photo_JHA_FR_1.jpg\" alt=\"\"><\/a><\/div><div class=\"vce-image-masonry-gallery-column\"><a href=\"https:\/\/gambling-problems-sympo.web-romandie.ch\/wp-content\/uploads\/2024\/04\/2018_Photo_JHA_FR_2.jpg\" data-lightbox=\"lightbox-34604191\" class=\"vce-image-masonry-gallery-item\"><img decoding=\"async\" class=\"vce-image-masonry-gallery-img\" src=\"https:\/\/gambling-problems-sympo.web-romandie.ch\/wp-content\/uploads\/2024\/04\/2018_Photo_JHA_FR_2.jpg\" alt=\"\"><\/a><\/div><\/div><\/div><\/div><\/div><\/div><\/div><\/div><\/div><\/div>","protected":false},"excerpt":{"rendered":"<p>Fribourg 2018Sind Public-Health-Ans\u00e4tze im Umgang mit gl\u00fccksspielbedingten Problemen in den letzten Jahren effizienter geworden? Seit dem letzten Symposium vor vier Jahren deutet vieles darauf hin. Die Evidenz rund um gl\u00fccksspielbedingte Probleme ist gewachsen und facettenreicher geworden. Ein konstruktiver Fachdiskurs befasst sich zum einen mit den Spielerschutzmassnahmen der Gl\u00fccksspiel-Anbieter und zum anderen mit den vom Gesundheitssystem [&hellip;]<\/p>\n","protected":false},"author":1,"featured_media":0,"parent":387,"menu_order":0,"comment_status":"closed","ping_status":"closed","template":"","meta":{"footnotes":""},"class_list":["post-394","page","type-page","status-publish","hentry"],"_links":{"self":[{"href":"https:\/\/gambling-problems-sympo.ch\/de\/wp-json\/wp\/v2\/pages\/394","targetHints":{"allow":["GET"]}}],"collection":[{"href":"https:\/\/gambling-problems-sympo.ch\/de\/wp-json\/wp\/v2\/pages"}],"about":[{"href":"https:\/\/gambling-problems-sympo.ch\/de\/wp-json\/wp\/v2\/types\/page"}],"author":[{"embeddable":true,"href":"https:\/\/gambling-problems-sympo.ch\/de\/wp-json\/wp\/v2\/users\/1"}],"replies":[{"embeddable":true,"href":"https:\/\/gambling-problems-sympo.ch\/de\/wp-json\/wp\/v2\/comments?post=394"}],"version-history":[{"count":17,"href":"https:\/\/gambling-problems-sympo.ch\/de\/wp-json\/wp\/v2\/pages\/394\/revisions"}],"predecessor-version":[{"id":2266,"href":"https:\/\/gambling-problems-sympo.ch\/de\/wp-json\/wp\/v2\/pages\/394\/revisions\/2266"}],"up":[{"embeddable":true,"href":"https:\/\/gambling-problems-sympo.ch\/de\/wp-json\/wp\/v2\/pages\/387"}],"wp:attachment":[{"href":"https:\/\/gambling-problems-sympo.ch\/de\/wp-json\/wp\/v2\/media?parent=394"}],"curies":[{"name":"wp","href":"https:\/\/api.w.org\/{rel}","templated":true}]}}