{"id":399,"date":"2024-04-24T04:28:41","date_gmt":"2024-04-24T04:28:41","guid":{"rendered":"https:\/\/gambling-problems-sympo.ch\/neuchatel-2014\/"},"modified":"2024-12-10T16:59:35","modified_gmt":"2024-12-10T16:59:35","slug":"neuchatel-2014","status":"publish","type":"page","link":"https:\/\/gambling-problems-sympo.ch\/de\/archives\/neuchatel-2014\/","title":{"rendered":"Neuch\u00e2tel 2014"},"content":{"rendered":"<div class=\"vce-row-container\"><div class=\"vce-row vce-element--has-background vce-row--col-gap-30 banner vce-row-equal-height vce-row-content--top\" data-vce-full-width=\"true\" id=\"el-a750ae7f\" data-vce-do-apply=\"all el-a750ae7f\"><div class=\"vce-content-background-container\"><div class=\"vce-asset-background-simple-container vce-visible-all-only vce-asset-background-simple--style-cover vce-asset-background-simple--position-left-bottom\"><div class=\"vce-asset-background-simple\">\n              <div class=\"vce-asset-background-simple-item vcv-lozad\" data-background-image=\"https:\/\/gambling-problems-sympo.ch\/wp-content\/uploads\/2024\/12\/image_sympo_copie_MaudeRion_small-scaled.jpg\"><\/div>\n              <noscript>\n                <div class=\"vce-asset-background-simple-item\" style=\"background-image: url(https:\/\/gambling-problems-sympo.ch\/wp-content\/uploads\/2024\/12\/image_sympo_copie_MaudeRion_small-scaled.jpg)\"><\/div>\n              <\/noscript>\n            <\/div><\/div><\/div><div class=\"vce-row-content\" data-vce-element-content=\"true\"><div class=\"vce-col vce-col--md-auto vce-col--xs-1 vce-col--xs-last vce-col--xs-first vce-col--sm-last vce-col--sm-first vce-col--md-last vce-col--lg-last vce-col--xl-last vce-col--md-first vce-col--lg-first vce-col--xl-first\" id=\"el-97f61753\"><div class=\"vce-col-inner\" data-vce-do-apply=\"border margin background  el-97f61753\"><div class=\"vce-col-content\" data-vce-element-content=\"true\" data-vce-do-apply=\"padding el-97f61753\"><div><\/div><\/div><\/div><\/div><\/div><\/div><\/div><div class=\"vce-row-container\" data-vce-boxed-width=\"true\"><div class=\"vce-row vce-row--col-gap-30 vce-row-equal-height vce-row-content--top\" id=\"el-694d02db\" data-vce-do-apply=\"all el-694d02db\"><div class=\"vce-row-content\" data-vce-element-content=\"true\"><div class=\"vce-col vce-col--md-auto vce-col--xs-1 vce-col--xs-last vce-col--xs-first vce-col--sm-last vce-col--sm-first vce-col--md-first vce-col--lg-first vce-col--xl-first\" id=\"el-50b59d23\"><div class=\"vce-col-inner\" data-vce-do-apply=\"border margin background  el-50b59d23\"><div class=\"vce-col-content\" data-vce-element-content=\"true\" data-vce-do-apply=\"padding el-50b59d23\"><div class=\"vce-text-block\"><div class=\"vce-text-block-wrapper vce\" id=\"el-f623362d\" data-vce-do-apply=\"all el-f623362d\"><h1><span style=\"font-family: Figtree; font-weight: 900; font-style: normal;\">Neuch\u00e2tel 2014<\/span><\/h1><\/div><\/div><\/div><\/div><\/div><div class=\"vce-col vce-col--md-auto vce-col--xs-1 vce-col--xs-last vce-col--xs-first vce-col--sm-last vce-col--sm-first vce-col--md-last vce-col--lg-last vce-col--xl-last\" id=\"el-3f4a03ea\"><div class=\"vce-col-inner\" data-vce-do-apply=\"border margin background  el-3f4a03ea\"><div class=\"vce-col-content\" data-vce-element-content=\"true\" data-vce-do-apply=\"padding el-3f4a03ea\"><div><\/div><\/div><\/div><\/div><\/div><\/div><\/div><div class=\"vce-row-container\" data-vce-boxed-width=\"true\"><div class=\"vce-row vce-row--col-gap-30 vce-row-equal-height vce-row-content--top\" id=\"el-8be97162\" data-vce-do-apply=\"all el-8be97162\"><div class=\"vce-row-content\" data-vce-element-content=\"true\"><div class=\"vce-col vce-col--md-auto vce-col--xs-1 vce-col--xs-last vce-col--xs-first vce-col--sm-last vce-col--sm-first vce-col--md-first vce-col--lg-first vce-col--xl-first\" id=\"el-e7be26dc\"><div class=\"vce-col-inner\" data-vce-do-apply=\"border margin background  el-e7be26dc\"><div class=\"vce-col-content\" data-vce-element-content=\"true\" data-vce-do-apply=\"padding el-e7be26dc\"><div class=\"vce-text-block\"><div class=\"vce-text-block-wrapper vce\" id=\"el-2aec7bb4\" data-vce-do-apply=\"all el-2aec7bb4\"><div class=\"rtejustify\" style=\"text-align: left;\">In den vergangenen Jahren wurden die Begriffe Pr\u00e4vention und Schadensminderung vor allem im Kontext des Public Health Ansatzes in der Drogenpolitik thematisiert. Auf der Grundlage evidenz-gest\u00fctzter Indikatoren umfasste dieser Ansatz Massnahmen und Programme, um die sozialsch\u00e4dlichen Auswirkungen des Drogenkonsums auf das abh\u00e4ngige Verhalten, die Gesundheit, das soziale System sowie die finanzielle Situation der Betroffenen zu verringern. Inwiefern kann dieser Ansatz auf die nicht substanzgebundenen Abh\u00e4ngigkeiten \u00fcbertragen werden? Diese Frage stellt das Leitmotiv des dritten internationalen, interdisziplin\u00e4ren Spielsucht-Symposiums dar.<\/div>\n<div>&nbsp;<\/div>\n<div class=\"rtejustify\" style=\"text-align: left;\">Vor dem Hintergrund der Steuereinnahmen wurden spielsuchtbezogenen Problemen von der \u00d6ffentlichkeit sowie von der Verwaltung nicht die gleiche Aufmerksamkeit zugeteilt wie Drogenproblemen. Unter dem Label \u201esozialvertr\u00e4gliches Gl\u00fccksspiel\u201c werden Pr\u00e4ventionsmassnahmen im Wesentlichen von der Spielindustrie entwickelt. Der Anteil der abh\u00e4ngigen Spieler am den Unternehmensgewinnen ist indessen wenig untersucht. In dem Spannungsfeld, in dem sich die Anbieter befinden, stellt dieser Betrag ein wichtiger Indikator dar.<\/div><\/div><\/div><\/div><\/div><\/div><div class=\"vce-col vce-col--md-auto vce-col--xs-1 vce-col--xs-last vce-col--xs-first vce-col--sm-last vce-col--sm-first vce-col--md-last vce-col--lg-last vce-col--xl-last\" id=\"el-a1717c90\"><div class=\"vce-col-inner\" data-vce-do-apply=\"border margin background  el-a1717c90\"><div class=\"vce-col-content\" data-vce-element-content=\"true\" data-vce-do-apply=\"padding el-a1717c90\"><div class=\"vce-text-block\"><div class=\"vce-text-block-wrapper vce\" id=\"el-15a74bb8\" data-vce-do-apply=\"all el-15a74bb8\"><div class=\"rtejustify\">\n<table border=\"0\" cellspacing=\"0\" cellpadding=\"0\">\n<tbody>\n<tr>\n<td rowspan=\"2\">\n<p>Damit die Spieler nicht in die Illegalit\u00e4t abgleiten, muss zum einen ein attraktives Angebot geschaffen werden, zum anderen m\u00fcssen sozialsch\u00e4dlichen Auswirkungen des Gl\u00fccksspiels reduziert werden. Dieser Herausforderung m\u00fcssen sich alle wissenschaftlichen Disziplinen, die sich mit dem Gl\u00fccksspiel besch\u00e4ftigen, stellen.<\/p>\n<p>Das Programm des Symposiums kn\u00fcpft an den beiden Konferenzen \u201eVon der Gesetzgebung zur Aktion\u201c und \u201eSpielsucht: Pr\u00e4vention in einer abh\u00e4ngigen Gesellschaft\" an, die 2005 und 2008 in Lausanne stattgefunden haben. Neben englischsprachigen Veranstaltungen werden auch Veranstaltungen in den drei Landessprachen angeboten. Damit sollen deutsch- franz\u00f6sisch- sowie italienischsprachige Netzwerke gekn\u00fcpft und gefestigt werden. Zwei Diskussionen an Runden Tischen unter den Titeln \u201eSchadensminderung: Zwischen \u00f6ffentlichem Interesse und Moralvorstellungen\u201c sowie \u201eWelche Gouvernance zur Pr\u00e4vention des exzessiven Gl\u00fcckspiels?\u201c werden eine Bedarfsabkl\u00e4rung und Priorit\u00e4tensetzung zur Vorbeugung spielsuchtspezifischer Probleme vornehmen und eine Synthese des Symposiums erarbeiten.<\/p>\n<p>&nbsp;<\/p>\n<p><span style=\"font-size: 16pt;\"><strong>Klicken Sie hier, um zum Abstrabook zu gelangen :&nbsp;<a href=\"https:\/\/gambling-problems-sympo.ch\/wp-content\/uploads\/2024\/11\/AbstractBook-Neuchatel-2014.pdf\">Symposium, Neuch\u00e2tel 2014<\/a><br><\/strong><\/span><\/p>\n<\/td>\n<td rowspan=\"2\">&nbsp;<\/td>\n<\/tr>\n<\/tbody>\n<\/table>\n<\/div><\/div><\/div><\/div><\/div><\/div><\/div><\/div><\/div><div class=\"vce-row-container\" data-vce-boxed-width=\"true\"><div class=\"vce-row vce-row--col-gap-30 vce-row-equal-height vce-row-content--top\" id=\"el-24890c9a\" data-vce-do-apply=\"all el-24890c9a\"><div class=\"vce-row-content\" data-vce-element-content=\"true\"><div class=\"vce-col vce-col--md-auto vce-col--xs-1 vce-col--xs-last vce-col--xs-first vce-col--sm-last vce-col--sm-first vce-col--md-last vce-col--lg-last vce-col--xl-last vce-col--md-first vce-col--lg-first vce-col--xl-first\" id=\"el-f85486ef\"><div class=\"vce-col-inner\" data-vce-do-apply=\"border margin background  el-f85486ef\"><div class=\"vce-col-content\" data-vce-element-content=\"true\" data-vce-do-apply=\"padding el-f85486ef\"><div class=\"vce-image-masonry-gallery\"><div class=\"vce-image-masonry-gallery-wrapper vce vce-image-masonry-gallery--gap-10 vce-image-masonry-gallery--columns-3\" id=\"el-34604191\" data-vce-do-apply=\"all el-34604191\"><div class=\"vce-image-masonry-gallery-list\"><div class=\"vce-image-masonry-gallery-column\"><a href=\"https:\/\/gambling-problems-sympo.web-romandie.ch\/wp-content\/uploads\/2024\/04\/2014_AbstractBook_JHA_NE_Couverture.jpg\" data-lightbox=\"lightbox-34604191\" class=\"vce-image-masonry-gallery-item\"><img decoding=\"async\" class=\"vce-image-masonry-gallery-img\" src=\"https:\/\/gambling-problems-sympo.web-romandie.ch\/wp-content\/uploads\/2024\/04\/2014_AbstractBook_JHA_NE_Couverture.jpg\" alt=\"\"><\/a><\/div><div class=\"vce-image-masonry-gallery-column\"><a href=\"https:\/\/gambling-problems-sympo.web-romandie.ch\/wp-content\/uploads\/2024\/04\/2014_Photo_JHA_NE_3.jpg\" data-lightbox=\"lightbox-34604191\" class=\"vce-image-masonry-gallery-item\"><img decoding=\"async\" class=\"vce-image-masonry-gallery-img\" src=\"https:\/\/gambling-problems-sympo.web-romandie.ch\/wp-content\/uploads\/2024\/04\/2014_Photo_JHA_NE_3.jpg\" alt=\"\"><\/a><a href=\"https:\/\/gambling-problems-sympo.web-romandie.ch\/wp-content\/uploads\/2024\/04\/2014_Photo_JHA_NE_1.jpg\" data-lightbox=\"lightbox-34604191\" class=\"vce-image-masonry-gallery-item\"><img decoding=\"async\" class=\"vce-image-masonry-gallery-img\" src=\"https:\/\/gambling-problems-sympo.web-romandie.ch\/wp-content\/uploads\/2024\/04\/2014_Photo_JHA_NE_1.jpg\" alt=\"\"><\/a><\/div><div class=\"vce-image-masonry-gallery-column\"><a href=\"https:\/\/gambling-problems-sympo.web-romandie.ch\/wp-content\/uploads\/2024\/04\/2014_Photo_JHA_NE_2.jpg\" data-lightbox=\"lightbox-34604191\" class=\"vce-image-masonry-gallery-item\"><img decoding=\"async\" class=\"vce-image-masonry-gallery-img\" src=\"https:\/\/gambling-problems-sympo.web-romandie.ch\/wp-content\/uploads\/2024\/04\/2014_Photo_JHA_NE_2.jpg\" alt=\"\"><\/a><\/div><\/div><\/div><\/div><\/div><\/div><\/div><\/div><\/div><\/div>","protected":false},"excerpt":{"rendered":"<p>Neuch\u00e2tel 2014In den vergangenen Jahren wurden die Begriffe Pr\u00e4vention und Schadensminderung vor allem im Kontext des Public Health Ansatzes in der Drogenpolitik thematisiert. Auf der Grundlage evidenz-gest\u00fctzter Indikatoren umfasste dieser Ansatz Massnahmen und Programme, um die sozialsch\u00e4dlichen Auswirkungen des Drogenkonsums auf das abh\u00e4ngige Verhalten, die Gesundheit, das soziale System sowie die finanzielle Situation der Betroffenen [&hellip;]<\/p>\n","protected":false},"author":1,"featured_media":0,"parent":387,"menu_order":0,"comment_status":"closed","ping_status":"closed","template":"","meta":{"footnotes":""},"class_list":["post-399","page","type-page","status-publish","hentry"],"_links":{"self":[{"href":"https:\/\/gambling-problems-sympo.ch\/de\/wp-json\/wp\/v2\/pages\/399","targetHints":{"allow":["GET"]}}],"collection":[{"href":"https:\/\/gambling-problems-sympo.ch\/de\/wp-json\/wp\/v2\/pages"}],"about":[{"href":"https:\/\/gambling-problems-sympo.ch\/de\/wp-json\/wp\/v2\/types\/page"}],"author":[{"embeddable":true,"href":"https:\/\/gambling-problems-sympo.ch\/de\/wp-json\/wp\/v2\/users\/1"}],"replies":[{"embeddable":true,"href":"https:\/\/gambling-problems-sympo.ch\/de\/wp-json\/wp\/v2\/comments?post=399"}],"version-history":[{"count":12,"href":"https:\/\/gambling-problems-sympo.ch\/de\/wp-json\/wp\/v2\/pages\/399\/revisions"}],"predecessor-version":[{"id":2265,"href":"https:\/\/gambling-problems-sympo.ch\/de\/wp-json\/wp\/v2\/pages\/399\/revisions\/2265"}],"up":[{"embeddable":true,"href":"https:\/\/gambling-problems-sympo.ch\/de\/wp-json\/wp\/v2\/pages\/387"}],"wp:attachment":[{"href":"https:\/\/gambling-problems-sympo.ch\/de\/wp-json\/wp\/v2\/media?parent=399"}],"curies":[{"name":"wp","href":"https:\/\/api.w.org\/{rel}","templated":true}]}}