{"id":409,"date":"2023-09-15T05:06:32","date_gmt":"2023-09-15T05:06:32","guid":{"rendered":"https:\/\/gambling-problems-sympo.ch\/registration\/"},"modified":"2025-05-14T01:52:57","modified_gmt":"2025-05-14T01:52:57","slug":"anmeldung","status":"publish","type":"page","link":"https:\/\/gambling-problems-sympo.ch\/de\/anmeldung\/","title":{"rendered":"Anmeldung"},"content":{"rendered":"<div class=\"vce-row-container\"><div class=\"vce-row vce-element--has-background vce-row--col-gap-30 banner vce-row-equal-height vce-row-content--top\" data-vce-full-width=\"true\" id=\"el-2130ea72\" data-vce-do-apply=\"all el-2130ea72\"><div class=\"vce-content-background-container\"><div class=\"vce-asset-background-simple-container vce-visible-all-only vce-asset-background-simple--style-cover vce-asset-background-simple--position-left-bottom\"><div class=\"vce-asset-background-simple\">\n              <div class=\"vce-asset-background-simple-item vcv-lozad\" data-background-image=\"https:\/\/gambling-problems-sympo.ch\/wp-content\/uploads\/2024\/10\/image_sympo_copie_MaudeRion_small-scaled.jpg\"><\/div>\n              <noscript>\n                <div class=\"vce-asset-background-simple-item\" style=\"background-image: url(https:\/\/gambling-problems-sympo.ch\/wp-content\/uploads\/2024\/10\/image_sympo_copie_MaudeRion_small-scaled.jpg)\"><\/div>\n              <\/noscript>\n            <\/div><\/div><\/div><div class=\"vce-row-content\" data-vce-element-content=\"true\"><div class=\"vce-col vce-col--md-auto vce-col--xs-1 vce-col--xs-last vce-col--xs-first vce-col--sm-last vce-col--sm-first vce-col--md-last vce-col--lg-last vce-col--xl-last vce-col--md-first vce-col--lg-first vce-col--xl-first\" id=\"el-233bf4a0\"><div class=\"vce-col-inner\" data-vce-do-apply=\"border margin background  el-233bf4a0\"><div class=\"vce-col-content\" data-vce-element-content=\"true\" data-vce-do-apply=\"padding el-233bf4a0\"><div><\/div><\/div><\/div><\/div><\/div><\/div><\/div><div class=\"vce-row-container\" data-vce-boxed-width=\"true\"><div class=\"vce-row vce-row--col-gap-30 vce-row-equal-height vce-row-content--top\" id=\"el-8c812736\" data-vce-do-apply=\"all el-8c812736\"><div class=\"vce-row-content\" data-vce-element-content=\"true\"><div class=\"vce-col vce-col--md-auto vce-col--xs-1 vce-col--xs-last vce-col--xs-first vce-col--sm-last vce-col--sm-first vce-col--md-last vce-col--lg-last vce-col--xl-last vce-col--md-first vce-col--lg-first vce-col--xl-first\" id=\"el-59c96d32\"><div class=\"vce-col-inner\" data-vce-do-apply=\"border margin background  el-59c96d32\"><div class=\"vce-col-content\" data-vce-element-content=\"true\" data-vce-do-apply=\"padding el-59c96d32\"><div class=\"vce-text-block\"><div class=\"vce-text-block-wrapper vce\" id=\"el-521a0f5d\" data-vce-do-apply=\"all el-521a0f5d\"><div class=\"page\" title=\"Page 2\">\n<div class=\"section\">\n<div class=\"layoutArea\">\n<div class=\"column\">\n<p>&nbsp;<\/p>\n<p><span style=\"font-size: 36pt;\"><strong><span style=\"font-family: Figtree; font-weight: 900; font-style: normal;\">Anmeldung<\/span><br><\/strong><\/span><\/p>\n<\/div>\n<\/div>\n<p>&nbsp;<\/p>\n<div class=\"layoutArea\">\n<div class=\"column\">\n<p><span style=\"font-size: 14pt; font-family: Figtree;\">Die Online-Anmeldung ist ab dem 15. November 2024 ge\u00f6ffnet.<\/span><\/p>\n<p>&nbsp;<\/p>\n<p><span style=\"font-size: 14pt; font-family: Figtree;\"><strong><span style=\"font-size: 24pt;\">Wichtige Termine<\/span><br><\/strong><\/span><\/p>\n<ul>\n<li><span style=\"font-size: 14pt; font-family: Figtree;\">Frist f\u00fcr die Einreichung von Abstracts: <del>15. Februar 2025<\/del> <strong><span style=\"color: #ff0000;\">Die Frist f\u00fcr die Einreichung von Abstracts wurde bis zum 25. Februar verl\u00e4ngert.<\/span><\/strong><br><\/span><\/li>\n<li><span style=\"font-size: 14pt; font-family: Figtree;\">Frist f\u00fcr die Anmeldung zum erm\u00e4ssigten Tarif: 12. M\u00e4rz 2025<\/span><\/li>\n<\/ul>\n<\/div>\n<\/div>\n<\/div>\n<\/div>\n<p>&nbsp;<\/p>\n<p><span style=\"font-size: 16pt; color: #517898;\"><strong><span style=\"font-family: Figtree;\">Young Investigator Grant<\/span><\/strong><\/span><\/p>\n<p><span style=\"font-family: Figtree; font-size: 14pt;\">Um die Forschungsbem\u00fchungen von Berufseinsteigern zu f\u00f6rdern, wurde mit Unterst\u00fctzung der SSAM ein Stipendium zur Verf\u00fcgung gestellt, um die Teilnahme am Symposium zu erleichtern. Bewerben Sie sich <a href=\"https:\/\/gambling-problems-sympo.ch\/wp-content\/uploads\/2025\/01\/Bourse_Young_Investigators_EN-1.docx\" target=\"_blank\" rel=\"noopener\"><strong>hier<\/strong><\/a>!<\/span><\/p>\n<p>&nbsp;<\/p>\n<div class=\"page\" title=\"Page 2\">\n<div class=\"section\">\n<div class=\"layoutArea\">\n<div class=\"column\"><hr>\n<p>&nbsp;<\/p>\n<p><span style=\"font-size: 14pt; font-family: Figtree;\">Die Anmeldegeb\u00fchr umfasst zwei Kaffeepausen sowie ein Buffet-Mittagessen an den Tagen 19. und 20. Juni. <\/span><\/p>\n<p>&nbsp;<\/p>\n<p><span style=\"font-size: 24pt; color: #517898; font-family: Figtree;\"><strong>Anmeldegeb\u00fchren<\/strong><\/span><\/p>\n<p><span style=\"font-family: Figtree;\"><img loading=\"lazy\" decoding=\"async\" class=\"alignnone wp-image-2824 size-large\" src=\"https:\/\/gambling-problems-sympo.ch\/wp-content\/uploads\/2025\/05\/Nouveaux_tarifs_ALL-1024x324.png\" alt=\"\" width=\"800\" height=\"253\" srcset=\"https:\/\/gambling-problems-sympo.ch\/wp-content\/uploads\/2025\/05\/Nouveaux_tarifs_ALL-1024x324.png 1024w, https:\/\/gambling-problems-sympo.ch\/wp-content\/uploads\/2025\/05\/Nouveaux_tarifs_ALL-300x95.png 300w, https:\/\/gambling-problems-sympo.ch\/wp-content\/uploads\/2025\/05\/Nouveaux_tarifs_ALL-768x243.png 768w, https:\/\/gambling-problems-sympo.ch\/wp-content\/uploads\/2025\/05\/Nouveaux_tarifs_ALL-1536x487.png 1536w, https:\/\/gambling-problems-sympo.ch\/wp-content\/uploads\/2025\/05\/Nouveaux_tarifs_ALL-2048x649.png 2048w, https:\/\/gambling-problems-sympo.ch\/wp-content\/uploads\/2025\/05\/Nouveaux_tarifs_ALL-320x101.png 320w, https:\/\/gambling-problems-sympo.ch\/wp-content\/uploads\/2025\/05\/Nouveaux_tarifs_ALL-480x152.png 480w, https:\/\/gambling-problems-sympo.ch\/wp-content\/uploads\/2025\/05\/Nouveaux_tarifs_ALL-800x253.png 800w, https:\/\/gambling-problems-sympo.ch\/wp-content\/uploads\/2025\/05\/Nouveaux_tarifs_ALL-1320x418.png 1320w\" sizes=\"auto, (max-width: 800px) 100vw, 800px\" \/><\/span><\/p>\n<p><span style=\"font-size: 14pt; font-family: Figtree;\">Bei der Online-Anmeldung k\u00f6nnen Sie auch folgende Optionen ausw\u00e4hlen:<\/span><\/p>\n<ul>\n<li><span style=\"font-size: 14pt; font-family: Figtree;\">Er\u00f6ffnungs-Konferenz am Mittwoch, den 18. Juni (18:00 Uhr): kostenlos<\/span><\/li>\n<li><span style=\"font-size: 14pt; font-family: Figtree;\">Abendessen (Buffet) am Mittwoch, den 18. Juni: CHF 20<\/span><\/li>\n<li><span style=\"font-size: 14pt; font-family: Figtree;\">Konferenz-Dinner am Donnerstag, den 19. Juni: CHF 40<\/span><\/li>\n<\/ul>\n<hr>\n<p>&nbsp;<\/p>\n<p>&nbsp;<\/p>\n<p><span style=\"font-size: 14pt; font-family: Figtree;\"><strong>\u00dcber das Anmeldeformular zum Symposium k\u00f6nnen ausschliesslich Zimmer im Konferenz- und Seminarzentrum von Caux, dem Veranstaltungsort des Symposiums, reserviert werden. Die Anzahl der Zimmer ist begrenzt!<\/strong><\/span><\/p>\n<p><span style=\"font-size: 14pt; font-family: Figtree;\">Unterkunftsm\u00f6glichkeiten im Konferenz- und Seminarzentrum von Caux:<\/span><\/p>\n<ul>\n<li><span style=\"font-size: 14pt; font-family: Figtree;\">Einzelzimmer: CHF 140 pro Nacht<\/span><\/li>\n<li><span style=\"font-size: 14pt; font-family: Figtree;\">Doppelzimmer (2 Betten): CHF 180 pro Nacht<\/span><\/li>\n<\/ul>\n<p style=\"line-height: 1;\"><span style=\"font-size: 14pt; font-family: Figtree;\">Im Preis inbegriffen sind: Fr\u00fchst\u00fcck, Kurtaxe, Mehrwertsteuer und eine Montreux-Caux Transportkarte.<\/span><\/p>\n<p style=\"line-height: 1;\"><span style=\"font-size: 14pt; font-family: Figtree;\">Maximale Aufenthaltsdauer: vom 17. Juni bis 21. Juni 2025 (4 N\u00e4chte).<\/span><\/p>\n<p style=\"line-height: 1;\"><span style=\"font-size: 14pt; font-family: Figtree;\">An den Abenden des 17. und 20. Juni wird kein Abendessen serviert.<\/span><\/p>\n<br>\n<p>&nbsp;<\/p>\n<p><span style=\"font-family: Figtree;\"><a href=\"https:\/\/gambling-problems-sympo.ch\/wp-content\/uploads\/2024\/11\/Accommodation_JHA2025-1.pdf\" target=\"_blank\" rel=\"noopener\"><strong><span style=\"font-size: 16pt;\">Klicken Sie hier, um andere Unterkunftsm\u00f6glichkeiten zu sehen.<\/span><\/strong><\/a><\/span><\/p>\n<p>&nbsp;<\/p>\n<\/div>\n<\/div>\n<\/div>\n<\/div><\/div><\/div><\/div><\/div><\/div><\/div><\/div><\/div><div class=\"vce-row-container\" data-vce-boxed-width=\"true\"><div class=\"vce-row vce-row--col-gap-30 vce-row-equal-height vce-row-content--top\" id=\"el-750a40bc\" data-vce-do-apply=\"all el-750a40bc\"><div class=\"vce-row-content\" data-vce-element-content=\"true\"><div class=\"vce-col vce-col--md-auto vce-col--xs-1 vce-col--xs-last vce-col--xs-first vce-col--sm-last vce-col--sm-first vce-col--md-last vce-col--lg-last vce-col--xl-last vce-col--md-first vce-col--lg-first vce-col--xl-first\" id=\"el-fef85388\"><div class=\"vce-col-inner\" data-vce-do-apply=\"border margin background  el-fef85388\"><div class=\"vce-col-content\" data-vce-element-content=\"true\" data-vce-do-apply=\"padding el-fef85388\"><div class=\"vce-text-block\"><div class=\"vce-text-block-wrapper vce\" id=\"el-609bf884\" data-vce-do-apply=\"all el-609bf884\"><p>&nbsp;<\/p>\n<p><a href=\"https:\/\/b-com.mci-group.com\/CommunityPortal\/ProgressivePortal\/EXCGAM2025\/App\/Views\/InformationPage\/View.aspx?InformationPageID=17994\" target=\"_blank\" rel=\"noopener\"><img loading=\"lazy\" decoding=\"async\" class=\"alignnone wp-image-1540\" src=\"https:\/\/gambling-problems-sympo.ch\/wp-content\/uploads\/2024\/11\/Registration_bouton_DE.jpg\" alt=\"\" width=\"400\" height=\"88\" srcset=\"https:\/\/gambling-problems-sympo.ch\/wp-content\/uploads\/2024\/11\/Registration_bouton_DE.jpg 807w, https:\/\/gambling-problems-sympo.ch\/wp-content\/uploads\/2024\/11\/Registration_bouton_DE-300x66.jpg 300w, https:\/\/gambling-problems-sympo.ch\/wp-content\/uploads\/2024\/11\/Registration_bouton_DE-768x168.jpg 768w, https:\/\/gambling-problems-sympo.ch\/wp-content\/uploads\/2024\/11\/Registration_bouton_DE-320x70.jpg 320w, https:\/\/gambling-problems-sympo.ch\/wp-content\/uploads\/2024\/11\/Registration_bouton_DE-480x105.jpg 480w, https:\/\/gambling-problems-sympo.ch\/wp-content\/uploads\/2024\/11\/Registration_bouton_DE-800x175.jpg 800w\" sizes=\"auto, (max-width: 400px) 100vw, 400px\" \/><\/a><\/p><\/div><\/div><\/div><\/div><\/div><\/div><\/div><\/div>","protected":false},"excerpt":{"rendered":"<p>&nbsp; Anmeldung &nbsp; Die Online-Anmeldung ist ab dem 15. November 2024 ge\u00f6ffnet. &nbsp; Wichtige Termine Frist f\u00fcr die Einreichung von Abstracts: 15. Februar 2025 Die Frist f\u00fcr die Einreichung von Abstracts wurde bis zum 25. Februar verl\u00e4ngert. Frist f\u00fcr die Anmeldung zum erm\u00e4ssigten Tarif: 12. M\u00e4rz 2025 &nbsp; Young Investigator Grant Um die Forschungsbem\u00fchungen von [&hellip;]<\/p>\n","protected":false},"author":1,"featured_media":0,"parent":0,"menu_order":0,"comment_status":"closed","ping_status":"closed","template":"","meta":{"footnotes":""},"class_list":["post-409","page","type-page","status-publish","hentry"],"_links":{"self":[{"href":"https:\/\/gambling-problems-sympo.ch\/de\/wp-json\/wp\/v2\/pages\/409","targetHints":{"allow":["GET"]}}],"collection":[{"href":"https:\/\/gambling-problems-sympo.ch\/de\/wp-json\/wp\/v2\/pages"}],"about":[{"href":"https:\/\/gambling-problems-sympo.ch\/de\/wp-json\/wp\/v2\/types\/page"}],"author":[{"embeddable":true,"href":"https:\/\/gambling-problems-sympo.ch\/de\/wp-json\/wp\/v2\/users\/1"}],"replies":[{"embeddable":true,"href":"https:\/\/gambling-problems-sympo.ch\/de\/wp-json\/wp\/v2\/comments?post=409"}],"version-history":[{"count":26,"href":"https:\/\/gambling-problems-sympo.ch\/de\/wp-json\/wp\/v2\/pages\/409\/revisions"}],"predecessor-version":[{"id":2827,"href":"https:\/\/gambling-problems-sympo.ch\/de\/wp-json\/wp\/v2\/pages\/409\/revisions\/2827"}],"wp:attachment":[{"href":"https:\/\/gambling-problems-sympo.ch\/de\/wp-json\/wp\/v2\/media?parent=409"}],"curies":[{"name":"wp","href":"https:\/\/api.w.org\/{rel}","templated":true}]}}