{"id":530,"date":"2024-04-24T04:37:18","date_gmt":"2024-04-24T04:37:18","guid":{"rendered":"https:\/\/gambling-problems-sympo.ch\/lausanne-2008-2\/"},"modified":"2024-12-10T17:06:37","modified_gmt":"2024-12-10T17:06:37","slug":"lausanne-2008","status":"publish","type":"page","link":"https:\/\/gambling-problems-sympo.ch\/de\/archives\/lausanne-2008\/","title":{"rendered":"Lausanne 2008"},"content":{"rendered":"<p><\/p>\n<div class=\"vce-row-container\">\n<div class=\"vce-row vce-element--has-background vce-row--col-gap-30 banner vce-row-equal-height vce-row-content--top\" data-vce-full-width=\"true\" id=\"el-a750ae7f\" data-vce-do-apply=\"all el-a750ae7f\">\n<div class=\"vce-content-background-container\">\n<div class=\"vce-asset-background-simple-container vce-visible-all-only vce-asset-background-simple--style-cover vce-asset-background-simple--position-left-bottom\">\n<div class=\"vce-asset-background-simple\">\n<div class=\"vce-asset-background-simple-item vcv-lozad\" data-background-image=\"https:\/\/gambling-problems-sympo.ch\/wp-content\/uploads\/2024\/12\/image_sympo_copie_MaudeRion_small-scaled.jpg\"><\/div>\n<p>              <noscript><\/p>\n<div class=\"vce-asset-background-simple-item\" style=\"background-image: url(https:\/\/gambling-problems-sympo.ch\/wp-content\/uploads\/2024\/12\/image_sympo_copie_MaudeRion_small-scaled.jpg)\"><\/div>\n<p>              <\/noscript>\n            <\/div>\n<\/div>\n<\/div>\n<div class=\"vce-row-content\" data-vce-element-content=\"true\"><\/p>\n<div class=\"vce-col vce-col--md-auto vce-col--xs-1 vce-col--xs-last vce-col--xs-first vce-col--sm-last vce-col--sm-first vce-col--md-last vce-col--lg-last vce-col--xl-last vce-col--md-first vce-col--lg-first vce-col--xl-first\" id=\"el-97f61753\">\n<div class=\"vce-col-inner\" data-vce-do-apply=\"border margin background  el-97f61753\">\n<div class=\"vce-col-content\" data-vce-element-content=\"true\" data-vce-do-apply=\"padding el-97f61753\">\n<div><\/div><\/div>\n<\/div>\n<\/div>\n<p><\/div>\n<\/div>\n<\/div>\n<p><\/p>\n<div class=\"vce-row-container\" data-vce-boxed-width=\"true\">\n<div class=\"vce-row vce-row--col-gap-30 vce-row-equal-height vce-row-content--top\" id=\"el-694d02db\" data-vce-do-apply=\"all el-694d02db\">\n<div class=\"vce-row-content\" data-vce-element-content=\"true\"><\/p>\n<div class=\"vce-col vce-col--md-auto vce-col--xs-1 vce-col--xs-last vce-col--xs-first vce-col--sm-last vce-col--sm-first vce-col--md-first vce-col--lg-first vce-col--xl-first\" id=\"el-50b59d23\">\n<div class=\"vce-col-inner\" data-vce-do-apply=\"border margin background  el-50b59d23\">\n<div class=\"vce-col-content\" data-vce-element-content=\"true\" data-vce-do-apply=\"padding el-50b59d23\"><\/p>\n<div class=\"vce-text-block\">\n<div class=\"vce-text-block-wrapper vce\" id=\"el-f623362d\" data-vce-do-apply=\"all el-f623362d\">\n<h1><span style=\"font-family: Figtree; font-weight: 900; font-style: normal;\">Lausanne 2008<\/span><\/h1>\n<\/div>\n<\/div>\n<p><\/div>\n<\/div>\n<\/div>\n<p><\/p>\n<div class=\"vce-col vce-col--md-auto vce-col--xs-1 vce-col--xs-last vce-col--xs-first vce-col--sm-last vce-col--sm-first vce-col--md-last vce-col--lg-last vce-col--xl-last\" id=\"el-05e62137\">\n<div class=\"vce-col-inner\" data-vce-do-apply=\"border margin background  el-05e62137\">\n<div class=\"vce-col-content\" data-vce-element-content=\"true\" data-vce-do-apply=\"padding el-05e62137\"><\/p>\n<div class=\"vce-text-block\">\n<div class=\"vce-text-block-wrapper vce\" id=\"el-2e484534\" data-vce-do-apply=\"all el-2e484534\">\n<p>&nbsp;<\/p>\n<p style=\"text-align: right;\"><a href=\"https:\/\/gambling-problems-sympo.ch\/fr\/archives\/\"><span style=\"font-size: 14pt; color: #808080;\">\u2190 Retour aux Archives<\/span><\/a><\/p>\n<\/div>\n<\/div>\n<p><\/div>\n<\/div>\n<\/div>\n<p><\/div>\n<\/div>\n<\/div>\n<p><\/p>\n<div class=\"vce-row-container\" data-vce-boxed-width=\"true\">\n<div class=\"vce-row vce-row--col-gap-30 vce-row-equal-height vce-row-content--top\" id=\"el-8be97162\" data-vce-do-apply=\"all el-8be97162\">\n<div class=\"vce-row-content\" data-vce-element-content=\"true\"><\/p>\n<div class=\"vce-col vce-col--md-auto vce-col--xs-1 vce-col--xs-last vce-col--xs-first vce-col--sm-last vce-col--sm-first vce-col--md-first vce-col--lg-first vce-col--xl-first\" id=\"el-e7be26dc\">\n<div class=\"vce-col-inner\" data-vce-do-apply=\"border margin background  el-e7be26dc\">\n<div class=\"vce-col-content\" data-vce-element-content=\"true\" data-vce-do-apply=\"padding el-e7be26dc\"><\/p>\n<div class=\"vce-text-block\">\n<div class=\"vce-text-block-wrapper vce\" id=\"el-2aec7bb4\" data-vce-do-apply=\"all el-2aec7bb4\">\n<div class=\"rtejustify\">\n<table border=\"0\" cellspacing=\"0\" cellpadding=\"0\">\n<tbody>\n<tr>\n<td>\n<table border=\"0\" cellspacing=\"0\" cellpadding=\"0\">\n<tbody>\n<tr>\n<td>\n<p class=\"rtejustify\">Dans un contexte d\u2019expansion \u00e9conomique sans pr\u00e9c\u00e9dent de l\u2019industrie des jeux d\u2019argent, quelle peut \u00eatre la place d\u2019une politique de sant\u00e9 publique des addictions dites \u00ab&nbsp;comportementales&nbsp;\u00bb&nbsp;? Vous \u00eates chaleureusement convi\u00e9-es \u00e0 deux journ\u00e9es consacr\u00e9es aux d\u00e9veloppements scientifiques sur ce th\u00e8me.<\/p>\n<p class=\"rtejustify\">La rencontre s\u2019adresse aux professions socio-sanitaires, aux chercheurs, aux personnes intervenantes au sein de l\u2019industrie du jeu, mais aussi aux intervenants des milieux \u00e9conomiques et juridiques, aux responsables politiques, et \u00e0 tout professionnel concern\u00e9.<\/p>\n<p class=\"rtejustify\">Nous souhaitons \u00e0 tous des \u00e9changes stimulants.<\/p>\n<p class=\"rtejustify\">Le Conseil scientifique Le Comit\u00e9 d\u2019organisation<\/p>\n<\/td>\n<td><img decoding=\"async\" src=\"https:\/\/gambling-problems-sympo.ch\/sites\/default\/files\/2014_AbstractBook_JHA_NE.pdf\" alt=\"\" width=\"100\"><\/td>\n<\/tr>\n<\/tbody>\n<\/table>\n<\/td>\n<td>&nbsp;<\/td>\n<\/tr>\n<\/tbody>\n<\/table>\n<\/div>\n<\/div>\n<\/div>\n<p><\/div>\n<\/div>\n<\/div>\n<p><\/p>\n<div class=\"vce-col vce-col--md-auto vce-col--xs-1 vce-col--xs-last vce-col--xs-first vce-col--sm-last vce-col--sm-first vce-col--md-last vce-col--lg-last vce-col--xl-last\" id=\"el-a1717c90\">\n<div class=\"vce-col-inner\" data-vce-do-apply=\"border margin background  el-a1717c90\">\n<div class=\"vce-col-content\" data-vce-element-content=\"true\" data-vce-do-apply=\"padding el-a1717c90\"><\/p>\n<div class=\"vce-image-masonry-gallery\">\n<div class=\"vce-image-masonry-gallery-wrapper vce vce-image-masonry-gallery--gap-10 vce-image-masonry-gallery--columns-2\" id=\"el-34604191\" data-vce-do-apply=\"all el-34604191\">\n<div class=\"vce-image-masonry-gallery-list\">\n<div class=\"vce-image-masonry-gallery-column\"><a href=\"https:\/\/gambling-problems-sympo.web-romandie.ch\/wp-content\/uploads\/2024\/04\/2008_Actes_JHA_LSNE_Couverture.jpg\" data-lightbox=\"lightbox-34604191\" class=\"vce-image-masonry-gallery-item\"><img decoding=\"async\" class=\"vce-image-masonry-gallery-img\" src=\"https:\/\/gambling-problems-sympo.web-romandie.ch\/wp-content\/uploads\/2024\/04\/2008_Actes_JHA_LSNE_Couverture.jpg\" alt=\"\"><\/a><\/div>\n<div class=\"vce-image-masonry-gallery-column\"><a href=\"https:\/\/gambling-problems-sympo.web-romandie.ch\/wp-content\/uploads\/2024\/04\/2008_Abstractbook_JHA_LSNE_Couverture.jpg\" data-lightbox=\"lightbox-34604191\" class=\"vce-image-masonry-gallery-item\"><img decoding=\"async\" class=\"vce-image-masonry-gallery-img\" src=\"https:\/\/gambling-problems-sympo.web-romandie.ch\/wp-content\/uploads\/2024\/04\/2008_Abstractbook_JHA_LSNE_Couverture.jpg\" alt=\"\"><\/a><\/div>\n<\/div>\n<\/div>\n<\/div>\n<p><\/div>\n<\/div>\n<\/div>\n<p><\/div>\n<\/div>\n<\/div>\n<p><\/p>\n","protected":false},"excerpt":{"rendered":"<p>Lausanne 2008 &nbsp; \u2190 Retour aux Archives Dans un contexte d\u2019expansion \u00e9conomique sans pr\u00e9c\u00e9dent de l\u2019industrie des jeux d\u2019argent, quelle peut \u00eatre la place d\u2019une politique de sant\u00e9 publique des addictions dites \u00ab&nbsp;comportementales&nbsp;\u00bb&nbsp;? Vous \u00eates chaleureusement convi\u00e9-es \u00e0 deux journ\u00e9es consacr\u00e9es aux d\u00e9veloppements scientifiques sur ce th\u00e8me. La rencontre s\u2019adresse aux professions socio-sanitaires, aux chercheurs, [&hellip;]<\/p>\n","protected":false},"author":1,"featured_media":0,"parent":387,"menu_order":0,"comment_status":"closed","ping_status":"closed","template":"","meta":{"footnotes":""},"class_list":["post-530","page","type-page","status-publish","hentry"],"_links":{"self":[{"href":"https:\/\/gambling-problems-sympo.ch\/de\/wp-json\/wp\/v2\/pages\/530","targetHints":{"allow":["GET"]}}],"collection":[{"href":"https:\/\/gambling-problems-sympo.ch\/de\/wp-json\/wp\/v2\/pages"}],"about":[{"href":"https:\/\/gambling-problems-sympo.ch\/de\/wp-json\/wp\/v2\/types\/page"}],"author":[{"embeddable":true,"href":"https:\/\/gambling-problems-sympo.ch\/de\/wp-json\/wp\/v2\/users\/1"}],"replies":[{"embeddable":true,"href":"https:\/\/gambling-problems-sympo.ch\/de\/wp-json\/wp\/v2\/comments?post=530"}],"version-history":[{"count":4,"href":"https:\/\/gambling-problems-sympo.ch\/de\/wp-json\/wp\/v2\/pages\/530\/revisions"}],"predecessor-version":[{"id":2273,"href":"https:\/\/gambling-problems-sympo.ch\/de\/wp-json\/wp\/v2\/pages\/530\/revisions\/2273"}],"up":[{"embeddable":true,"href":"https:\/\/gambling-problems-sympo.ch\/de\/wp-json\/wp\/v2\/pages\/387"}],"wp:attachment":[{"href":"https:\/\/gambling-problems-sympo.ch\/de\/wp-json\/wp\/v2\/media?parent=530"}],"curies":[{"name":"wp","href":"https:\/\/api.w.org\/{rel}","templated":true}]}}