{"id":10,"date":"2023-09-14T08:55:08","date_gmt":"2023-09-14T08:55:08","guid":{"rendered":"https:\/\/gambling-problems-sympo.ch\/?page_id=10"},"modified":"2025-03-21T08:47:53","modified_gmt":"2025-03-21T08:47:53","slug":"lieux-de-conference","status":"publish","type":"page","link":"https:\/\/gambling-problems-sympo.ch\/fr\/lieux-de-conference\/","title":{"rendered":"Lieux de conf\u00e9rence"},"content":{"rendered":"<div class=\"vce-row-container\"><div class=\"vce-row vce-element--has-background vce-row--col-gap-30 banner vce-row-equal-height vce-row-content--top\" data-vce-full-width=\"true\" id=\"el-1af386fc\" data-vce-do-apply=\"all el-1af386fc\"><div class=\"vce-content-background-container\"><div class=\"vce-asset-background-simple-container vce-visible-all-only vce-asset-background-simple--style-cover vce-asset-background-simple--position-right-bottom\"><div class=\"vce-asset-background-simple\">\n              <div class=\"vce-asset-background-simple-item vcv-lozad\" data-background-image=\"https:\/\/gambling-problems-sympo.ch\/wp-content\/uploads\/2024\/10\/Caux_palace_web-copie-scaled.jpg\"><\/div>\n              <noscript>\n                <div class=\"vce-asset-background-simple-item\" style=\"background-image: url(https:\/\/gambling-problems-sympo.ch\/wp-content\/uploads\/2024\/10\/Caux_palace_web-copie-scaled.jpg)\"><\/div>\n              <\/noscript>\n            <\/div><\/div><\/div><div class=\"vce-row-content\" data-vce-element-content=\"true\"><div class=\"vce-col vce-col--md-auto vce-col--xs-1 vce-col--xs-last vce-col--xs-first vce-col--sm-last vce-col--sm-first vce-col--md-last vce-col--lg-last vce-col--xl-last vce-col--md-first vce-col--lg-first vce-col--xl-first\" id=\"el-3c32801d\"><div class=\"vce-col-inner\" data-vce-do-apply=\"border margin background  el-3c32801d\"><div class=\"vce-col-content\" data-vce-element-content=\"true\" data-vce-do-apply=\"padding el-3c32801d\"><div><\/div><\/div><\/div><\/div><\/div><\/div><\/div><div class=\"vce-row-container\" data-vce-boxed-width=\"true\"><div class=\"vce-row vce-row--col-gap-30 vce-row-equal-height vce-row-content--top\" id=\"el-054426d0\" data-vce-do-apply=\"all el-054426d0\"><div class=\"vce-row-content\" data-vce-element-content=\"true\"><div class=\"vce-col vce-col--md-auto vce-col--xs-1 vce-col--xs-last vce-col--xs-first vce-col--sm-last vce-col--sm-first vce-col--md-last vce-col--lg-last vce-col--xl-last vce-col--md-first vce-col--lg-first vce-col--xl-first\" id=\"el-c4332255\"><div class=\"vce-col-inner\" data-vce-do-apply=\"border margin background  el-c4332255\"><div class=\"vce-col-content\" data-vce-element-content=\"true\" data-vce-do-apply=\"padding el-c4332255\"><div class=\"vce-text-block\"><div class=\"vce-text-block-wrapper vce\" id=\"el-3a343078\" data-vce-do-apply=\"all el-3a343078\"><div class=\"page\" title=\"Page 2\">\n<div class=\"section\">\n<div class=\"layoutArea\">\n<div class=\"column\">\n<div class=\"page\" title=\"Page 2\">\n<div class=\"section\">\n<div class=\"layoutArea\">\n<p>&nbsp;<\/p>\n<div class=\"column\">\n<p><span style=\"font-size: 36pt; font-family: Figtree; font-weight: 900; font-style: normal;\"><strong>Lieu du symposium<\/strong><\/span><\/p>\n<p>&nbsp;<\/p>\n<p style=\"line-height: 1.5;\"><span style=\"font-size: 14pt; font-family: Figtree;\">Le symposium se tiendra au Centre de conf\u00e9rences et de s\u00e9minaires de Caux sur les hauts de Montreux. <strong>Le Centre de conf\u00e9rences offre la possibilit\u00e9 d\u2019un h\u00e9bergement sur place.<\/strong> Sur la ligne du train \u00e0 cr\u00e9maill\u00e8re qui relie Montreux aux Rochers-de-Naye, Caux est directement desservi par le r\u00e9seau ferroviaire suisse en 1h40 depuis l\u2019a\u00e9roport de Gen\u00e8ve (<a href=\"http:\/\/www.sbb.ch\/fr\">www.sbb.ch\/fr<\/a>).<\/span><\/p>\n<p style=\"line-height: 1.5;\"><span style=\"font-size: 14pt; font-family: Figtree;\">Il est fortement recommand\u00e9 d'utiliser les transports publics pour rejoindre Caux car le nombre de places de parking est tr\u00e8s limit\u00e9.<\/span><\/p>\n<p>&nbsp;<\/p>\n<p style=\"line-height: 1.5;\"><span style=\"font-size: 14pt; font-family: Figtree;\"><a href=\"https:\/\/maps.app.goo.gl\/zaqnkaHHW7rDWLB39\"><strong>Cliquez ici pour voir la carte d\u00e9taill\u00e9e !<\/strong><\/a><\/span><\/p>\n<p>&nbsp;<\/p>\n<p style=\"line-height: 1.5;\"><span style=\"font-size: 14pt; font-family: Figtree;\">La r\u00e9ception du Centre de conf\u00e9rence se trouve \u00e0 environ 300 m\u00e8tres de la gare de Caux.<\/span><\/p>\n<p style=\"line-height: 1.5;\"><span style=\"font-size: 14pt; font-family: Figtree;\">Pour plus d'informations, veuillez consulter le site internet de l'h\u00f4tel : <a href=\"https:\/\/cauxpalace.ch\/\">https:\/\/cauxpalace.ch\/ <\/a><\/span><\/p>\n<\/div>\n<\/div>\n<\/div>\n<div class=\"section\">\n<div class=\"layoutArea\">\n<p>&nbsp;<\/p>\n<p>&nbsp;<\/p>\n<\/div>\n<\/div>\n<\/div>\n<\/div>\n<\/div>\n<\/div>\n<\/div><\/div><\/div><div class=\"vce-text-block\"><div class=\"vce-text-block-wrapper vce\" id=\"el-e48c7b5a\" data-vce-do-apply=\"all el-e48c7b5a\"><\/div><\/div><div class=\"vce vce-separator-container vce-separator--align-center vce-separator--style-solid\" id=\"el-20c8ad39\" data-vce-do-apply=\"margin el-20c8ad39\"><div class=\"vce-separator vce-separator--color-bfc0c1 vce-separator--width-60 vce-separator--thickness-1\" data-vce-do-apply=\"border padding background  el-20c8ad39\"><\/div><\/div><\/div><\/div><\/div><\/div><\/div><\/div><div class=\"vce-row-container\" data-vce-boxed-width=\"true\"><div class=\"vce-row vce-row--col-gap-30 vce-row-equal-height vce-row-content--top\" id=\"el-82b80872\" data-vce-do-apply=\"all el-82b80872\"><div class=\"vce-row-content\" data-vce-element-content=\"true\"><div class=\"vce-col vce-col--md-auto vce-col--xs-1 vce-col--xs-last vce-col--xs-first vce-col--sm-last vce-col--sm-first vce-col--md-last vce-col--lg-last vce-col--xl-last vce-col--md-first vce-col--lg-first vce-col--xl-first\" id=\"el-262e2549\"><div class=\"vce-col-inner\" data-vce-do-apply=\"border margin background  el-262e2549\"><div class=\"vce-col-content\" data-vce-element-content=\"true\" data-vce-do-apply=\"padding el-262e2549\"><div class=\"vce-image-gallery vce-image-gallery--gap-10 vce-image-gallery--columns-4\"><div class=\"vce-image-gallery-wrapper vce\" id=\"el-9af17ba2\" data-vce-do-apply=\"all el-9af17ba2\"><div class=\"vce-image-gallery-list\"><div class=\"vce-image-gallery-item\"><figure class=\"vce-image-gallery-item-inner-wrapper\"><a href=\"https:\/\/gambling-problems-sympo.ch\/wp-content\/uploads\/2024\/11\/vue_caux_palace_terrasse-1.png\" data-lightbox=\"lightbox-9af17ba2\" class=\"vce-image-gallery-item-inner\"><img decoding=\"async\" class=\"vce-image-gallery-img\" src=\"https:\/\/gambling-problems-sympo.ch\/wp-content\/uploads\/2024\/11\/vue_caux_palace_terrasse-1.png\" alt=\"\" title=\"vue_caux_palace_terrasse\"><\/a><\/figure><\/div><div class=\"vce-image-gallery-item\"><figure class=\"vce-image-gallery-item-inner-wrapper\"><a href=\"https:\/\/gambling-problems-sympo.ch\/wp-content\/uploads\/2024\/11\/vue_caux_palace-1.png\" data-lightbox=\"lightbox-9af17ba2\" class=\"vce-image-gallery-item-inner\"><img decoding=\"async\" class=\"vce-image-gallery-img\" src=\"https:\/\/gambling-problems-sympo.ch\/wp-content\/uploads\/2024\/11\/vue_caux_palace-1.png\" alt=\"\" title=\"vue_caux_palace\"><\/a><\/figure><\/div><div class=\"vce-image-gallery-item\"><figure class=\"vce-image-gallery-item-inner-wrapper\"><a href=\"https:\/\/gambling-problems-sympo.ch\/wp-content\/uploads\/2024\/11\/Conference-Room-1-1.png\" data-lightbox=\"lightbox-9af17ba2\" class=\"vce-image-gallery-item-inner\"><img decoding=\"async\" class=\"vce-image-gallery-img\" src=\"https:\/\/gambling-problems-sympo.ch\/wp-content\/uploads\/2024\/11\/Conference-Room-1-1.png\" alt=\"\" title=\"Conference-Room-1\"><\/a><\/figure><\/div><div class=\"vce-image-gallery-item\"><figure class=\"vce-image-gallery-item-inner-wrapper\"><a href=\"https:\/\/gambling-problems-sympo.ch\/wp-content\/uploads\/2024\/11\/GrandHall-1.png\" data-lightbox=\"lightbox-9af17ba2\" class=\"vce-image-gallery-item-inner\"><img decoding=\"async\" class=\"vce-image-gallery-img\" src=\"https:\/\/gambling-problems-sympo.ch\/wp-content\/uploads\/2024\/11\/GrandHall-1.png\" alt=\"\" title=\"GrandHall\"><\/a><\/figure><\/div><\/div><\/div><\/div><\/div><\/div><\/div><\/div><\/div><\/div><div class=\"vce-row-container\" data-vce-boxed-width=\"true\"><div class=\"vce-row vce-row--col-gap-30 vce-row-equal-height vce-row-content--top\" id=\"el-956225f2\" data-vce-do-apply=\"all el-956225f2\"><div class=\"vce-row-content\" data-vce-element-content=\"true\"><div class=\"vce-col vce-col--md-auto vce-col--xs-1 vce-col--xs-last vce-col--xs-first vce-col--sm-last vce-col--sm-first vce-col--md-last vce-col--lg-last vce-col--xl-last vce-col--md-first vce-col--lg-first vce-col--xl-first\" id=\"el-9145ca74\"><div class=\"vce-col-inner\" data-vce-do-apply=\"border margin background  el-9145ca74\"><div class=\"vce-col-content\" data-vce-element-content=\"true\" data-vce-do-apply=\"padding el-9145ca74\"><div class=\"vce-text-block\"><div class=\"vce-text-block-wrapper vce\" id=\"el-8b5ac4d0\" data-vce-do-apply=\"all el-8b5ac4d0\"><p style=\"text-align: right;\"><span style=\"font-size: 10pt;\">\u00a9Photos: Jean-R\u00e9my Berthoud, Nicolas Lieber, Adrien Giovannelli et Leela Channer.<\/span><\/p><\/div><\/div><\/div><\/div><\/div><\/div><\/div><\/div>","protected":false},"excerpt":{"rendered":"<p>&nbsp; Lieu du symposium &nbsp; Le symposium se tiendra au Centre de conf\u00e9rences et de s\u00e9minaires de Caux sur les hauts de Montreux. Le Centre de conf\u00e9rences offre la possibilit\u00e9 d\u2019un h\u00e9bergement sur place. Sur la ligne du train \u00e0 cr\u00e9maill\u00e8re qui relie Montreux aux Rochers-de-Naye, Caux est directement desservi par le r\u00e9seau ferroviaire suisse [&hellip;]<\/p>\n","protected":false},"author":1,"featured_media":0,"parent":0,"menu_order":0,"comment_status":"closed","ping_status":"closed","template":"","meta":{"footnotes":""},"class_list":["post-10","page","type-page","status-publish","hentry"],"_links":{"self":[{"href":"https:\/\/gambling-problems-sympo.ch\/fr\/wp-json\/wp\/v2\/pages\/10","targetHints":{"allow":["GET"]}}],"collection":[{"href":"https:\/\/gambling-problems-sympo.ch\/fr\/wp-json\/wp\/v2\/pages"}],"about":[{"href":"https:\/\/gambling-problems-sympo.ch\/fr\/wp-json\/wp\/v2\/types\/page"}],"author":[{"embeddable":true,"href":"https:\/\/gambling-problems-sympo.ch\/fr\/wp-json\/wp\/v2\/users\/1"}],"replies":[{"embeddable":true,"href":"https:\/\/gambling-problems-sympo.ch\/fr\/wp-json\/wp\/v2\/comments?post=10"}],"version-history":[{"count":99,"href":"https:\/\/gambling-problems-sympo.ch\/fr\/wp-json\/wp\/v2\/pages\/10\/revisions"}],"predecessor-version":[{"id":2683,"href":"https:\/\/gambling-problems-sympo.ch\/fr\/wp-json\/wp\/v2\/pages\/10\/revisions\/2683"}],"wp:attachment":[{"href":"https:\/\/gambling-problems-sympo.ch\/fr\/wp-json\/wp\/v2\/media?parent=10"}],"curies":[{"name":"wp","href":"https:\/\/api.w.org\/{rel}","templated":true}]}}