{"id":1296,"date":"2024-11-07T16:04:42","date_gmt":"2024-11-07T16:04:42","guid":{"rendered":"https:\/\/gambling-problems-sympo.ch\/?page_id=1296"},"modified":"2025-01-19T08:54:52","modified_gmt":"2025-01-19T08:54:52","slug":"hebergement","status":"publish","type":"page","link":"https:\/\/gambling-problems-sympo.ch\/fr\/hebergement\/","title":{"rendered":"H\u00e9bergement"},"content":{"rendered":"<div class=\"vce-row-container\"><div class=\"vce-row vce-element--has-background vce-row--col-gap-30 banner vce-row-equal-height vce-row-content--top\" data-vce-full-width=\"true\" id=\"el-0b91a640\" data-vce-do-apply=\"all el-0b91a640\"><div class=\"vce-content-background-container\"><div class=\"vce-asset-background-simple-container vce-visible-all-only vce-asset-background-simple--style-cover vce-asset-background-simple--position-left-bottom\"><div class=\"vce-asset-background-simple\">\n              <div class=\"vce-asset-background-simple-item vcv-lozad\" data-background-image=\"https:\/\/gambling-problems-sympo.ch\/wp-content\/uploads\/2024\/10\/image_sympo_copie_MaudeRion_small-scaled.jpg\"><\/div>\n              <noscript>\n                <div class=\"vce-asset-background-simple-item\" style=\"background-image: url(https:\/\/gambling-problems-sympo.ch\/wp-content\/uploads\/2024\/10\/image_sympo_copie_MaudeRion_small-scaled.jpg)\"><\/div>\n              <\/noscript>\n            <\/div><\/div><\/div><div class=\"vce-row-content\" data-vce-element-content=\"true\"><div class=\"vce-col vce-col--md-auto vce-col--xs-1 vce-col--xs-last vce-col--xs-first vce-col--sm-last vce-col--sm-first vce-col--md-last vce-col--lg-last vce-col--xl-last vce-col--md-first vce-col--lg-first vce-col--xl-first\" id=\"el-5efdbcd6\"><div class=\"vce-col-inner\" data-vce-do-apply=\"border margin background  el-5efdbcd6\"><div class=\"vce-col-content\" data-vce-element-content=\"true\" data-vce-do-apply=\"padding el-5efdbcd6\"><div><\/div><\/div><\/div><\/div><\/div><\/div><\/div><div class=\"vce-row-container\" data-vce-boxed-width=\"true\"><div class=\"vce-row vce-row--col-gap-30 vce-row-equal-height vce-row-content--top\" id=\"el-a8e81025\" data-vce-do-apply=\"all el-a8e81025\"><div class=\"vce-row-content\" data-vce-element-content=\"true\"><div class=\"vce-col vce-col--md-auto vce-col--xs-1 vce-col--xs-last vce-col--xs-first vce-col--sm-last vce-col--sm-first vce-col--md-last vce-col--lg-last vce-col--xl-last vce-col--md-first vce-col--lg-first vce-col--xl-first\" id=\"el-be4d070b\"><div class=\"vce-col-inner\" data-vce-do-apply=\"border margin background  el-be4d070b\"><div class=\"vce-col-content\" data-vce-element-content=\"true\" data-vce-do-apply=\"padding el-be4d070b\"><div><\/div><\/div><\/div><\/div><\/div><\/div><\/div><div class=\"vce-row-container\" data-vce-boxed-width=\"true\"><div class=\"vce-row vce-row--col-gap-30 vce-row-content--top\" id=\"el-b839084a\" data-vce-do-apply=\"all el-b839084a\"><div class=\"vce-content-background-container\"><\/div><div class=\"vce-row-content\" data-vce-element-content=\"true\"><div class=\"vce-col vce-col--md-auto vce-col--xs-1 vce-col--xs-last vce-col--xs-first vce-col--sm-last vce-col--sm-first vce-col--md-last vce-col--lg-last vce-col--xl-last vce-col--md-first vce-col--lg-first vce-col--xl-first\" id=\"el-4c90006d\"><div class=\"vce-col-inner\" data-vce-do-apply=\"border margin background  el-4c90006d\"><div class=\"vce-col-content\" data-vce-element-content=\"true\" data-vce-do-apply=\"padding el-4c90006d\"><div class=\"vce-text-block\"><div class=\"vce-text-block-wrapper vce\" id=\"el-48a40240\" data-vce-do-apply=\"all el-48a40240\"><p>&nbsp;<\/p>\n<p><span style=\"font-family: Figtree; font-size: 36pt; font-weight: 900; font-style: normal;\">H\u00e9bergement<\/span><\/p>\n<p>&nbsp;<\/p>\n<p><span style=\"font-size: 14pt; font-family: Figtree;\">Le Caux Palace o\u00f9 se tient le symposium dispose de quelques 200 chambres. Le nombre de chambres est donc limit\u00e9 et<strong> leur r\u00e9servation se fait via le formulaire d\u2019inscription au symposium.<\/strong><\/span><\/p>\n<p>&nbsp;<\/p>\n<p><span style=\"font-size: 14pt; font-family: Figtree;\">Diff\u00e9rents autres \u00e9tablissements proches du lieu de la conf\u00e9rence offrent des possibilit\u00e9s d'h\u00e9bergement. Vous trouverez toutes les informations utiles dans le document suivant :<\/span><\/p><\/div><\/div><\/div><\/div><\/div><\/div><\/div><\/div><div class=\"vce-row-container\" data-vce-boxed-width=\"true\"><div class=\"vce-row vce-row--col-gap-30 vce-row-equal-height vce-row-content--top\" id=\"el-91ae4aaa\" data-vce-do-apply=\"all el-91ae4aaa\"><div class=\"vce-row-content\" data-vce-element-content=\"true\"><div class=\"vce-col vce-col--md-auto vce-col--xs-1 vce-col--xs-last vce-col--xs-first vce-col--sm-last vce-col--sm-first vce-col--md-last vce-col--lg-last vce-col--xl-last vce-col--md-first vce-col--lg-first vce-col--xl-first\" id=\"el-c17166de\"><div class=\"vce-col-inner\" data-vce-do-apply=\"border margin background  el-c17166de\"><div class=\"vce-col-content\" data-vce-element-content=\"true\" data-vce-do-apply=\"padding el-c17166de\"><div class=\"vce-text-block\"><div class=\"vce-text-block-wrapper vce\" id=\"el-671ac7c6\" data-vce-do-apply=\"all el-671ac7c6\"><p>&nbsp;<\/p>\n<p><a href=\"https:\/\/gambling-problems-sympo.ch\/wp-content\/uploads\/2024\/11\/Hebergement_JHA25-1.pdf\" target=\"_blank\" rel=\"noopener\"><img loading=\"lazy\" decoding=\"async\" class=\"alignnone wp-image-1488\" src=\"https:\/\/gambling-problems-sympo.ch\/wp-content\/uploads\/2024\/11\/Bouton_hotels_FR-2-1024x276.jpg\" alt=\"\" width=\"500\" height=\"135\" srcset=\"https:\/\/gambling-problems-sympo.ch\/wp-content\/uploads\/2024\/11\/Bouton_hotels_FR-2-1024x276.jpg 1024w, https:\/\/gambling-problems-sympo.ch\/wp-content\/uploads\/2024\/11\/Bouton_hotels_FR-2-300x81.jpg 300w, https:\/\/gambling-problems-sympo.ch\/wp-content\/uploads\/2024\/11\/Bouton_hotels_FR-2-768x207.jpg 768w, https:\/\/gambling-problems-sympo.ch\/wp-content\/uploads\/2024\/11\/Bouton_hotels_FR-2-320x86.jpg 320w, https:\/\/gambling-problems-sympo.ch\/wp-content\/uploads\/2024\/11\/Bouton_hotels_FR-2-480x130.jpg 480w, https:\/\/gambling-problems-sympo.ch\/wp-content\/uploads\/2024\/11\/Bouton_hotels_FR-2-800x216.jpg 800w, https:\/\/gambling-problems-sympo.ch\/wp-content\/uploads\/2024\/11\/Bouton_hotels_FR-2.jpg 1297w\" sizes=\"auto, (max-width: 500px) 100vw, 500px\" \/><\/a><\/p><\/div><\/div><\/div><\/div><\/div><\/div><\/div><\/div>","protected":false},"excerpt":{"rendered":"<p>&nbsp; H\u00e9bergement &nbsp; Le Caux Palace o\u00f9 se tient le symposium dispose de quelques 200 chambres. Le nombre de chambres est donc limit\u00e9 et leur r\u00e9servation se fait via le formulaire d\u2019inscription au symposium. &nbsp; Diff\u00e9rents autres \u00e9tablissements proches du lieu de la conf\u00e9rence offrent des possibilit\u00e9s d&#8217;h\u00e9bergement. Vous trouverez toutes les informations utiles dans [&hellip;]<\/p>\n","protected":false},"author":2,"featured_media":0,"parent":0,"menu_order":0,"comment_status":"closed","ping_status":"closed","template":"","meta":{"footnotes":""},"class_list":["post-1296","page","type-page","status-publish","hentry"],"_links":{"self":[{"href":"https:\/\/gambling-problems-sympo.ch\/fr\/wp-json\/wp\/v2\/pages\/1296","targetHints":{"allow":["GET"]}}],"collection":[{"href":"https:\/\/gambling-problems-sympo.ch\/fr\/wp-json\/wp\/v2\/pages"}],"about":[{"href":"https:\/\/gambling-problems-sympo.ch\/fr\/wp-json\/wp\/v2\/types\/page"}],"author":[{"embeddable":true,"href":"https:\/\/gambling-problems-sympo.ch\/fr\/wp-json\/wp\/v2\/users\/2"}],"replies":[{"embeddable":true,"href":"https:\/\/gambling-problems-sympo.ch\/fr\/wp-json\/wp\/v2\/comments?post=1296"}],"version-history":[{"count":19,"href":"https:\/\/gambling-problems-sympo.ch\/fr\/wp-json\/wp\/v2\/pages\/1296\/revisions"}],"predecessor-version":[{"id":2472,"href":"https:\/\/gambling-problems-sympo.ch\/fr\/wp-json\/wp\/v2\/pages\/1296\/revisions\/2472"}],"wp:attachment":[{"href":"https:\/\/gambling-problems-sympo.ch\/fr\/wp-json\/wp\/v2\/media?parent=1296"}],"curies":[{"name":"wp","href":"https:\/\/api.w.org\/{rel}","templated":true}]}}