{"id":177,"date":"2024-04-24T04:08:54","date_gmt":"2024-04-24T04:08:54","guid":{"rendered":"https:\/\/gambling-problems-sympo.ch\/?page_id=177"},"modified":"2024-12-10T17:02:27","modified_gmt":"2024-12-10T17:02:27","slug":"fribourg-2018","status":"publish","type":"page","link":"https:\/\/gambling-problems-sympo.ch\/fr\/archives\/fribourg-2018\/","title":{"rendered":"Fribourg 2018"},"content":{"rendered":"<div class=\"vce-row-container\"><div class=\"vce-row vce-element--has-background vce-row--col-gap-30 banner vce-row-equal-height vce-row-content--top\" data-vce-full-width=\"true\" id=\"el-a750ae7f\" data-vce-do-apply=\"all el-a750ae7f\"><div class=\"vce-content-background-container\"><div class=\"vce-asset-background-simple-container vce-visible-all-only vce-asset-background-simple--style-cover vce-asset-background-simple--position-left-bottom\"><div class=\"vce-asset-background-simple\">\n              <div class=\"vce-asset-background-simple-item vcv-lozad\" data-background-image=\"https:\/\/gambling-problems-sympo.ch\/wp-content\/uploads\/2024\/12\/image_sympo_copie_MaudeRion_small-scaled.jpg\"><\/div>\n              <noscript>\n                <div class=\"vce-asset-background-simple-item\" style=\"background-image: url(https:\/\/gambling-problems-sympo.ch\/wp-content\/uploads\/2024\/12\/image_sympo_copie_MaudeRion_small-scaled.jpg)\"><\/div>\n              <\/noscript>\n            <\/div><\/div><\/div><div class=\"vce-row-content\" data-vce-element-content=\"true\"><div class=\"vce-col vce-col--md-auto vce-col--xs-1 vce-col--xs-last vce-col--xs-first vce-col--sm-last vce-col--sm-first vce-col--md-last vce-col--lg-last vce-col--xl-last vce-col--md-first vce-col--lg-first vce-col--xl-first\" id=\"el-97f61753\"><div class=\"vce-col-inner\" data-vce-do-apply=\"border margin background  el-97f61753\"><div class=\"vce-col-content\" data-vce-element-content=\"true\" data-vce-do-apply=\"padding el-97f61753\"><div><\/div><\/div><\/div><\/div><\/div><\/div><\/div><div class=\"vce-row-container\" data-vce-boxed-width=\"true\"><div class=\"vce-row vce-row--col-gap-30 vce-row-equal-height vce-row-content--top\" id=\"el-694d02db\" data-vce-do-apply=\"all el-694d02db\"><div class=\"vce-row-content\" data-vce-element-content=\"true\"><div class=\"vce-col vce-col--md-auto vce-col--xs-1 vce-col--xs-last vce-col--xs-first vce-col--sm-last vce-col--sm-first vce-col--md-first vce-col--lg-first vce-col--xl-first\" id=\"el-50b59d23\"><div class=\"vce-col-inner\" data-vce-do-apply=\"border margin background  el-50b59d23\"><div class=\"vce-col-content\" data-vce-element-content=\"true\" data-vce-do-apply=\"padding el-50b59d23\"><div class=\"vce-text-block\"><div class=\"vce-text-block-wrapper vce\" id=\"el-f623362d\" data-vce-do-apply=\"all el-f623362d\"><h1><span style=\"font-family: Figtree; font-weight: 900; font-style: normal;\">Fribourg 2018<\/span><\/h1><\/div><\/div><\/div><\/div><\/div><div class=\"vce-col vce-col--md-auto vce-col--xs-1 vce-col--xs-last vce-col--xs-first vce-col--sm-last vce-col--sm-first vce-col--md-last vce-col--lg-last vce-col--xl-last\" id=\"el-2e4d158a\"><div class=\"vce-col-inner\" data-vce-do-apply=\"border margin background  el-2e4d158a\"><div class=\"vce-col-content\" data-vce-element-content=\"true\" data-vce-do-apply=\"padding el-2e4d158a\"><div><\/div><\/div><\/div><\/div><\/div><\/div><\/div><div class=\"vce-row-container\" data-vce-boxed-width=\"true\"><div class=\"vce-row vce-row--col-gap-30 vce-row-equal-height vce-row-content--top\" id=\"el-8be97162\" data-vce-do-apply=\"all el-8be97162\"><div class=\"vce-row-content\" data-vce-element-content=\"true\"><div class=\"vce-col vce-col--md-auto vce-col--xs-1 vce-col--xs-last vce-col--xs-first vce-col--sm-last vce-col--sm-first vce-col--md-first vce-col--lg-first vce-col--xl-first\" id=\"el-e7be26dc\"><div class=\"vce-col-inner\" data-vce-do-apply=\"border margin background  el-e7be26dc\"><div class=\"vce-col-content\" data-vce-element-content=\"true\" data-vce-do-apply=\"padding el-e7be26dc\"><div class=\"vce-text-block\"><div class=\"vce-text-block-wrapper vce\" id=\"el-2aec7bb4\" data-vce-do-apply=\"all el-2aec7bb4\"><p>Le pr\u00e9sent symposium fait suite aux journ\u00e9es intitul\u00e9es \u00ab&nbsp;De la l\u00e9gislation \u00e0 l\u2019action \u00bb et \u00ab&nbsp;Pr\u00e9venir le jeu excessif dans une soci\u00e9t\u00e9 addictive&nbsp;\u00bb organis\u00e9es en 2005 et 2008 \u00e0 l\u2019Universit\u00e9 de Lausanne ainsi que \u00ab&nbsp;Jeu excessif&nbsp;: conna\u00eetre, pr\u00e9venir, r\u00e9duire les risques&nbsp;\u00bb organis\u00e9e \u00e0 Neuch\u00e2tel en 2014.<br>Face aux interfaces \u00e9lectroniques con\u00e7ues pour \u00eatre addictives, et dans le contexte transnational d\u2019Internet, l\u2019addiction aux jeux d\u2019argent, mais aussi d\u2019autres conduites addictives dites \u00ab&nbsp;sans substances&nbsp;\u00bb repr\u00e9sentent un d\u00e9fi toujours plus grand pour les politiques de sant\u00e9 et de pr\u00e9vention, ainsi que pour leur \u00e9valuation. Cette 4\u00e8me \u00e9dition aura donc pour fil rouge les syst\u00e8mes de monitoring et les moyens d\u2019aborder et de traiter plus pr\u00e9cis\u00e9ment les liens d\u2019int\u00e9r\u00eats des parties prenantes.<br>Ce symposium s\u2019adresse \u00e0 un public socio-sanitaire ainsi qu'aux professionnels exer\u00e7ant dans le domaine de la pr\u00e9vention et de la clinique du jeu excessif et, plus g\u00e9n\u00e9ralement, dans celui des addictions comportementales.<\/p><\/div><\/div><\/div><\/div><\/div><div class=\"vce-col vce-col--md-auto vce-col--xs-1 vce-col--xs-last vce-col--xs-first vce-col--sm-last vce-col--sm-first vce-col--md-last vce-col--lg-last vce-col--xl-last\" id=\"el-a1717c90\"><div class=\"vce-col-inner\" data-vce-do-apply=\"border margin background  el-a1717c90\"><div class=\"vce-col-content\" data-vce-element-content=\"true\" data-vce-do-apply=\"padding el-a1717c90\"><div class=\"vce-text-block\"><div class=\"vce-text-block-wrapper vce\" id=\"el-15a74bb8\" data-vce-do-apply=\"all el-15a74bb8\"><div class=\"rtejustify\">Mais il veut aussi toucher toute personne int\u00e9ress\u00e9e \u00e0 ces probl\u00e9matiques et issue de disciplines connexes&nbsp;: professions juridiques et \u00e9conomiques, responsables politiques, professionnels de la pr\u00e9vention et de la sant\u00e9 publique, chercheurs dans le domaine du jeu excessif et des addictions, professionnels de l\u2019industrie du jeu, etc.<\/div>\n<div class=\"rtejustify\">Il se composera de sessions pl\u00e9ni\u00e8res, symposiums parall\u00e8les et ateliers, table ronde, communications orales, posters, mat\u00e9riel vid\u00e9o, et de stands. Les communications se feront dans les quatre langues de travail&nbsp;: fran\u00e7ais, allemand, italien et anglais. Les conf\u00e9rences principales b\u00e9n\u00e9ficieront d\u2019une traduction simultan\u00e9e.<\/div>\n<div class=\"rtejustify\">Comme pour les \u00e9ditions pr\u00e9c\u00e9dentes, le symposium est financ\u00e9 exclusivement par des fonds publics et acad\u00e9miques.<\/div>\n<div>&nbsp;<\/div>\n<div>&nbsp;<\/div>\n<div><strong><span style=\"font-size: 16pt;\">Pour acc\u00e9der \u00e0 l'Abstractbook, cliquez sur: <a href=\"https:\/\/gambling-problems-sympo.ch\/wp-content\/uploads\/2024\/11\/AbstractBook-Fribourg-2018.pdf\">Symposium, Fribourg 2018<\/a><\/span><\/strong><\/div>\n<div>&nbsp;<\/div>\n<div>&nbsp;<\/div><\/div><\/div><\/div><\/div><\/div><\/div><\/div><\/div><div class=\"vce-row-container\" data-vce-boxed-width=\"true\"><div class=\"vce-row vce-row--col-gap-30 vce-row-equal-height vce-row-content--top\" id=\"el-24890c9a\" data-vce-do-apply=\"all el-24890c9a\"><div class=\"vce-row-content\" data-vce-element-content=\"true\"><div class=\"vce-col vce-col--md-auto vce-col--xs-1 vce-col--xs-last vce-col--xs-first vce-col--sm-last vce-col--sm-first vce-col--md-last vce-col--lg-last vce-col--xl-last vce-col--md-first vce-col--lg-first vce-col--xl-first\" id=\"el-f85486ef\"><div class=\"vce-col-inner\" data-vce-do-apply=\"border margin background  el-f85486ef\"><div class=\"vce-col-content\" data-vce-element-content=\"true\" data-vce-do-apply=\"padding el-f85486ef\"><div class=\"vce-image-masonry-gallery\"><div class=\"vce-image-masonry-gallery-wrapper vce vce-image-masonry-gallery--gap-10 vce-image-masonry-gallery--columns-3\" id=\"el-34604191\" data-vce-do-apply=\"all el-34604191\"><div class=\"vce-image-masonry-gallery-list\"><div class=\"vce-image-masonry-gallery-column\"><a href=\"https:\/\/gambling-problems-sympo.web-romandie.ch\/wp-content\/uploads\/2024\/04\/2018_AbstractBook_JHA_FR_Couverture.jpg\" data-lightbox=\"lightbox-34604191\" class=\"vce-image-masonry-gallery-item\"><img decoding=\"async\" class=\"vce-image-masonry-gallery-img\" src=\"https:\/\/gambling-problems-sympo.web-romandie.ch\/wp-content\/uploads\/2024\/04\/2018_AbstractBook_JHA_FR_Couverture.jpg\" alt=\"\"><\/a><\/div><div class=\"vce-image-masonry-gallery-column\"><a href=\"https:\/\/gambling-problems-sympo.web-romandie.ch\/wp-content\/uploads\/2024\/04\/2018_Photo_JHA_FR_3.jpg\" data-lightbox=\"lightbox-34604191\" class=\"vce-image-masonry-gallery-item\"><img decoding=\"async\" class=\"vce-image-masonry-gallery-img\" src=\"https:\/\/gambling-problems-sympo.web-romandie.ch\/wp-content\/uploads\/2024\/04\/2018_Photo_JHA_FR_3.jpg\" alt=\"\"><\/a><a href=\"https:\/\/gambling-problems-sympo.web-romandie.ch\/wp-content\/uploads\/2024\/04\/2018_Photo_JHA_FR_1.jpg\" data-lightbox=\"lightbox-34604191\" class=\"vce-image-masonry-gallery-item\"><img decoding=\"async\" class=\"vce-image-masonry-gallery-img\" src=\"https:\/\/gambling-problems-sympo.web-romandie.ch\/wp-content\/uploads\/2024\/04\/2018_Photo_JHA_FR_1.jpg\" alt=\"\"><\/a><\/div><div class=\"vce-image-masonry-gallery-column\"><a href=\"https:\/\/gambling-problems-sympo.web-romandie.ch\/wp-content\/uploads\/2024\/04\/2018_Photo_JHA_FR_2.jpg\" data-lightbox=\"lightbox-34604191\" class=\"vce-image-masonry-gallery-item\"><img decoding=\"async\" class=\"vce-image-masonry-gallery-img\" src=\"https:\/\/gambling-problems-sympo.web-romandie.ch\/wp-content\/uploads\/2024\/04\/2018_Photo_JHA_FR_2.jpg\" alt=\"\"><\/a><\/div><\/div><\/div><\/div><\/div><\/div><\/div><\/div><\/div><\/div>","protected":false},"excerpt":{"rendered":"<p>Fribourg 2018Le pr\u00e9sent symposium fait suite aux journ\u00e9es intitul\u00e9es \u00ab&nbsp;De la l\u00e9gislation \u00e0 l\u2019action \u00bb et \u00ab&nbsp;Pr\u00e9venir le jeu excessif dans une soci\u00e9t\u00e9 addictive&nbsp;\u00bb organis\u00e9es en 2005 et 2008 \u00e0 l\u2019Universit\u00e9 de Lausanne ainsi que \u00ab&nbsp;Jeu excessif&nbsp;: conna\u00eetre, pr\u00e9venir, r\u00e9duire les risques&nbsp;\u00bb organis\u00e9e \u00e0 Neuch\u00e2tel en 2014.Face aux interfaces \u00e9lectroniques con\u00e7ues pour \u00eatre addictives, et [&hellip;]<\/p>\n","protected":false},"author":1,"featured_media":0,"parent":56,"menu_order":0,"comment_status":"closed","ping_status":"closed","template":"","meta":{"footnotes":""},"class_list":["post-177","page","type-page","status-publish","hentry"],"_links":{"self":[{"href":"https:\/\/gambling-problems-sympo.ch\/fr\/wp-json\/wp\/v2\/pages\/177","targetHints":{"allow":["GET"]}}],"collection":[{"href":"https:\/\/gambling-problems-sympo.ch\/fr\/wp-json\/wp\/v2\/pages"}],"about":[{"href":"https:\/\/gambling-problems-sympo.ch\/fr\/wp-json\/wp\/v2\/types\/page"}],"author":[{"embeddable":true,"href":"https:\/\/gambling-problems-sympo.ch\/fr\/wp-json\/wp\/v2\/users\/1"}],"replies":[{"embeddable":true,"href":"https:\/\/gambling-problems-sympo.ch\/fr\/wp-json\/wp\/v2\/comments?post=177"}],"version-history":[{"count":11,"href":"https:\/\/gambling-problems-sympo.ch\/fr\/wp-json\/wp\/v2\/pages\/177\/revisions"}],"predecessor-version":[{"id":2267,"href":"https:\/\/gambling-problems-sympo.ch\/fr\/wp-json\/wp\/v2\/pages\/177\/revisions\/2267"}],"up":[{"embeddable":true,"href":"https:\/\/gambling-problems-sympo.ch\/fr\/wp-json\/wp\/v2\/pages\/56"}],"wp:attachment":[{"href":"https:\/\/gambling-problems-sympo.ch\/fr\/wp-json\/wp\/v2\/media?parent=177"}],"curies":[{"name":"wp","href":"https:\/\/api.w.org\/{rel}","templated":true}]}}