{"id":214,"date":"2024-04-24T04:28:41","date_gmt":"2024-04-24T04:28:41","guid":{"rendered":"https:\/\/gambling-problems-sympo.ch\/neuchatel-2014\/"},"modified":"2024-12-10T16:58:52","modified_gmt":"2024-12-10T16:58:52","slug":"neuchatel-2014","status":"publish","type":"page","link":"https:\/\/gambling-problems-sympo.ch\/fr\/archives\/neuchatel-2014\/","title":{"rendered":"Neuch\u00e2tel 2014"},"content":{"rendered":"<div class=\"vce-row-container\"><div class=\"vce-row vce-element--has-background vce-row--col-gap-30 banner vce-row-equal-height vce-row-content--top\" data-vce-full-width=\"true\" id=\"el-a750ae7f\" data-vce-do-apply=\"all el-a750ae7f\"><div class=\"vce-content-background-container\"><div class=\"vce-asset-background-simple-container vce-visible-all-only vce-asset-background-simple--style-cover vce-asset-background-simple--position-left-bottom\"><div class=\"vce-asset-background-simple\">\n              <div class=\"vce-asset-background-simple-item vcv-lozad\" data-background-image=\"https:\/\/gambling-problems-sympo.ch\/wp-content\/uploads\/2024\/12\/image_sympo_copie_MaudeRion_small-scaled.jpg\"><\/div>\n              <noscript>\n                <div class=\"vce-asset-background-simple-item\" style=\"background-image: url(https:\/\/gambling-problems-sympo.ch\/wp-content\/uploads\/2024\/12\/image_sympo_copie_MaudeRion_small-scaled.jpg)\"><\/div>\n              <\/noscript>\n            <\/div><\/div><\/div><div class=\"vce-row-content\" data-vce-element-content=\"true\"><div class=\"vce-col vce-col--md-auto vce-col--xs-1 vce-col--xs-last vce-col--xs-first vce-col--sm-last vce-col--sm-first vce-col--md-last vce-col--lg-last vce-col--xl-last vce-col--md-first vce-col--lg-first vce-col--xl-first\" id=\"el-97f61753\"><div class=\"vce-col-inner\" data-vce-do-apply=\"border margin background  el-97f61753\"><div class=\"vce-col-content\" data-vce-element-content=\"true\" data-vce-do-apply=\"padding el-97f61753\"><div><\/div><\/div><\/div><\/div><\/div><\/div><\/div><div class=\"vce-row-container\" data-vce-boxed-width=\"true\"><div class=\"vce-row vce-row--col-gap-30 vce-row-equal-height vce-row-content--top\" id=\"el-694d02db\" data-vce-do-apply=\"all el-694d02db\"><div class=\"vce-row-content\" data-vce-element-content=\"true\"><div class=\"vce-col vce-col--md-auto vce-col--xs-1 vce-col--xs-last vce-col--xs-first vce-col--sm-last vce-col--sm-first vce-col--md-first vce-col--lg-first vce-col--xl-first\" id=\"el-50b59d23\"><div class=\"vce-col-inner\" data-vce-do-apply=\"border margin background  el-50b59d23\"><div class=\"vce-col-content\" data-vce-element-content=\"true\" data-vce-do-apply=\"padding el-50b59d23\"><div class=\"vce-text-block\"><div class=\"vce-text-block-wrapper vce\" id=\"el-f623362d\" data-vce-do-apply=\"all el-f623362d\"><h1><span style=\"font-family: Figtree; font-weight: 900; font-style: normal;\">Neuch\u00e2tel 2014<\/span><\/h1><\/div><\/div><\/div><\/div><\/div><div class=\"vce-col vce-col--md-auto vce-col--xs-1 vce-col--xs-last vce-col--xs-first vce-col--sm-last vce-col--sm-first vce-col--md-last vce-col--lg-last vce-col--xl-last\" id=\"el-285b5224\"><div class=\"vce-col-inner\" data-vce-do-apply=\"border margin background  el-285b5224\"><div class=\"vce-col-content\" data-vce-element-content=\"true\" data-vce-do-apply=\"padding el-285b5224\"><div><\/div><\/div><\/div><\/div><\/div><\/div><\/div><div class=\"vce-row-container\" data-vce-boxed-width=\"true\"><div class=\"vce-row vce-row--col-gap-30 vce-row-equal-height vce-row-content--top\" id=\"el-8be97162\" data-vce-do-apply=\"all el-8be97162\"><div class=\"vce-row-content\" data-vce-element-content=\"true\"><div class=\"vce-col vce-col--md-auto vce-col--xs-1 vce-col--xs-last vce-col--xs-first vce-col--sm-last vce-col--sm-first vce-col--md-first vce-col--lg-first vce-col--xl-first\" id=\"el-e7be26dc\"><div class=\"vce-col-inner\" data-vce-do-apply=\"border margin background  el-e7be26dc\"><div class=\"vce-col-content\" data-vce-element-content=\"true\" data-vce-do-apply=\"padding el-e7be26dc\"><div class=\"vce-text-block\"><div class=\"vce-text-block-wrapper vce\" id=\"el-2aec7bb4\" data-vce-do-apply=\"all el-2aec7bb4\"><div class=\"rtejustify\">\n<div class=\"rtejustify\">Historiquement associ\u00e9 \u00e0 l\u2019approche de sant\u00e9 publique relative aux drogues ill\u00e9gales, le concept de r\u00e9duction des risques et dommages (RDR) concerne des programmes et pratiques visant \u00e0 r\u00e9duire les cons\u00e9quences n\u00e9gatives des conduites addictives sur les plans sanitaire, social et \u00e9conomique, et sur la base d\u2019indicateurs scientifiquement pertinents. L\u2019approche peut-elle s\u2019appliquer au domaine des addictions comportementales&nbsp;? Telle sera la question centrale de ce troisi\u00e8me colloque international multidisciplinaire consacr\u00e9 au jeu excessif.<\/div>\n<div class=\"rtejustify\">Entre fiscalit\u00e9 et ordre public, le domaine des troubles li\u00e9s aux jeux d\u2019argent n\u2019a pas b\u00e9n\u00e9fici\u00e9 de la m\u00eame attention des services de l\u2019Etat que les troubles li\u00e9s \u00e0 la consommation de substances psycho-actives. La pr\u00e9vention s\u2019est largement construite \u00e0 l\u2019initiative de l\u2019industrie du jeu elle-m\u00eame, au titre de la responsabilit\u00e9 sociale d\u2019entreprise. Ce n\u2019est que secondairement que les dispositifs de r\u00e9gulation ont incorpor\u00e9 des normes en mati\u00e8re de protection des joueurs. La part relative des revenus des jeux d\u2019argent issue des joueurs excessifs demeure peu \u00e9tudi\u00e9e, sinon taboue. Pourtant, cette part constitue un indicateur essentiel de l\u2019exercice d\u2019\u00e9quilibrisme attendu des acteurs du domaine. <\/div>\n<\/div><\/div><\/div><\/div><\/div><\/div><div class=\"vce-col vce-col--md-auto vce-col--xs-1 vce-col--xs-last vce-col--xs-first vce-col--sm-last vce-col--sm-first vce-col--md-last vce-col--lg-last vce-col--xl-last\" id=\"el-a1717c90\"><div class=\"vce-col-inner\" data-vce-do-apply=\"border margin background  el-a1717c90\"><div class=\"vce-col-content\" data-vce-element-content=\"true\" data-vce-do-apply=\"padding el-a1717c90\"><div class=\"vce-text-block\"><div class=\"vce-text-block-wrapper vce\" id=\"el-15a74bb8\" data-vce-do-apply=\"all el-15a74bb8\"><div class=\"rtejustify\">\n<table border=\"0\" cellspacing=\"0\" cellpadding=\"0\">\n<tbody>\n<tr>\n<td rowspan=\"2\">\n<p>D\u2019un c\u00f4t\u00e9, il y a lieu de retenir les joueurs dans la l\u00e9galit\u00e9 gr\u00e2ce \u00e0 une offre suffisamment attractive, mais de l\u2019autre, il s\u2019agit de r\u00e9duire de mani\u00e8re mesurable les cons\u00e9quences dommageables pour le joueur et son entourage.<\/p>\n<p class=\"rtejustify\">Toutes les disciplines scientifiques concern\u00e9es par le jeu excessif et les addictions sont confront\u00e9es \u00e0 cet enjeu.<\/p>\n<div class=\"rtejustify\">Le programme des deux jours reprend les ingr\u00e9dients qui ont fait le succ\u00e8s des deux premiers colloques \u00ab&nbsp;De la l\u00e9gislation \u00e0 l\u2019action&nbsp;\u00bb et \u00ab&nbsp;Pr\u00e9venir le jeu excessif dans une soci\u00e9t\u00e9 addictive&nbsp;\u00bb organis\u00e9s en 2005 et 2008 \u00e0 Lausanne. Une large place a \u00e9t\u00e9 faite aux sessions parall\u00e8les, qui se tiendront en anglais, et dans les langues nationales de la Conf\u00e9d\u00e9ration, r\u00e9unissant par l\u00e0 les r\u00e9seaux professionnels francophones, germanophones et italophones. Deux tables rondes intitul\u00e9es respectivement \u00ab&nbsp;La r\u00e9duction des risques entre utilit\u00e9 publique et moralit\u00e9 publique&nbsp;\u00bb et \u00ab&nbsp;Quelle gouvernance du jeu excessif&nbsp;?&nbsp;\u00bb contribueront \u00e0 expliciter les besoins et priorit\u00e9s, et \u00e0 pr\u00e9parer la synth\u00e8se de la rencontre.<\/div>\n<p>&nbsp;<\/p>\n<p><span style=\"font-size: 16pt;\"><strong>Pour acc\u00e9der \u00e0 l'Abstractbook, cliquez sur : <a href=\"https:\/\/gambling-problems-sympo.ch\/wp-content\/uploads\/2024\/11\/AbstractBook-Neuchatel-2014.pdf\">Symposium, Neuch\u00e2tel 2014<\/a><\/strong> <\/span><\/p>\n<\/td>\n<td rowspan=\"2\">&nbsp;<\/td>\n<\/tr>\n<\/tbody>\n<\/table>\n<\/div><\/div><\/div><\/div><\/div><\/div><\/div><\/div><\/div><div class=\"vce-row-container\" data-vce-boxed-width=\"true\"><div class=\"vce-row vce-row--col-gap-30 vce-row-equal-height vce-row-content--top\" id=\"el-24890c9a\" data-vce-do-apply=\"all el-24890c9a\"><div class=\"vce-row-content\" data-vce-element-content=\"true\"><div class=\"vce-col vce-col--md-auto vce-col--xs-1 vce-col--xs-last vce-col--xs-first vce-col--sm-last vce-col--sm-first vce-col--md-last vce-col--lg-last vce-col--xl-last vce-col--md-first vce-col--lg-first vce-col--xl-first\" id=\"el-f85486ef\"><div class=\"vce-col-inner\" data-vce-do-apply=\"border margin background  el-f85486ef\"><div class=\"vce-col-content\" data-vce-element-content=\"true\" data-vce-do-apply=\"padding el-f85486ef\"><div class=\"vce-image-masonry-gallery\"><div class=\"vce-image-masonry-gallery-wrapper vce vce-image-masonry-gallery--gap-10 vce-image-masonry-gallery--columns-3\" id=\"el-34604191\" data-vce-do-apply=\"all el-34604191\"><div class=\"vce-image-masonry-gallery-list\"><div class=\"vce-image-masonry-gallery-column\"><a href=\"https:\/\/gambling-problems-sympo.web-romandie.ch\/wp-content\/uploads\/2024\/04\/2014_AbstractBook_JHA_NE_Couverture.jpg\" data-lightbox=\"lightbox-34604191\" class=\"vce-image-masonry-gallery-item\"><img decoding=\"async\" class=\"vce-image-masonry-gallery-img\" src=\"https:\/\/gambling-problems-sympo.web-romandie.ch\/wp-content\/uploads\/2024\/04\/2014_AbstractBook_JHA_NE_Couverture.jpg\" alt=\"\"><\/a><\/div><div class=\"vce-image-masonry-gallery-column\"><a href=\"https:\/\/gambling-problems-sympo.web-romandie.ch\/wp-content\/uploads\/2024\/04\/2014_Photo_JHA_NE_3.jpg\" data-lightbox=\"lightbox-34604191\" class=\"vce-image-masonry-gallery-item\"><img decoding=\"async\" class=\"vce-image-masonry-gallery-img\" src=\"https:\/\/gambling-problems-sympo.web-romandie.ch\/wp-content\/uploads\/2024\/04\/2014_Photo_JHA_NE_3.jpg\" alt=\"\"><\/a><a href=\"https:\/\/gambling-problems-sympo.web-romandie.ch\/wp-content\/uploads\/2024\/04\/2014_Photo_JHA_NE_1.jpg\" data-lightbox=\"lightbox-34604191\" class=\"vce-image-masonry-gallery-item\"><img decoding=\"async\" class=\"vce-image-masonry-gallery-img\" src=\"https:\/\/gambling-problems-sympo.web-romandie.ch\/wp-content\/uploads\/2024\/04\/2014_Photo_JHA_NE_1.jpg\" alt=\"\"><\/a><\/div><div class=\"vce-image-masonry-gallery-column\"><a href=\"https:\/\/gambling-problems-sympo.web-romandie.ch\/wp-content\/uploads\/2024\/04\/2014_Photo_JHA_NE_2.jpg\" data-lightbox=\"lightbox-34604191\" class=\"vce-image-masonry-gallery-item\"><img decoding=\"async\" class=\"vce-image-masonry-gallery-img\" src=\"https:\/\/gambling-problems-sympo.web-romandie.ch\/wp-content\/uploads\/2024\/04\/2014_Photo_JHA_NE_2.jpg\" alt=\"\"><\/a><\/div><\/div><\/div><\/div><\/div><\/div><\/div><\/div><\/div><\/div>","protected":false},"excerpt":{"rendered":"<p>Neuch\u00e2tel 2014 Historiquement associ\u00e9 \u00e0 l\u2019approche de sant\u00e9 publique relative aux drogues ill\u00e9gales, le concept de r\u00e9duction des risques et dommages (RDR) concerne des programmes et pratiques visant \u00e0 r\u00e9duire les cons\u00e9quences n\u00e9gatives des conduites addictives sur les plans sanitaire, social et \u00e9conomique, et sur la base d\u2019indicateurs scientifiquement pertinents. L\u2019approche peut-elle s\u2019appliquer au domaine [&hellip;]<\/p>\n","protected":false},"author":1,"featured_media":0,"parent":56,"menu_order":0,"comment_status":"closed","ping_status":"closed","template":"","meta":{"footnotes":""},"class_list":["post-214","page","type-page","status-publish","hentry"],"_links":{"self":[{"href":"https:\/\/gambling-problems-sympo.ch\/fr\/wp-json\/wp\/v2\/pages\/214","targetHints":{"allow":["GET"]}}],"collection":[{"href":"https:\/\/gambling-problems-sympo.ch\/fr\/wp-json\/wp\/v2\/pages"}],"about":[{"href":"https:\/\/gambling-problems-sympo.ch\/fr\/wp-json\/wp\/v2\/types\/page"}],"author":[{"embeddable":true,"href":"https:\/\/gambling-problems-sympo.ch\/fr\/wp-json\/wp\/v2\/users\/1"}],"replies":[{"embeddable":true,"href":"https:\/\/gambling-problems-sympo.ch\/fr\/wp-json\/wp\/v2\/comments?post=214"}],"version-history":[{"count":10,"href":"https:\/\/gambling-problems-sympo.ch\/fr\/wp-json\/wp\/v2\/pages\/214\/revisions"}],"predecessor-version":[{"id":2264,"href":"https:\/\/gambling-problems-sympo.ch\/fr\/wp-json\/wp\/v2\/pages\/214\/revisions\/2264"}],"up":[{"embeddable":true,"href":"https:\/\/gambling-problems-sympo.ch\/fr\/wp-json\/wp\/v2\/pages\/56"}],"wp:attachment":[{"href":"https:\/\/gambling-problems-sympo.ch\/fr\/wp-json\/wp\/v2\/media?parent=214"}],"curies":[{"name":"wp","href":"https:\/\/api.w.org\/{rel}","templated":true}]}}