{"id":232,"date":"2024-04-24T04:49:34","date_gmt":"2024-04-24T04:49:34","guid":{"rendered":"https:\/\/gambling-problems-sympo.ch\/?page_id=232"},"modified":"2025-04-16T04:13:41","modified_gmt":"2025-04-16T04:13:41","slug":"comite","status":"publish","type":"page","link":"https:\/\/gambling-problems-sympo.ch\/fr\/comite\/","title":{"rendered":"Comit\u00e9"},"content":{"rendered":"<div class=\"vce-row-container\"><div class=\"vce-row vce-element--has-background vce-row--col-gap-30 banner vce-row-equal-height vce-row-content--top\" data-vce-full-width=\"true\" id=\"el-0b91a640\" data-vce-do-apply=\"all el-0b91a640\"><div class=\"vce-content-background-container\"><div class=\"vce-asset-background-simple-container vce-visible-all-only vce-asset-background-simple--style-cover vce-asset-background-simple--position-left-bottom\"><div class=\"vce-asset-background-simple\">\n              <div class=\"vce-asset-background-simple-item vcv-lozad\" data-background-image=\"https:\/\/gambling-problems-sympo.ch\/wp-content\/uploads\/2024\/10\/image_sympo_copie_MaudeRion_small-scaled.jpg\"><\/div>\n              <noscript>\n                <div class=\"vce-asset-background-simple-item\" style=\"background-image: url(https:\/\/gambling-problems-sympo.ch\/wp-content\/uploads\/2024\/10\/image_sympo_copie_MaudeRion_small-scaled.jpg)\"><\/div>\n              <\/noscript>\n            <\/div><\/div><\/div><div class=\"vce-row-content\" data-vce-element-content=\"true\"><div class=\"vce-col vce-col--md-auto vce-col--xs-1 vce-col--xs-last vce-col--xs-first vce-col--sm-last vce-col--sm-first vce-col--md-last vce-col--lg-last vce-col--xl-last vce-col--md-first vce-col--lg-first vce-col--xl-first\" id=\"el-5efdbcd6\"><div class=\"vce-col-inner\" data-vce-do-apply=\"border margin background  el-5efdbcd6\"><div class=\"vce-col-content\" data-vce-element-content=\"true\" data-vce-do-apply=\"padding el-5efdbcd6\"><div><\/div><\/div><\/div><\/div><\/div><\/div><\/div><div class=\"vce-row-container\" data-vce-boxed-width=\"true\"><div class=\"vce-row vce-row--col-gap-30 vce-row-equal-height vce-row-content--top\" id=\"el-a8e81025\" data-vce-do-apply=\"all el-a8e81025\"><div class=\"vce-row-content\" data-vce-element-content=\"true\"><div class=\"vce-col vce-col--md-auto vce-col--xs-1 vce-col--xs-last vce-col--xs-first vce-col--sm-last vce-col--sm-first vce-col--md-last vce-col--lg-last vce-col--xl-last vce-col--md-first vce-col--lg-first vce-col--xl-first\" id=\"el-be4d070b\"><div class=\"vce-col-inner\" data-vce-do-apply=\"border margin background  el-be4d070b\"><div class=\"vce-col-content\" data-vce-element-content=\"true\" data-vce-do-apply=\"padding el-be4d070b\"><div><\/div><\/div><\/div><\/div><\/div><\/div><\/div><div class=\"vce-row-container\" data-vce-boxed-width=\"true\"><div class=\"vce-row vce-row--col-gap-30 vce-row-content--top\" id=\"el-b839084a\" data-vce-do-apply=\"all el-b839084a\"><div class=\"vce-content-background-container\"><\/div><div class=\"vce-row-content\" data-vce-element-content=\"true\"><div class=\"vce-col vce-col--md-auto vce-col--xs-1 vce-col--xs-last vce-col--xs-first vce-col--sm-last vce-col--sm-first vce-col--md-last vce-col--lg-last vce-col--xl-last vce-col--md-first vce-col--lg-first vce-col--xl-first\" id=\"el-4c90006d\"><div class=\"vce-col-inner\" data-vce-do-apply=\"border margin background  el-4c90006d\"><div class=\"vce-col-content\" data-vce-element-content=\"true\" data-vce-do-apply=\"padding el-4c90006d\"><div class=\"vce-text-block\"><div class=\"vce-text-block-wrapper vce\" id=\"el-48a40240\" data-vce-do-apply=\"all el-48a40240\"><p>&nbsp;<\/p>\n<h1><span style=\"font-size: 36pt; font-family: Figtree;\"><strong><span style=\"font-weight: 900; font-style: normal;\">Comit\u00e9s<\/span><br><\/strong><\/span><\/h1>\n<p style=\"line-height: 1.25;\">&nbsp;<\/p>\n<p style=\"line-height: 1.25;\"><span style=\"font-size: 18pt; font-family: Figtree;\"><strong>Bureau central<\/strong><\/span><\/p>\n<p style=\"line-height: 1.25;\"><span style=\"font-family: Figtree;\">Cheryl Dickson, Centre du jeu excessif (CJE), DP-CHUV, Lausanne<\/span><\/p>\n<p style=\"line-height: 1.25;\"><span style=\"font-family: Figtree;\">Caroline Dunand, Centre du jeu excessif (CJE), DP-CHUV, Lausanne<\/span><\/p>\n<p style=\"line-height: 1.25;\"><span style=\"font-family: Figtree;\">Mohamed Hachaichi, Unit\u00e9 de traitement des addictions Montreux, Fondation de Nant<\/span><\/p>\n<p style=\"line-height: 1.25;\"><span style=\"font-family: Figtree;\">Suzanne Lischer, Hochschule Luzern - Soziale Arbeit<\/span><\/p>\n<p style=\"line-height: 1.25;\"><span style=\"font-family: Figtree;\">Olivier Simon, Centre du jeu excessif (CJE), DP-CHUV, Lausanne<\/span><\/p>\n<p style=\"line-height: 1.25;\"><span style=\"font-family: Figtree;\">Ingrid Vogel, Centre du jeu excessif (CJE), DP-CHUV, Lausanne<\/span><\/p>\n<p style=\"line-height: 1.25;\">&nbsp;<\/p>\n<p style=\"line-height: 1.25;\"><span style=\"font-size: 18pt; font-family: Figtree;\"><strong>Comit\u00e9 d\u2019organisation<\/strong><\/span><\/p>\n<p style=\"line-height: 1.25;\"><span style=\"font-family: Figtree;\">Hugues Balthasar, D\u00e9partement de la sant\u00e9 et de l'action sociale, Etat de Vaud, Lausanne<\/span><\/p>\n<p style=\"line-height: 1.25;\"><span style=\"font-family: Figtree;\">Romaine Darbellay, Promotion sant\u00e9 Valais, Sion<\/span><\/p>\n<p style=\"line-height: 1.25;\"><span style=\"font-family: Figtree;\">Cheryl Dickson, Centre du jeu excessif (CJE), DP-CHUV, Lausanne<\/span><\/p>\n<p style=\"line-height: 1.25;\"><span style=\"font-family: Figtree;\">Nicolas Dietrich, Service du m\u00e9decin cantonal (SMC), Direction de la sant\u00e9 et des affaires sociales (DSAS), Fribourg<\/span><\/p>\n<p style=\"line-height: 1.25;\"><span style=\"font-family: Figtree;\">L\u00e9onard Dinkel, Programme intercantonal de lutte contre la d\u00e9pendance au jeu (PILDJ), GREA, Lausanne<\/span><\/p>\n<p style=\"line-height: 1.25;\"><span style=\"font-family: Figtree;\">Caroline Dunand, Centre du jeu excessif (CJE), DP-CHUV, Lausanne<\/span><\/p>\n<p style=\"line-height: 1.25;\"><span style=\"font-family: Figtree;\">Morgane Guillou Landreat, Unit\u00e9 de recherche SPURBO, Universit\u00e9 de Bretagne occidentale, Brest<\/span><\/p>\n<p style=\"line-height: 1.25;\"><span style=\"font-family: Figtree;\">Mohamed Hachaichi, Unit\u00e9 de traitement des addiction, Fondation de Nant, Montreux<\/span><\/p>\n<p style=\"line-height: 1.25;\"><span style=\"font-family: Figtree;\">Suzanne Lischer, Hochschule Luzern - Soziale Arbeit, Luzern<\/span><\/p>\n<p style=\"line-height: 1.25;\"><span style=\"font-family: Figtree;\">D\u00f6rte Petit, Addiction Suisse, Lausanne<\/span><\/p>\n<p style=\"line-height: 1.25;\"><span style=\"font-family: Figtree;\">Olivier Simon, Centre du jeu excessif (CJE), DP-CHUV, Lausanne<\/span><\/p>\n<p style=\"line-height: 1.25;\"><span style=\"font-family: Figtree;\">Emiliano Soldini, Scuola universitaria professionale della Svizzera italiana (SUPSI), Manno<\/span><\/p>\n<p style=\"line-height: 1.25;\"><span style=\"font-family: Figtree;\">Ingrid Vogel, Centre du jeu excessif (CJE), DP-CHUV, Lausanne<\/span><\/p>\n<p style=\"line-height: 1.25;\">&nbsp;<\/p>\n<p style=\"line-height: 1.25;\"><span style=\"font-size: 18pt; font-family: Figtree;\"><strong>Comit\u00e9 anglophone<\/strong><\/span><\/p>\n<p style=\"line-height: 1.25;\"><span style=\"font-family: Figtree;\">Cheryl Dickson, Centre du jeu excessif (CJE), DP-CHUV, Lausanne<\/span><\/p>\n<p style=\"line-height: 1.25;\"><span style=\"font-family: Figtree;\">St\u00e9phanie Baggio, Universit\u00e9 de Lausanne (UNIL)<\/span><\/p>\n<p style=\"line-height: 1.25;\"><span style=\"font-family: Figtree;\">Luke Clark, University of Cambridge, Department of Psychology, Cambridge<\/span><\/p>\n<p><span style=\"font-family: Figtree;\">Zsolt Demetrovics, Addiction Research Group, ELTE E\u00f6tv\u00f6s Lor\u00e1nd University, Budapest<\/span><\/p>\n<p style=\"line-height: 1.25;\"><span style=\"font-family: Figtree;\">Thomas Shane, Federation University, Melbourne<\/span><\/p>\n<p style=\"line-height: 1.25;\"><span style=\"font-family: Figtree;\">Daniel \u00de\u00f3r \u00d3lason, University of Iceland, Reykjavik<\/span><\/p>\n<p style=\"line-height: 1.25;\">&nbsp;<\/p>\n<p style=\"line-height: 1.25;\"><span style=\"font-size: 18pt; font-family: Figtree;\"><strong>Comit\u00e9 francophone<\/strong><\/span><\/p>\n<p><span style=\"font-family: Figtree;\">Morgane Guillou Landreat, Unit\u00e9 de recherche SPURBO, Universit\u00e9 de Bretagne occidentale, Brest<\/span><\/p>\n<p><span style=\"font-family: Figtree;\">Emmanuel Benoit, Association de recherche et de pr\u00e9vention des exc\u00e8s du jeu (ARPEJ), Paris<\/span><\/p>\n<p><span style=\"font-family: Figtree;\">Paul Brunault, Direction du P\u00f4le de Psychiatrie et d\u2019Addictologie, CHRU de Tours<\/span><\/p>\n<p><span style=\"font-family: Figtree;\">Gaelle Challet Bouju, Institut F\u00e9d\u00e9ratif des Addictions Comportementales (IFAC), CHU de Nantes<\/span><\/p>\n<p><span style=\"font-family: Figtree;\">Marie Grall-Bronnec, IFAC, Service d'addictologie et de psychiatrie de Liaison, CHU de Nantes<\/span><\/p>\n<p><span style=\"font-family: Figtree;\">Amandine Luquiens, Servie d\u2019addictologie, CHU de N\u00eemes<\/span><\/p>\n<p><span style=\"font-family: Figtree;\">Lucia Romo, Universit\u00e9 Paris Nanterre, Sciences psychologiques et sciences de l\u2019\u00e9ducation (SPSE)<\/span><\/p>\n<p><span style=\"font-family: Figtree;\">Elizabeth Ross\u00e9, Centre M\u00e9dical Marmottan, H\u00f4pital Marmottant, Paris<\/span><\/p>\n<p>&nbsp;<\/p>\n<p style=\"line-height: 1.25;\"><span style=\"font-size: 18pt; font-family: Figtree;\"><strong>Comit\u00e9 germanophone<\/strong><\/span><\/p>\n<p style=\"line-height: 1.25;\"><span style=\"font-family: Figtree;\">Suzanne Lischer, Hochschule Luzern - Soziale Arbeit, Luzern<\/span><\/p>\n<p style=\"line-height: 1.25;\"><span style=\"font-family: Figtree;\">Dominik Batthy\u00e1ny, Sigmund Freud Privatuniversit\u00e4t Wien<\/span><\/p>\n<p style=\"line-height: 1.25;\"><span style=\"font-family: Figtree;\">Tobias Hayer, Institut f\u00fcr Psychologie und Kognitionsforschung (IPK), Universit\u00e4t Bremen<\/span><\/p>\n<p style=\"line-height: 1.25;\"><span style=\"font-family: Figtree;\">Doris Malischnig, Therapiezentrum Ybbs des Wiener Gesundheitsverbundes<br><\/span><\/p>\n<p style=\"line-height: 1.25;\"><span style=\"font-family: Figtree;\">Hans-J\u00fcrgen Rumpf, Research group \u201cAddiction\u201c, Department of Psychiatry and Psychotherapy, L\u00fcbeck<\/span><\/p>\n<p style=\"line-height: 1.25;\"><span style=\"font-family: Figtree;\">Michael Schaub, Schweizer Institut f\u00fcr Sucht- und Gesundheitsforschung (ISGF), Z\u00fcrich<\/span><\/p>\n<p style=\"line-height: 1.25;\"><span style=\"font-family: Figtree;\">Domenic Schnoz, RADIX Ostschweiz &amp; Zentrum f\u00fcr Spielsucht und andere Verhaltenss\u00fcchte, Z\u00fcrich<\/span><\/p>\n<p style=\"line-height: 1.25;\"><span style=\"font-family: Figtree;\">C\u00e9dric Storz, Fachverband Sucht, Z\u00fcrich<\/span><\/p>\n<p style=\"line-height: 1.25;\"><span style=\"font-family: Figtree;\">Andreas W\u00f6hr, Forschungsstelle Gl\u00fccksspiel, Universit\u00e4t Hohenheim, Stuttgart<\/span><\/p>\n<p style=\"line-height: 1.25;\">&nbsp;<\/p>\n<p style=\"line-height: 1.25;\"><span style=\"font-size: 18pt; font-family: Figtree;\"><strong>Comit\u00e9 italophone<\/strong><\/span><\/p>\n<p><span style=\"font-family: Figtree;\">Emiliano Soldini, Scuola universitaria professionale della Svizzera italiana (SUPSI), Manno<\/span><\/p>\n<p><span style=\"font-family: Figtree;\">Mauro Croce, Universit\u00e0 della Valle d'Aosta<\/span><\/p>\n<p><span style=\"font-family: Figtree;\">Nicola Matteucci, Universit\u00e0 Politecnica delle Marche, Ancona<\/span><\/p>\n<p><span style=\"font-family: Figtree;\">Sara Palazzo, INGRADO \u2013 Servizi per le dipendenze, Bellinzona<\/span><\/p>\n<p><span style=\"font-family: Figtree;\">Fulvia Prever, Azzardo&amp;Donne Project, Sun(n)coop, Milan<\/span><\/p>\n<p><span style=\"font-family: Figtree;\">Anna-Maria Sani, Istituto di ricerca sul gioco d'azzardo (IRGA), Bellinzona<\/span><\/p>\n<p style=\"line-height: 1.25;\">&nbsp;<\/p>\n<p style=\"line-height: 1.25;\"><span style=\"font-size: 18pt; font-family: Figtree;\"><strong>Conseil scientifique<\/strong><\/span><\/p>\n<p style=\"line-height: 1.25;\"><span style=\"font-family: Figtree;\">Dre Sophia Achab (Gen\u00e8ve\/Suisse) ; Pr Matteo Bassoli (Padova\/Italia) ; Pr Jacques Besson (Lausanne\/Suisse) ; Pr Jo\u00ebl Billieux (Lausanne\/Suisse) ; Pre Magaly Brodeur (Sherbrooke\/United Kingdom) ; Dr Jean-Pierre Couteron (Paris\/France) ; Zsolt Demetrovics (Budapest\/Hungary) ; Pr Claude Jeanrenaud (Neuch\u00e2tel\/Suisse) ; Pr Yasser Khazaal (Lausanne\/suisse) ; Dre Bernadeta Lelonek-Kuleta (Lublin\/Poland) ; Pr Jallal Toufiq (Sal\u00e9-Rabat\/Morocco) ; Mme Marie-Line Tovar (Paris\/France)<\/span><\/p><\/div><\/div><\/div><\/div><\/div><\/div><\/div><\/div><div class=\"vce-row-container\" data-vce-boxed-width=\"true\"><div class=\"vce-row vce-row--col-gap-30 vce-row-equal-height vce-row-content--top\" id=\"el-91ae4aaa\" data-vce-do-apply=\"all el-91ae4aaa\"><div class=\"vce-row-content\" data-vce-element-content=\"true\"><div class=\"vce-col vce-col--md-auto vce-col--xs-1 vce-col--xs-last vce-col--xs-first vce-col--sm-last vce-col--sm-first vce-col--md-last vce-col--lg-last vce-col--xl-last vce-col--md-first vce-col--lg-first vce-col--xl-first\" id=\"el-c17166de\"><div class=\"vce-col-inner\" data-vce-do-apply=\"border margin background  el-c17166de\"><div class=\"vce-col-content\" data-vce-element-content=\"true\" data-vce-do-apply=\"padding el-c17166de\"><div><\/div><\/div><\/div><\/div><\/div><\/div><\/div>","protected":false},"excerpt":{"rendered":"<p>&nbsp; Comit\u00e9s &nbsp; Bureau central Cheryl Dickson, Centre du jeu excessif (CJE), DP-CHUV, Lausanne Caroline Dunand, Centre du jeu excessif (CJE), DP-CHUV, Lausanne Mohamed Hachaichi, Unit\u00e9 de traitement des addictions Montreux, Fondation de Nant Suzanne Lischer, Hochschule Luzern &#8211; Soziale Arbeit Olivier Simon, Centre du jeu excessif (CJE), DP-CHUV, Lausanne Ingrid Vogel, Centre du jeu [&hellip;]<\/p>\n","protected":false},"author":1,"featured_media":0,"parent":0,"menu_order":0,"comment_status":"closed","ping_status":"closed","template":"","meta":{"footnotes":""},"class_list":["post-232","page","type-page","status-publish","hentry"],"_links":{"self":[{"href":"https:\/\/gambling-problems-sympo.ch\/fr\/wp-json\/wp\/v2\/pages\/232","targetHints":{"allow":["GET"]}}],"collection":[{"href":"https:\/\/gambling-problems-sympo.ch\/fr\/wp-json\/wp\/v2\/pages"}],"about":[{"href":"https:\/\/gambling-problems-sympo.ch\/fr\/wp-json\/wp\/v2\/types\/page"}],"author":[{"embeddable":true,"href":"https:\/\/gambling-problems-sympo.ch\/fr\/wp-json\/wp\/v2\/users\/1"}],"replies":[{"embeddable":true,"href":"https:\/\/gambling-problems-sympo.ch\/fr\/wp-json\/wp\/v2\/comments?post=232"}],"version-history":[{"count":40,"href":"https:\/\/gambling-problems-sympo.ch\/fr\/wp-json\/wp\/v2\/pages\/232\/revisions"}],"predecessor-version":[{"id":2769,"href":"https:\/\/gambling-problems-sympo.ch\/fr\/wp-json\/wp\/v2\/pages\/232\/revisions\/2769"}],"wp:attachment":[{"href":"https:\/\/gambling-problems-sympo.ch\/fr\/wp-json\/wp\/v2\/media?parent=232"}],"curies":[{"name":"wp","href":"https:\/\/api.w.org\/{rel}","templated":true}]}}