{"id":47,"date":"2023-09-15T05:06:32","date_gmt":"2023-09-15T05:06:32","guid":{"rendered":"https:\/\/gambling-problems-sympo.ch\/?page_id=47"},"modified":"2025-05-14T01:39:30","modified_gmt":"2025-05-14T01:39:30","slug":"registration","status":"publish","type":"page","link":"https:\/\/gambling-problems-sympo.ch\/fr\/registration\/","title":{"rendered":"Registration"},"content":{"rendered":"<div class=\"vce-row-container\"><div class=\"vce-row vce-element--has-background vce-row--col-gap-30 banner vce-row-equal-height vce-row-content--top\" data-vce-full-width=\"true\" id=\"el-2130ea72\" data-vce-do-apply=\"all el-2130ea72\"><div class=\"vce-content-background-container\"><div class=\"vce-asset-background-simple-container vce-visible-all-only vce-asset-background-simple--style-cover vce-asset-background-simple--position-left-bottom\"><div class=\"vce-asset-background-simple\">\n              <div class=\"vce-asset-background-simple-item vcv-lozad\" data-background-image=\"https:\/\/gambling-problems-sympo.ch\/wp-content\/uploads\/2024\/10\/image_sympo_copie_MaudeRion_small-scaled.jpg\"><\/div>\n              <noscript>\n                <div class=\"vce-asset-background-simple-item\" style=\"background-image: url(https:\/\/gambling-problems-sympo.ch\/wp-content\/uploads\/2024\/10\/image_sympo_copie_MaudeRion_small-scaled.jpg)\"><\/div>\n              <\/noscript>\n            <\/div><\/div><\/div><div class=\"vce-row-content\" data-vce-element-content=\"true\"><div class=\"vce-col vce-col--md-auto vce-col--xs-1 vce-col--xs-last vce-col--xs-first vce-col--sm-last vce-col--sm-first vce-col--md-last vce-col--lg-last vce-col--xl-last vce-col--md-first vce-col--lg-first vce-col--xl-first\" id=\"el-233bf4a0\"><div class=\"vce-col-inner\" data-vce-do-apply=\"border margin background  el-233bf4a0\"><div class=\"vce-col-content\" data-vce-element-content=\"true\" data-vce-do-apply=\"padding el-233bf4a0\"><div><\/div><\/div><\/div><\/div><\/div><\/div><\/div><div class=\"vce-row-container\" data-vce-boxed-width=\"true\"><div class=\"vce-row vce-row--col-gap-30 vce-row-equal-height vce-row-content--top\" id=\"el-8c812736\" data-vce-do-apply=\"all el-8c812736\"><div class=\"vce-row-content\" data-vce-element-content=\"true\"><div class=\"vce-col vce-col--md-auto vce-col--xs-1 vce-col--xs-last vce-col--xs-first vce-col--sm-last vce-col--sm-first vce-col--md-last vce-col--lg-last vce-col--xl-last vce-col--md-first vce-col--lg-first vce-col--xl-first\" id=\"el-59c96d32\"><div class=\"vce-col-inner\" data-vce-do-apply=\"border margin background  el-59c96d32\"><div class=\"vce-col-content\" data-vce-element-content=\"true\" data-vce-do-apply=\"padding el-59c96d32\"><div class=\"vce-text-block\"><div class=\"vce-text-block-wrapper vce\" id=\"el-521a0f5d\" data-vce-do-apply=\"all el-521a0f5d\"><div class=\"page\" title=\"Page 2\">\n<div class=\"section\">\n<div class=\"layoutArea\">\n<div class=\"column\">\n<p>&nbsp;<\/p>\n<p><span style=\"font-size: 36pt; font-family: Figtree; font-weight: 900; font-style: normal;\"><strong>Inscription<\/strong><\/span><\/p>\n<\/div>\n<\/div>\n<p>&nbsp;<\/p>\n<div class=\"layoutArea\">\n<div class=\"column\">\n<p><span style=\"font-size: 14pt; font-family: Figtree;\">L'inscription en ligne est ouverte d\u00e8s le 15 novembre 2024.<\/span><\/p>\n<p><span style=\"font-size: 14pt; font-family: Figtree;\"><strong><span style=\"font-size: 24pt;\">Dates importantes<\/span><br><\/strong><\/span><\/p>\n<ul>\n<li><span style=\"font-size: 14pt; font-family: Figtree;\">Date limite de soumission des r\u00e9sum\u00e9s : <del>15 f\u00e9vrier 2025<\/del> <strong><span style=\"color: #ff0000;\">Le d\u00e9lai est prolong\u00e9 jusqu'au 25 f\u00e9vrier 2025.<\/span><\/strong><br><\/span><\/li>\n<li><span style=\"font-size: 14pt; font-family: Figtree;\">Date limite pour l'inscription \u00e0 tarif r\u00e9duit : 12 mars 2025<\/span><\/li>\n<\/ul>\n<\/div>\n<\/div>\n<p>&nbsp;<\/p>\n<p><span style=\"font-family: Figtree; font-size: 18pt; color: #517898;\"><strong>Bourse \u00ab&nbsp;Young investigators&nbsp;\u00bb<\/strong><\/span><\/p>\n<p><span style=\"font-family: Figtree; font-size: 14pt;\">Afin d\u2019encourager l\u2019effort de recherche des professionnels en d\u00e9but de carri\u00e8re, une bourse a \u00e9t\u00e9 constitu\u00e9e avec le soutien de la SSAM pour faciliter leur participation au symposium. Posez votre candidature! Cliquez <a href=\"https:\/\/gambling-problems-sympo.ch\/wp-content\/uploads\/2025\/01\/Bourse_Young_Investigators_FR-1.docx\" target=\"_blank\" rel=\"noopener\"><strong>ici<\/strong><\/a>! <\/span><\/p>\n<p>&nbsp;<\/p>\n<div class=\"layoutArea\">\n<div class=\"column\"><hr>\n<p>&nbsp;<\/p>\n<p><span style=\"font-size: 14pt; font-family: Figtree;\">Les frais d'inscription incluent 2 pauses caf\u00e9 et un d\u00e9jeuner (buffet) les 19 et 20 juin.<\/span><\/p>\n<p>&nbsp;<\/p>\n<p><span style=\"color: #517898; font-size: 24pt; font-family: Figtree;\"><strong>Frais d'inscription<\/strong><\/span><\/p>\n<p><span style=\"font-family: Figtree;\"><img loading=\"lazy\" decoding=\"async\" class=\"alignnone wp-image-2816 size-large\" src=\"https:\/\/gambling-problems-sympo.ch\/wp-content\/uploads\/2025\/05\/Nouveaux_tarifs_FR-1-1024x324.png\" alt=\"\" width=\"800\" height=\"253\" srcset=\"https:\/\/gambling-problems-sympo.ch\/wp-content\/uploads\/2025\/05\/Nouveaux_tarifs_FR-1-1024x324.png 1024w, https:\/\/gambling-problems-sympo.ch\/wp-content\/uploads\/2025\/05\/Nouveaux_tarifs_FR-1-300x95.png 300w, https:\/\/gambling-problems-sympo.ch\/wp-content\/uploads\/2025\/05\/Nouveaux_tarifs_FR-1-768x243.png 768w, https:\/\/gambling-problems-sympo.ch\/wp-content\/uploads\/2025\/05\/Nouveaux_tarifs_FR-1-1536x487.png 1536w, https:\/\/gambling-problems-sympo.ch\/wp-content\/uploads\/2025\/05\/Nouveaux_tarifs_FR-1-2048x649.png 2048w, https:\/\/gambling-problems-sympo.ch\/wp-content\/uploads\/2025\/05\/Nouveaux_tarifs_FR-1-320x101.png 320w, https:\/\/gambling-problems-sympo.ch\/wp-content\/uploads\/2025\/05\/Nouveaux_tarifs_FR-1-480x152.png 480w, https:\/\/gambling-problems-sympo.ch\/wp-content\/uploads\/2025\/05\/Nouveaux_tarifs_FR-1-800x253.png 800w, https:\/\/gambling-problems-sympo.ch\/wp-content\/uploads\/2025\/05\/Nouveaux_tarifs_FR-1-1320x418.png 1320w\" sizes=\"auto, (max-width: 800px) 100vw, 800px\" \/><\/span><\/p>\n<p style=\"line-height: 1.5;\"><span style=\"font-size: 14pt; font-family: Figtree;\">Lors de votre inscription en ligne, vous pourrez \u00e9galement choisir les options suivantes :<\/span><\/p>\n<ul>\n<li style=\"line-height: 1.5;\"><span style=\"font-size: 14pt; font-family: Figtree;\">Conf\u00e9rence d'ouverture le mercredi 18 juin (18h00) : gratuite<\/span><\/li>\n<li style=\"line-height: 1.5;\"><span style=\"font-size: 14pt; font-family: Figtree;\">Buffet du soir le mercredi 18 juin : CHF 20<\/span><\/li>\n<li style=\"line-height: 1.5;\"><span style=\"font-size: 14pt; font-family: Figtree;\">D\u00eener de la conf\u00e9rence le jeudi 19 juin : CHF 40<\/span><\/li>\n<\/ul>\n<\/div>\n<\/div>\n<hr>\n<div class=\"layoutArea\">\n<p>&nbsp;<\/p>\n<div class=\"column\">\n<p>&nbsp;<\/p>\n<p><span style=\"font-size: 14pt; font-family: Figtree;\"><strong>La r\u00e9servation de chambres au Centre de conf\u00e9rences et de s\u00e9minaires de Caux (sur le lieu m\u00eame de la conf\u00e9rence) ne peut \u00eatre effectu\u00e9e que par le biais du formulaire d'inscription au symposium ! Le nombre de chambres est limit\u00e9 !<\/strong><\/span><\/p>\n<p style=\"line-height: 1.5;\"><span style=\"font-size: 14pt; font-family: Figtree;\">Options d'h\u00e9bergement au Centre de conf\u00e9rences et de s\u00e9minaires de Caux :<\/span><\/p>\n<ul style=\"line-height: 1.5;\">\n<li><span style=\"font-size: 14pt; font-family: Figtree;\">Chambre simple : CHF 140 par nuit<\/span><\/li>\n<li><span style=\"font-size: 14pt; font-family: Figtree;\">Chambre double (2 lits) : CHF 180 par nuit<\/span><\/li>\n<\/ul>\n<p style=\"line-height: 1;\"><span style=\"font-size: 14pt; font-family: Figtree;\">Le tarif inclut : petit-d\u00e9jeuner, taxe de s\u00e9jour, TVA et une carte de transport Montreux-Caux.<\/span><\/p>\n<p style=\"line-height: 1;\"><span style=\"font-size: 14pt; font-family: Figtree;\">Dur\u00e9e maximale de r\u00e9servation : du 17 juin au 21 juin (4 nuits).<\/span><\/p>\n<p style=\"line-height: 1;\"><span style=\"font-size: 14pt; font-family: Figtree;\">Aucun d\u00eener disponible les soir\u00e9es du 17 et du 20 juin.<\/span><\/p>\n<\/div>\n<p style=\"line-height: 1;\">&nbsp;<\/p>\n<div class=\"column\">\n<p><span style=\"font-family: Figtree;\"><strong><a href=\"https:\/\/gambling-problems-sympo.ch\/wp-content\/uploads\/2024\/11\/Hebergement_JHA25-1.pdf\" target=\"_blank\" rel=\"noopener\"><span style=\"font-size: 18pt;\">Cliquez ici pour voir les autres options d'h\u00e9bergement !<\/span><\/a><\/strong><\/span><\/p>\n<p>&nbsp;<\/p>\n<\/div>\n<\/div>\n<\/div>\n<\/div><\/div><\/div><\/div><\/div><\/div><\/div><\/div><\/div><div class=\"vce-row-container\" data-vce-boxed-width=\"true\"><div class=\"vce-row vce-row--col-gap-30 vce-row-equal-height vce-row-content--top\" id=\"el-f355c511\" data-vce-do-apply=\"all el-f355c511\"><div class=\"vce-row-content\" data-vce-element-content=\"true\"><div class=\"vce-col vce-col--md-auto vce-col--xs-1 vce-col--xs-last vce-col--xs-first vce-col--sm-last vce-col--sm-first vce-col--md-last vce-col--lg-last vce-col--xl-last vce-col--md-first vce-col--lg-first vce-col--xl-first\" id=\"el-0443696a\"><div class=\"vce-col-inner\" data-vce-do-apply=\"border margin background  el-0443696a\"><div class=\"vce-col-content\" data-vce-element-content=\"true\" data-vce-do-apply=\"padding el-0443696a\"><div class=\"vce-text-block\"><div class=\"vce-text-block-wrapper vce\" id=\"el-39b873c7\" data-vce-do-apply=\"all el-39b873c7\"><p>&nbsp;<\/p>\n<p><a href=\"https:\/\/b-com.mci-group.com\/CommunityPortal\/ProgressivePortal\/EXCGAM2025\/App\/Views\/InformationPage\/View.aspx?InformationPageID=17994\" target=\"_blank\" rel=\"noopener\"><img loading=\"lazy\" decoding=\"async\" class=\"alignnone wp-image-1553\" src=\"https:\/\/gambling-problems-sympo.ch\/wp-content\/uploads\/2024\/11\/Registration_bouton_FR.jpg\" alt=\"\" width=\"400\" height=\"88\" srcset=\"https:\/\/gambling-problems-sympo.ch\/wp-content\/uploads\/2024\/11\/Registration_bouton_FR.jpg 807w, https:\/\/gambling-problems-sympo.ch\/wp-content\/uploads\/2024\/11\/Registration_bouton_FR-300x66.jpg 300w, https:\/\/gambling-problems-sympo.ch\/wp-content\/uploads\/2024\/11\/Registration_bouton_FR-768x168.jpg 768w, https:\/\/gambling-problems-sympo.ch\/wp-content\/uploads\/2024\/11\/Registration_bouton_FR-320x70.jpg 320w, https:\/\/gambling-problems-sympo.ch\/wp-content\/uploads\/2024\/11\/Registration_bouton_FR-480x105.jpg 480w, https:\/\/gambling-problems-sympo.ch\/wp-content\/uploads\/2024\/11\/Registration_bouton_FR-800x175.jpg 800w\" sizes=\"auto, (max-width: 400px) 100vw, 400px\" \/><\/a><\/p><\/div><\/div><\/div><\/div><\/div><\/div><\/div><\/div>","protected":false},"excerpt":{"rendered":"<p>&nbsp; Inscription &nbsp; L&#8217;inscription en ligne est ouverte d\u00e8s le 15 novembre 2024. Dates importantes Date limite de soumission des r\u00e9sum\u00e9s : 15 f\u00e9vrier 2025 Le d\u00e9lai est prolong\u00e9 jusqu&#8217;au 25 f\u00e9vrier 2025. Date limite pour l&#8217;inscription \u00e0 tarif r\u00e9duit : 12 mars 2025 &nbsp; Bourse \u00ab&nbsp;Young investigators&nbsp;\u00bb Afin d\u2019encourager l\u2019effort de recherche des professionnels [&hellip;]<\/p>\n","protected":false},"author":1,"featured_media":0,"parent":0,"menu_order":0,"comment_status":"closed","ping_status":"closed","template":"","meta":{"footnotes":""},"class_list":["post-47","page","type-page","status-publish","hentry"],"_links":{"self":[{"href":"https:\/\/gambling-problems-sympo.ch\/fr\/wp-json\/wp\/v2\/pages\/47","targetHints":{"allow":["GET"]}}],"collection":[{"href":"https:\/\/gambling-problems-sympo.ch\/fr\/wp-json\/wp\/v2\/pages"}],"about":[{"href":"https:\/\/gambling-problems-sympo.ch\/fr\/wp-json\/wp\/v2\/types\/page"}],"author":[{"embeddable":true,"href":"https:\/\/gambling-problems-sympo.ch\/fr\/wp-json\/wp\/v2\/users\/1"}],"replies":[{"embeddable":true,"href":"https:\/\/gambling-problems-sympo.ch\/fr\/wp-json\/wp\/v2\/comments?post=47"}],"version-history":[{"count":39,"href":"https:\/\/gambling-problems-sympo.ch\/fr\/wp-json\/wp\/v2\/pages\/47\/revisions"}],"predecessor-version":[{"id":2819,"href":"https:\/\/gambling-problems-sympo.ch\/fr\/wp-json\/wp\/v2\/pages\/47\/revisions\/2819"}],"wp:attachment":[{"href":"https:\/\/gambling-problems-sympo.ch\/fr\/wp-json\/wp\/v2\/media?parent=47"}],"curies":[{"name":"wp","href":"https:\/\/api.w.org\/{rel}","templated":true}]}}