{"id":51,"date":"2023-09-15T05:09:52","date_gmt":"2023-09-15T05:09:52","guid":{"rendered":"https:\/\/gambling-problems-sympo.ch\/?page_id=51"},"modified":"2025-01-19T08:50:22","modified_gmt":"2025-01-19T08:50:22","slug":"contact","status":"publish","type":"page","link":"https:\/\/gambling-problems-sympo.ch\/fr\/contact\/","title":{"rendered":"Contact"},"content":{"rendered":"<div class=\"vce-row-container\"><div class=\"vce-row vce-element--has-background vce-row--col-gap-30 banner vce-row-equal-height vce-row-content--top\" data-vce-full-width=\"true\" id=\"el-0b91a640\" data-vce-do-apply=\"all el-0b91a640\"><div class=\"vce-content-background-container\"><div class=\"vce-asset-background-simple-container vce-visible-all-only vce-asset-background-simple--style-cover vce-asset-background-simple--position-left-bottom\"><div class=\"vce-asset-background-simple\">\n              <div class=\"vce-asset-background-simple-item vcv-lozad\" data-background-image=\"https:\/\/gambling-problems-sympo.ch\/wp-content\/uploads\/2024\/10\/image_sympo_copie_MaudeRion_small-scaled.jpg\"><\/div>\n              <noscript>\n                <div class=\"vce-asset-background-simple-item\" style=\"background-image: url(https:\/\/gambling-problems-sympo.ch\/wp-content\/uploads\/2024\/10\/image_sympo_copie_MaudeRion_small-scaled.jpg)\"><\/div>\n              <\/noscript>\n            <\/div><\/div><\/div><div class=\"vce-row-content\" data-vce-element-content=\"true\"><div class=\"vce-col vce-col--md-auto vce-col--xs-1 vce-col--xs-last vce-col--xs-first vce-col--sm-last vce-col--sm-first vce-col--md-last vce-col--lg-last vce-col--xl-last vce-col--md-first vce-col--lg-first vce-col--xl-first\" id=\"el-5efdbcd6\"><div class=\"vce-col-inner\" data-vce-do-apply=\"border margin background  el-5efdbcd6\"><div class=\"vce-col-content\" data-vce-element-content=\"true\" data-vce-do-apply=\"padding el-5efdbcd6\"><div><\/div><\/div><\/div><\/div><\/div><\/div><\/div><div class=\"vce-row-container\" data-vce-boxed-width=\"true\"><div class=\"vce-row vce-row--col-gap-30 vce-row-equal-height vce-row-content--top\" id=\"el-a8e81025\" data-vce-do-apply=\"all el-a8e81025\"><div class=\"vce-row-content\" data-vce-element-content=\"true\"><div class=\"vce-col vce-col--md-auto vce-col--xs-1 vce-col--xs-last vce-col--xs-first vce-col--sm-last vce-col--sm-first vce-col--md-last vce-col--lg-last vce-col--xl-last vce-col--md-first vce-col--lg-first vce-col--xl-first\" id=\"el-be4d070b\"><div class=\"vce-col-inner\" data-vce-do-apply=\"border margin background  el-be4d070b\"><div class=\"vce-col-content\" data-vce-element-content=\"true\" data-vce-do-apply=\"padding el-be4d070b\"><div><\/div><\/div><\/div><\/div><\/div><\/div><\/div><div class=\"vce-row-container\" data-vce-boxed-width=\"true\"><div class=\"vce-row vce-row--col-gap-30 vce-row-content--top\" id=\"el-b839084a\" data-vce-do-apply=\"all el-b839084a\"><div class=\"vce-row-content\" data-vce-element-content=\"true\"><div class=\"vce-col vce-col--md-auto vce-col--xs-1 vce-col--xs-last vce-col--xs-first vce-col--sm-last vce-col--sm-first vce-col--md-last vce-col--lg-last vce-col--xl-last vce-col--md-first vce-col--lg-first vce-col--xl-first\" id=\"el-e6444781\"><div class=\"vce-col-inner\" data-vce-do-apply=\"border margin background  el-e6444781\"><div class=\"vce-col-content\" data-vce-element-content=\"true\" data-vce-do-apply=\"padding el-e6444781\"><div class=\"vce-text-block\"><div class=\"vce-text-block-wrapper vce\" id=\"el-48a40240\" data-vce-do-apply=\"all el-48a40240\"><h1 style=\"line-height: 0.5;\"><span style=\"font-weight: 400; font-style: normal; font-size: 12pt;\">&nbsp;<\/span><\/h1>\n<p>&nbsp;<\/p>\n<h1 style=\"line-height: 0.5;\"><span style=\"font-size: 36pt; font-family: Figtree; font-weight: 900; font-style: normal;\">Contacts<\/span><\/h1><\/div><\/div><\/div><\/div><\/div><\/div><\/div><\/div><div class=\"vce-row-container\" data-vce-boxed-width=\"true\"><div class=\"vce-row vce-row--col-gap-30 vce-row-equal-height vce-row-content--top\" id=\"el-b4626753\" data-vce-do-apply=\"all el-b4626753\"><div class=\"vce-row-content\" data-vce-element-content=\"true\"><div class=\"vce-col vce-col--md-auto vce-col--xs-1 vce-col--xs-last vce-col--xs-first vce-col--sm-last vce-col--sm-first vce-col--md-first vce-col--lg-first vce-col--xl-first\" id=\"el-c585cb00\"><div class=\"vce-col-inner\" data-vce-do-apply=\"border margin background  el-c585cb00\"><div class=\"vce-col-content\" data-vce-element-content=\"true\" data-vce-do-apply=\"padding el-c585cb00\"><div class=\"vce-text-block\"><div class=\"vce-text-block-wrapper vce\" id=\"el-37fd06da\" data-vce-do-apply=\"all el-37fd06da\"><p style=\"line-height: 0.5;\">&nbsp;<\/p>\n<p><span style=\"font-size: 14pt;\"><strong><span style=\"font-family: Figtree; font-size: 18pt;\">Secr\u00e9tariat scientifique<\/span><br><\/strong><\/span><\/p>\n<p style=\"line-height: 1.25;\"><span style=\"font-family: Figtree;\">Dr Olivier Simon<\/span><br><span style=\"font-family: Figtree;\">Centre du jeu excessif, Service de m\u00e9decine des addictions, DP-CHUV<\/span><br><span style=\"font-family: Figtree;\">Avenue de Morges 40<\/span><br><span style=\"font-family: Figtree;\">CH-1004 Lausanne<\/span><br><span style=\"font-family: Figtree;\">olivier.simon@chuv.ch<\/span><br><span style=\"font-family: Figtree;\">www.jeu-excessif.ch<\/span><\/p><\/div><\/div><\/div><\/div><\/div><div class=\"vce-col vce-col--md-auto vce-col--xs-1 vce-col--xs-last vce-col--xs-first vce-col--sm-last vce-col--sm-first vce-col--md-last vce-col--lg-last vce-col--xl-last\" id=\"el-581de977\"><div class=\"vce-col-inner\" data-vce-do-apply=\"border margin background  el-581de977\"><div class=\"vce-col-content\" data-vce-element-content=\"true\" data-vce-do-apply=\"padding el-581de977\"><div class=\"vce-text-block\"><div class=\"vce-text-block-wrapper vce\" id=\"el-504f1932\" data-vce-do-apply=\"all el-504f1932\"><p style=\"line-height: 0.5;\">&nbsp;<\/p>\n<p><span style=\"font-size: 14pt;\"><b><span style=\"font-family: Figtree; font-size: 18pt;\">Secr\u00e9tariat logistique<\/span><br><\/b><\/span><\/p>\n<p style=\"line-height: 1.25;\"><span style=\"font-family: Figtree;\">Mme Ingrid Vogel<\/span><br><span style=\"font-family: Figtree;\">Centre du jeu excessif, Service de m\u00e9decine des addictions, DP-CHUV<\/span><br><span style=\"font-family: Figtree;\">Avenue de Morges 40<\/span><br><span style=\"font-family: Figtree;\">CH-1004 Lausanne<\/span><br><span style=\"font-family: Figtree;\">T +41 (0)21 314 92 07<\/span><br><span style=\"font-family: Figtree;\">ingrid.vogel@chuv.ch<\/span><br><span style=\"font-family: Figtree;\">www.jeu-excessif.ch<\/span><\/p><\/div><\/div><\/div><\/div><\/div><\/div><\/div><\/div>","protected":false},"excerpt":{"rendered":"<p>&nbsp; &nbsp; Contacts&nbsp; Secr\u00e9tariat scientifique Dr Olivier SimonCentre du jeu excessif, Service de m\u00e9decine des addictions, DP-CHUVAvenue de Morges 40CH-1004 Lausanneolivier.simon@chuv.chwww.jeu-excessif.ch&nbsp; Secr\u00e9tariat logistique Mme Ingrid VogelCentre du jeu excessif, Service de m\u00e9decine des addictions, DP-CHUVAvenue de Morges 40CH-1004 LausanneT +41 (0)21 314 92 07ingrid.vogel@chuv.chwww.jeu-excessif.ch<\/p>\n","protected":false},"author":1,"featured_media":0,"parent":0,"menu_order":0,"comment_status":"closed","ping_status":"closed","template":"","meta":{"footnotes":""},"class_list":["post-51","page","type-page","status-publish","hentry"],"_links":{"self":[{"href":"https:\/\/gambling-problems-sympo.ch\/fr\/wp-json\/wp\/v2\/pages\/51","targetHints":{"allow":["GET"]}}],"collection":[{"href":"https:\/\/gambling-problems-sympo.ch\/fr\/wp-json\/wp\/v2\/pages"}],"about":[{"href":"https:\/\/gambling-problems-sympo.ch\/fr\/wp-json\/wp\/v2\/types\/page"}],"author":[{"embeddable":true,"href":"https:\/\/gambling-problems-sympo.ch\/fr\/wp-json\/wp\/v2\/users\/1"}],"replies":[{"embeddable":true,"href":"https:\/\/gambling-problems-sympo.ch\/fr\/wp-json\/wp\/v2\/comments?post=51"}],"version-history":[{"count":30,"href":"https:\/\/gambling-problems-sympo.ch\/fr\/wp-json\/wp\/v2\/pages\/51\/revisions"}],"predecessor-version":[{"id":2468,"href":"https:\/\/gambling-problems-sympo.ch\/fr\/wp-json\/wp\/v2\/pages\/51\/revisions\/2468"}],"wp:attachment":[{"href":"https:\/\/gambling-problems-sympo.ch\/fr\/wp-json\/wp\/v2\/media?parent=51"}],"curies":[{"name":"wp","href":"https:\/\/api.w.org\/{rel}","templated":true}]}}