{"id":53,"date":"2023-09-15T05:10:16","date_gmt":"2023-09-15T05:10:16","guid":{"rendered":"https:\/\/gambling-problems-sympo.ch\/?page_id=53"},"modified":"2025-01-19T08:55:30","modified_gmt":"2025-01-19T08:55:30","slug":"partenaires","status":"publish","type":"page","link":"https:\/\/gambling-problems-sympo.ch\/fr\/partenaires\/","title":{"rendered":"Partenaires"},"content":{"rendered":"<div class=\"vce-row-container\"><div class=\"vce-row vce-element--has-background vce-row--col-gap-30 banner vce-row-equal-height vce-row-content--top\" data-vce-full-width=\"true\" id=\"el-4940d61a\" data-vce-do-apply=\"all el-4940d61a\"><div class=\"vce-content-background-container\"><div class=\"vce-asset-background-simple-container vce-visible-all-only vce-asset-background-simple--style-cover vce-asset-background-simple--position-left-bottom\"><div class=\"vce-asset-background-simple\">\n              <div class=\"vce-asset-background-simple-item vcv-lozad\" data-background-image=\"https:\/\/gambling-problems-sympo.ch\/wp-content\/uploads\/2024\/10\/image_sympo_copie_MaudeRion_small-scaled.jpg\"><\/div>\n              <noscript>\n                <div class=\"vce-asset-background-simple-item\" style=\"background-image: url(https:\/\/gambling-problems-sympo.ch\/wp-content\/uploads\/2024\/10\/image_sympo_copie_MaudeRion_small-scaled.jpg)\"><\/div>\n              <\/noscript>\n            <\/div><\/div><\/div><div class=\"vce-row-content\" data-vce-element-content=\"true\"><div class=\"vce-col vce-col--md-auto vce-col--xs-1 vce-col--xs-last vce-col--xs-first vce-col--sm-last vce-col--sm-first vce-col--md-last vce-col--lg-last vce-col--xl-last vce-col--md-first vce-col--lg-first vce-col--xl-first\" id=\"el-cb2afa0f\"><div class=\"vce-col-inner\" data-vce-do-apply=\"border margin background  el-cb2afa0f\"><div class=\"vce-col-content\" data-vce-element-content=\"true\" data-vce-do-apply=\"padding el-cb2afa0f\"><div><\/div><\/div><\/div><\/div><\/div><\/div><\/div><div class=\"vce-row-container\" data-vce-boxed-width=\"true\"><div class=\"vce-row vce-row--col-gap-30 vce-row-equal-height vce-row-content--top\" id=\"el-1492b35b\" data-vce-do-apply=\"all el-1492b35b\"><div class=\"vce-row-content\" data-vce-element-content=\"true\"><div class=\"vce-col vce-col--md-auto vce-col--xs-1 vce-col--xs-last vce-col--xs-first vce-col--sm-last vce-col--sm-first vce-col--md-last vce-col--lg-last vce-col--xl-last vce-col--md-first vce-col--lg-first vce-col--xl-first\" id=\"el-681c5f8c\"><div class=\"vce-col-inner\" data-vce-do-apply=\"border margin background  el-681c5f8c\"><div class=\"vce-col-content\" data-vce-element-content=\"true\" data-vce-do-apply=\"padding el-681c5f8c\"><div class=\"vce-text-block\"><div class=\"vce-text-block-wrapper vce\" id=\"el-db09433d\" data-vce-do-apply=\"all el-db09433d\"><div class=\"page\" title=\"Page 2\">\n<div class=\"section\">\n<div class=\"layoutArea\">\n<div class=\"column\">\n<div class=\"vce-row-container\" data-vce-boxed-width=\"true\">\n<div id=\"el-1492b35b\" class=\"vce-row vce-row--col-gap-30 vce-row-equal-height vce-row-content--top\" data-vce-do-apply=\"all el-1492b35b\">\n<div class=\"vce-row-content\" data-vce-element-content=\"true\">\n<div id=\"el-681c5f8c\" class=\"vce-col vce-col--md-auto vce-col--xs-1 vce-col--xs-last vce-col--xs-first vce-col--sm-last vce-col--sm-first vce-col--md-last vce-col--lg-last vce-col--xl-last vce-col--md-first vce-col--lg-first vce-col--xl-first\">\n<div class=\"vce-col-inner\" data-vce-do-apply=\"border margin background  el-681c5f8c\">\n<div class=\"vce-col-content\" data-vce-element-content=\"true\" data-vce-do-apply=\"padding el-681c5f8c\">\n<div class=\"vce-text-block\">\n<div id=\"el-db09433d\" class=\"vce-text-block-wrapper vce\" data-vce-do-apply=\"all el-db09433d\">\n<div class=\"page\" title=\"Page 2\">\n<div class=\"section\">\n<div class=\"layoutArea\">\n<p class=\"column\"><span style=\"font-family: Figtree; font-weight: 900; font-style: normal; font-size: 36pt;\">Soutiens financiers<\/span><\/p>\n<ul>\n<li><span style=\"font-family: Figtree;\">Bundesamt f\u00fcr Gesundheit (BAG) \/ Office f\u00e9d\u00e9ral de la sant\u00e9 publique (OFSP)<\/span><\/li>\n<li><span style=\"font-family: Figtree;\">Interkantonales Programm Gl\u00fccksspielsuchtpr\u00e4vention Nordwest-, Ost-, und Innerschweiz<\/span><\/li>\n<li><span style=\"font-family: Figtree;\">Kanton Zurich<\/span><\/li>\n<li><span style=\"font-family: Figtree;\">Programme intercantonal de lutte contre la d\u00e9pendance au jeu (PILDJ)<\/span><\/li>\n<li><span style=\"font-family: Figtree;\">Repubblica e Cantone Ticino<\/span><\/li>\n<li><span style=\"font-family: Figtree;\">Spielen ohne Sucht<\/span><\/li>\n<li><span style=\"font-family: Figtree;\">Sucht Schweiz \u2013 Addiction Suisse<\/span><\/li>\n<\/ul>\n<p>&nbsp;<\/p>\n<h1><span style=\"font-size: 36pt; font-family: Figtree; font-weight: 900; font-style: normal;\">Partenaires<\/span><\/h1>\n<ul>\n<li><span style=\"font-family: Figtree;\">Acad\u00e9mie Suisse des Sciences M\u00e9dicales (ASSM)<\/span><\/li>\n<li><span style=\"font-family: Figtree;\">Fondation Addiction Neuch\u00e2tel<\/span><\/li>\n<li><span style=\"font-family: Figtree;\">Association vaudoise de m\u00e9decins concern\u00e9s par les addictions (AVMCA)<\/span><\/li>\n<li><span style=\"font-family: Figtree;\">Azzardo e nuove dipendenze, Italia<\/span><\/li>\n<li><span style=\"font-family: Figtree;\">Coll\u00e8ge romand de m\u00e9decine de l\u2019addiction (CoRoMA)<\/span><\/li>\n<li><span style=\"font-family: Figtree;\">Fachverband Sucht<\/span><\/li>\n<li><span style=\"font-family: Figtree;\">F\u00e9d\u00e9ration addictions, France<\/span><\/li>\n<li><span style=\"font-family: Figtree;\">Forum Suchtmedizin Innerschweiz (FOSUMIS)<\/span><\/li>\n<li><span style=\"font-family: Figtree;\">Forum Suchtmedizin Ostschweiz (FOSUMOS)<\/span><\/li>\n<li><span style=\"font-family: Figtree;\">Groupement romand d\u2019\u00e9tudes des addictions (GREA)<\/span><\/li>\n<li><span style=\"font-family: Figtree;\">Infodrog<\/span><\/li>\n<li><span style=\"font-family: Figtree;\">Istituto di Ricerca sul Gioco d'Azzardo (IRGA)<\/span><\/li>\n<li><span style=\"font-family: Figtree;\">Praticien Addiction Suisse \/ Praxis Suchtmedizin Schweiz<\/span><\/li>\n<li><span style=\"font-family: Figtree;\">Programme intercantonal de lutte contre la d\u00e9pendance au jeu (PILDJ)<\/span><\/li>\n<li><span style=\"font-family: Figtree;\">Spielen ohne Sucht<\/span><\/li>\n<li><span style=\"font-family: Figtree;\">Soci\u00e9t\u00e9 Suisse de M\u00e9decine de l'Addiction (SSMA)<\/span><\/li>\n<li><span style=\"font-family: Figtree;\">Zentrum f\u00fcr Spielsucht, RADIX Z\u00fcrich<\/span><\/li>\n<\/ul>\n<\/div>\n<\/div>\n<\/div>\n<\/div>\n<\/div>\n<\/div>\n<\/div>\n<\/div>\n<\/div>\n<\/div>\n<\/div>\n<\/div>\n<\/div>\n<\/div>\n<\/div><\/div><\/div><\/div><\/div><\/div><\/div><\/div><\/div>","protected":false},"excerpt":{"rendered":"<p>Soutiens financiers Bundesamt f\u00fcr Gesundheit (BAG) \/ Office f\u00e9d\u00e9ral de la sant\u00e9 publique (OFSP) Interkantonales Programm Gl\u00fccksspielsuchtpr\u00e4vention Nordwest-, Ost-, und Innerschweiz Kanton Zurich Programme intercantonal de lutte contre la d\u00e9pendance au jeu (PILDJ) Repubblica e Cantone Ticino Spielen ohne Sucht Sucht Schweiz \u2013 Addiction Suisse &nbsp; Partenaires Acad\u00e9mie Suisse des Sciences M\u00e9dicales (ASSM) Fondation Addiction [&hellip;]<\/p>\n","protected":false},"author":1,"featured_media":0,"parent":0,"menu_order":0,"comment_status":"closed","ping_status":"closed","template":"","meta":{"footnotes":""},"class_list":["post-53","page","type-page","status-publish","hentry"],"_links":{"self":[{"href":"https:\/\/gambling-problems-sympo.ch\/fr\/wp-json\/wp\/v2\/pages\/53","targetHints":{"allow":["GET"]}}],"collection":[{"href":"https:\/\/gambling-problems-sympo.ch\/fr\/wp-json\/wp\/v2\/pages"}],"about":[{"href":"https:\/\/gambling-problems-sympo.ch\/fr\/wp-json\/wp\/v2\/types\/page"}],"author":[{"embeddable":true,"href":"https:\/\/gambling-problems-sympo.ch\/fr\/wp-json\/wp\/v2\/users\/1"}],"replies":[{"embeddable":true,"href":"https:\/\/gambling-problems-sympo.ch\/fr\/wp-json\/wp\/v2\/comments?post=53"}],"version-history":[{"count":23,"href":"https:\/\/gambling-problems-sympo.ch\/fr\/wp-json\/wp\/v2\/pages\/53\/revisions"}],"predecessor-version":[{"id":2473,"href":"https:\/\/gambling-problems-sympo.ch\/fr\/wp-json\/wp\/v2\/pages\/53\/revisions\/2473"}],"wp:attachment":[{"href":"https:\/\/gambling-problems-sympo.ch\/fr\/wp-json\/wp\/v2\/media?parent=53"}],"curies":[{"name":"wp","href":"https:\/\/api.w.org\/{rel}","templated":true}]}}